{"id":94,"date":"2025-05-18T13:02:00","date_gmt":"2025-05-18T13:02:00","guid":{"rendered":"https:\/\/vothaonhu.id.vn\/?post_type=product&#038;p=94"},"modified":"2025-06-10T07:03:42","modified_gmt":"2025-06-10T07:03:42","slug":"camera-ip-wifi-c6n-2mp","status":"publish","type":"product","link":"https:\/\/vothaonhu.id.vn\/index.php\/product\/camera-ip-wifi-c6n-2mp\/","title":{"rendered":"Camera IP Wifi C6N 2MP,Ph\u00e1t hi\u1ec7n chuy\u1ec3n \u0111\u1ed9ng"},"content":{"rendered":"<p><strong>CAMERA EZVIZ C6N<\/strong><\/p>\n<p><strong>Camera wifi Ezviz C6N\u00a0<\/strong>quay 360 \u0111\u1ed9 cung c\u1ea5p video FULLHD 1080p r\u00f5 n\u00e9t, \u0111\u00e0m tho\u1ea1i 2 chi\u1ec1u, h\u1ed3ng ngo\u1ea1i ban \u0111\u00eam l\u00ean \u0111\u1ebfn 10m, \u0111\u00e8n led 5m<\/p>\n<p>S\u1ea3n ph\u1ea9m Camera Ezviz C6N r\u1ea5t th\u00edch h\u1ee3p \u0111\u1ec3 l\u1eafp \u0111\u1eb7t t\u1ea1i nh\u00e0 ri\u00eang, v\u0103n ph\u00f2ng, c\u1eeda h\u00e0ng, \u2026tr\u00f4ng tr\u1ebb\u2026.<\/p>\n<p><img loading=\"lazy\" decoding=\"async\" class=\"alignnone wp-image-613\" src=\"https:\/\/phuongnganphat.com\/wp-content\/uploads\/2019\/05\/1-1.jpg\" sizes=\"auto, (max-width: 765px) 100vw, 765px\" srcset=\"https:\/\/phuongnganphat.com\/wp-content\/uploads\/2019\/05\/1-1.jpg 768w, https:\/\/phuongnganphat.com\/wp-content\/uploads\/2019\/05\/1-1-600x355.jpg 600w, https:\/\/phuongnganphat.com\/wp-content\/uploads\/2019\/05\/1-1-677x400.jpg 677w\" alt=\"\" width=\"765\" height=\"452\" \/><\/p>\n<ul>\n<li>Camera Ezviz C6N c\u00f3 kh\u1ea3 n\u0103ng quay qu\u00e9t v\u1edbi chi\u1ec1u ngang 340\u00b0, 120\u00b0 theo chi\u1ec1u d\u1ecdc.<\/li>\n<\/ul>\n<p><img loading=\"lazy\" decoding=\"async\" class=\"alignnone size-full wp-image-614\" src=\"https:\/\/phuongnganphat.com\/wp-content\/uploads\/2019\/05\/1-2.jpg\" sizes=\"auto, (max-width: 767px) 100vw, 767px\" srcset=\"https:\/\/phuongnganphat.com\/wp-content\/uploads\/2019\/05\/1-2.jpg 767w, https:\/\/phuongnganphat.com\/wp-content\/uploads\/2019\/05\/1-2-600x399.jpg 600w, https:\/\/phuongnganphat.com\/wp-content\/uploads\/2019\/05\/1-2-602x400.jpg 602w\" alt=\"\" width=\"767\" height=\"510\" \/><\/p>\n<ul>\n<li>Khi ph\u00e1t hi\u1ec7n chuy\u1ec3n \u0111\u1ed9ng EZVIZ C6N t\u1ef1 \u0111\u1ed9ng ch\u1ee5p h\u00ecnh v\u00e0 theo d\u00f5i chuy\u1ec3n \u0111\u1ed9ng<\/li>\n<li>Tin nh\u1eafn c\u1ea3nh b\u00e1o chuy\u1ec3n \u0111\u1ed9ng ch\u00ednh x\u00e1c s\u1ebd \u0111\u01b0\u1ee3c g\u1eedi v\u1ec1 ph\u1ea7n m\u1ec1m Ezviz tr\u00ean \u0111i\u1ec7n tho\u1ea1i<\/li>\n<\/ul>\n<p><img loading=\"lazy\" decoding=\"async\" class=\"alignnone size-full wp-image-615\" src=\"https:\/\/phuongnganphat.com\/wp-content\/uploads\/2019\/05\/1-10.jpg\" sizes=\"auto, (max-width: 667px) 100vw, 667px\" srcset=\"https:\/\/phuongnganphat.com\/wp-content\/uploads\/2019\/05\/1-10.jpg 667w, https:\/\/phuongnganphat.com\/wp-content\/uploads\/2019\/05\/1-10-600x479.jpg 600w, https:\/\/phuongnganphat.com\/wp-content\/uploads\/2019\/05\/1-10-502x400.jpg 502w\" alt=\"\" width=\"667\" height=\"532\" \/><\/p>\n<ul>\n<li>M\u00e0n tr\u1eadp ri\u00eang t\u01b0 \u0111\u01b0\u1ee3c thi\u1ebft k\u1ebf cho ph\u00e9p b\u1ea1n t\u1eaft \u1ed1ng k\u00ednh b\u1ea5t c\u1ee9 khi n\u00e0o b\u1ea1n c\u1ea7n<\/li>\n<\/ul>\n<p><img loading=\"lazy\" decoding=\"async\" class=\"size-full wp-image-616 aligncenter\" src=\"https:\/\/phuongnganphat.com\/wp-content\/uploads\/2019\/05\/1-5.jpg\" alt=\"\" width=\"531\" height=\"371\" \/><\/p>\n<ul>\n<li>M\u00e0u s\u1eafc trung th\u1ef1c, h\u00ecnh \u1ea3nh s\u1eafc n\u00e9t, h\u1ed7 tr\u1ee3 zoom k\u1ef9 thu\u1eadt s\u1ed1 4x<\/li>\n<li>EZVIZ C6N \u0111\u01b0\u1ee3c trang b\u1ecb \u0111\u00e8n h\u1ed3ng ngo\u1ea1i m\u1ea1nh m\u1ebd v\u1edbi ph\u1ea1m vi l\u00ean \u0111\u1ebfn 10 m\u00e9t (t\u00f9y thu\u1ed9c v\u00e0o m\u00f4i tr\u01b0\u1eddng).<\/li>\n<\/ul>\n<p><img loading=\"lazy\" decoding=\"async\" class=\"alignnone size-full wp-image-618\" src=\"https:\/\/phuongnganphat.com\/wp-content\/uploads\/2019\/05\/1-7.jpg\" sizes=\"auto, (max-width: 960px) 100vw, 960px\" srcset=\"https:\/\/phuongnganphat.com\/wp-content\/uploads\/2019\/05\/1-7.jpg 960w, https:\/\/phuongnganphat.com\/wp-content\/uploads\/2019\/05\/1-7-600x254.jpg 600w, https:\/\/phuongnganphat.com\/wp-content\/uploads\/2019\/05\/1-7-800x338.jpg 800w, https:\/\/phuongnganphat.com\/wp-content\/uploads\/2019\/05\/1-7-768x325.jpg 768w\" alt=\"\" width=\"960\" height=\"406\" \/><\/p>\n<ul>\n<li>T\u1ef1 \u0111\u1ed9ng chuy\u1ec3n gi\u1eefa ch\u1ebf \u0111\u1ed9 ng\u00e0y v\u00e0 \u0111\u00eam.<\/li>\n<li>\u0110\u00e0m tho\u1ea1i 2 chi\u1ec1u, th\u1eddi gian th\u1ef1c: Khi b\u1ea1n \u0111ang \u1edf xa nh\u00e0 v\u00e0 mu\u1ed1n n\u00f3i chuy\u1ec7n v\u1edbi nh\u1eefng ng\u01b0\u1eddi y\u00eau th\u01b0\u01a1ng, v\u1edbi \u0111\u00e0m tho\u1ea1i 2 chi\u1ec1u. Ch\u1ec9 c\u1ea7n nh\u1ea5n n\u00fat tr\u00ean \u1ee9ng d\u1ee5ng EZVIZ v\u00e0 C6N s\u1ebd gi\u00fap b\u1ea1n th\u1ef1c hi\u1ec7n ph\u1ea7n c\u00f2n l\u1ea1i.<\/li>\n<\/ul>\n<p><img loading=\"lazy\" decoding=\"async\" class=\"size-full wp-image-617 aligncenter\" src=\"https:\/\/phuongnganphat.com\/wp-content\/uploads\/2019\/05\/1-8.jpg\" sizes=\"auto, (max-width: 398px) 100vw, 398px\" srcset=\"https:\/\/phuongnganphat.com\/wp-content\/uploads\/2019\/05\/1-8.jpg 398w, https:\/\/phuongnganphat.com\/wp-content\/uploads\/2019\/05\/1-8-332x400.jpg 332w\" alt=\"\" width=\"398\" height=\"479\" \/><\/p>\n<ul>\n<li>EZVIZ C6N \u0111i k\u00e8m v\u1edbi \u0111\u1ebf g\u1eafn \u0111inh v\u00edt v\u00e0 h\u1ed7 tr\u1ee3 l\u1eadt h\u00ecnh \u1ea3nh cho ph\u00e9p l\u1eafp \u0111\u1eb7t tr\u00ean b\u00e0n ho\u1eb7c tr\u1ea7n t\u00f9y theo nhu c\u1ea7u c\u1ee7a b\u1ea1n.<\/li>\n<\/ul>\n<p><img loading=\"lazy\" decoding=\"async\" class=\"alignnone size-full wp-image-619\" src=\"https:\/\/phuongnganphat.com\/wp-content\/uploads\/2019\/05\/1-9.jpg\" sizes=\"auto, (max-width: 777px) 100vw, 777px\" srcset=\"https:\/\/phuongnganphat.com\/wp-content\/uploads\/2019\/05\/1-9.jpg 777w, https:\/\/phuongnganphat.com\/wp-content\/uploads\/2019\/05\/1-9-600x212.jpg 600w, https:\/\/phuongnganphat.com\/wp-content\/uploads\/2019\/05\/1-9-768x272.jpg 768w\" alt=\"\" width=\"777\" height=\"275\" \/><\/p>\n<p><strong>B\u1ed9 Camera C6N 2MP g\u1ed3m:<\/strong><\/p>\n<ul>\n<li>1 Camera Ezviz C6N 2MP<\/li>\n<li>1 B\u1ed9 \u1ed1c v\u00edt, h\u1ed9p nh\u1ef1a g\u1eafn camera<\/li>\n<li>1 Adapter<\/li>\n<li>1 quy\u1ec3n s\u1ed5 h\u01b0\u1edbng d\u1eabn<\/li>\n<li>02 m\u00e9t d\u00e2y \u0111i\u1ec7n<\/li>\n<\/ul>\n<p><strong>H\u01b0\u1edbng d\u1eabn t\u1ea3i \u1ee9ng d\u1ee5ng v\u00e0 c\u00e0i \u0111\u1eb7t camera Ezviz<\/strong><\/p>\n<p><strong>B\u01b0\u1edbc 1 :\u00a0<\/strong>T\u1ea3i \u1ee9ng d\u1ee5ng\u00a0\u00a0<img loading=\"lazy\" decoding=\"async\" class=\"wp-image-3152 alignnone\" src=\"https:\/\/phuongnganphat.com\/wp-content\/uploads\/2021\/06\/LOGO-EZVIZ.png\" sizes=\"auto, (max-width: 104px) 100vw, 104px\" srcset=\"https:\/\/phuongnganphat.com\/wp-content\/uploads\/2021\/06\/LOGO-EZVIZ.png 200w, https:\/\/phuongnganphat.com\/wp-content\/uploads\/2021\/06\/LOGO-EZVIZ-24x8.png 24w, https:\/\/phuongnganphat.com\/wp-content\/uploads\/2021\/06\/LOGO-EZVIZ-36x12.png 36w, https:\/\/phuongnganphat.com\/wp-content\/uploads\/2021\/06\/LOGO-EZVIZ-48x16.png 48w\" alt=\"\" width=\"104\" height=\"35\" \/>\u00a0 tr\u00ean\u00a0<strong>Android<\/strong>\u00a0ho\u1eb7c\u00a0<strong>IOS<\/strong><\/p>\n<p><strong>B\u01b0\u1edbc 2 :\u00a0<\/strong>M\u1edf App v\u00e0 \u0111\u0103ng k\u00fd t\u00e0i kho\u1ea3n b\u1eb1ng s\u1ed1 \u0111i\u1ec7n tho\u1ea1i<\/p>\n<p>+ B\u1ea5m \u0110\u0103ng K\u00fd &gt; Ch\u1ecdn \u0110\u0103ng k\u00fd b\u1eb1ng s\u1ed1 \u0111i\u1ec7n tho\u1ea1i di \u0111\u1ed9ng &gt; Ch\u1ecdn V\u00f9ng: Vi\u1ec7t Nam (+84) &gt; Nh\u1eadp s\u1ed1 \u0111i\u1ec7n tho\u1ea1i (b\u1ecf s\u1ed1 0 \u0111\u1ea7u) &gt; T\u1ea1o M\u1eadt kh\u1ea9u<\/p>\n<p><strong>B\u01b0\u1edbc 3 : Qu\u00e9t m\u00e3 QR tr\u00ean thi\u1ebft b\u1ecb,\u00a0<\/strong>l\u00e0m theo h\u01b0\u1edbng d\u1eabn &gt; K\u1ebft n\u1ed1i WiFi cho thi\u1ebft b\u1ecb v\u00e0 \u0111\u1ee3i cho \u0111\u1ebfn khi c\u1ea5u h\u00ecnh ho\u00e0n t\u1ea5t.<\/p>\n<p><strong>B\u01b0\u1edbc 4 :\u00a0<\/strong>Kh\u1edfi t\u1ea1o th\u1ebb nh\u1edb.<\/p>\n<p>Camera Ezviz C6N 2MP \u0111\u00e3 l\u00ean h\u00ecnh th\u00e0nh c\u00f4ng &gt; Ti\u1ebfn h\u00e0nh ch\u1ec9nh g\u00f3c quay h\u1ee3p l\u00fd l\u00e0 ho\u00e0n t\u1ea5t.<\/p>\n","protected":false},"excerpt":{"rendered":"<div class=\"single_bao-hanh\">B\u1ea3o h\u00e0nh:\u00a0<strong>12 Th\u00e1ng<\/strong><\/div>\n","protected":false},"featured_media":95,"comment_status":"open","ping_status":"closed","template":"","meta":[],"product_brand":[],"product_cat":[20],"product_tag":[],"class_list":{"0":"post-94","1":"product","2":"type-product","3":"status-publish","4":"has-post-thumbnail","6":"product_cat-camera-quan-sat","8":"first","9":"instock","10":"taxable","11":"shipping-taxable","12":"purchasable","13":"product-type-simple"},"_links":{"self":[{"href":"https:\/\/vothaonhu.id.vn\/index.php\/wp-json\/wp\/v2\/product\/94","targetHints":{"allow":["GET"]}}],"collection":[{"href":"https:\/\/vothaonhu.id.vn\/index.php\/wp-json\/wp\/v2\/product"}],"about":[{"href":"https:\/\/vothaonhu.id.vn\/index.php\/wp-json\/wp\/v2\/types\/product"}],"replies":[{"embeddable":true,"href":"https:\/\/vothaonhu.id.vn\/index.php\/wp-json\/wp\/v2\/comments?post=94"}],"wp:featuredmedia":[{"embeddable":true,"href":"https:\/\/vothaonhu.id.vn\/index.php\/wp-json\/wp\/v2\/media\/95"}],"wp:attachment":[{"href":"https:\/\/vothaonhu.id.vn\/index.php\/wp-json\/wp\/v2\/media?parent=94"}],"wp:term":[{"taxonomy":"product_brand","embeddable":true,"href":"https:\/\/vothaonhu.id.vn\/index.php\/wp-json\/wp\/v2\/product_brand?post=94"},{"taxonomy":"product_cat","embeddable":true,"href":"https:\/\/vothaonhu.id.vn\/index.php\/wp-json\/wp\/v2\/product_cat?post=94"},{"taxonomy":"product_tag","embeddable":true,"href":"https:\/\/vothaonhu.id.vn\/index.php\/wp-json\/wp\/v2\/product_tag?post=94"}],"curies":[{"name":"wp","href":"https:\/\/api.w.org\/{rel}","templated":true}]}}