{"id":577,"date":"2025-06-06T09:12:07","date_gmt":"2025-06-06T09:12:07","guid":{"rendered":"https:\/\/vothaonhu.id.vn\/?post_type=product&#038;p=577"},"modified":"2025-06-09T15:16:31","modified_gmt":"2025-06-09T15:16:31","slug":"ban-phim-co-bluetooth-akko-mod007b-he-pc-joy-of-life","status":"publish","type":"product","link":"https:\/\/vothaonhu.id.vn\/index.php\/product\/ban-phim-co-bluetooth-akko-mod007b-he-pc-joy-of-life\/","title":{"rendered":"B\u00e0n Ph\u00edm C\u01a1 Bluetooth Akko MOD007B-HE PC"},"content":{"rendered":"<h3><a href=\"https:\/\/www.thegioididong.com\/ban-phim\/ban-phim-co-bluetooth-akko-mod007b-he-pc-joy-of-life\" target=\"_blank\" title=\"Tham kh\u1ea3o B\u00e0n ph\u00edm C\u01a1 Bluetooth Akko MOD007B-HE PC Joy of Life t\u1ea1i thegioididong.com\" rel=\"noopener\">B\u00e0n ph\u00edm c\u01a1 Bluetooth Akko MOD007B-HE PC Joy of Life<\/a>\u00a0l\u00e0 m\u1ed9t l\u1ef1a ch\u1ecdn ho\u00e0n h\u1ea3o cho nh\u1eefng ai y\u00eau th\u00edch s\u1ef1 k\u1ebft h\u1ee3p gi\u1eefa thi\u1ebft k\u1ebf tinh t\u1ebf v\u00e0 hi\u1ec7u su\u1ea5t m\u1ea1nh m\u1ebd. V\u1edbi gam m\u00e0u xanh c\u1ed5 \u0111i\u1ec3n, l\u1ea5y c\u1ea3m h\u1ee9ng t\u1eeb b\u1ed9 phim &#8220;Kh\u00e1nh D\u01b0 Ni\u00ean&#8221;, s\u1ea3n ph\u1ea9m mang \u0111\u1ebfn v\u1ebb \u0111\u1eb9p v\u1eeba ho\u00e0i c\u1ed5 v\u1eeba hi\u1ec7n \u0111\u1ea1i.<\/h3>\n<h3>Hi\u1ec7u su\u1ea5t t\u1ed1t, ph\u1ea3n h\u1ed3i nhanh v\u1edbi switch t\u1eeb t\u00ednh<\/h3>\n<p>M\u1ed9t trong nh\u1eefng \u0111i\u1ec3m n\u1ed5i b\u1eadt nh\u1ea5t c\u1ee7a<span>\u00a0<\/span><a href=\"https:\/\/www.thegioididong.com\/ban-phim-gaming\" target=\"_blank\" title=\"Tham kh\u1ea3o s\u1ea3n ph\u1ea9m b\u00e0n ph\u00edm gaming \u0111ang kinh doanh t\u1ea1i Th\u1ebf Gi\u1edbi Di \u0110\u1ed9ng \" rel=\"noopener\">b\u00e0n ph\u00edm gaming<\/a><span>\u00a0<\/span>n\u00e0y ch\u00ednh l\u00e0 s\u1eed d\u1ee5ng Akko Cream Yellow Magnetic Switch. \u0110\u00e2y l\u00e0 lo\u1ea1i switch \u00e1p d\u1ee5ng nguy\u00ean l\u00fd \u0111i\u1ec7n t\u1eeb v\u1edbi c\u1ea3m bi\u1ebfn hi\u1ec7u \u1ee9ng Hall, cho ph\u00e9p ng\u01b0\u1eddi d\u00f9ng \u0111i\u1ec1u ch\u1ec9nh \u0111\u1ed9 nh\u1ea1y ph\u00edm v\u1edbi sai s\u1ed1 ch\u1ec9 0.1 mm, h\u1ed7 tr\u1ee3 c\u00e1c thao t\u00e1c nh\u1ea5n c\u1ee7a ng\u01b0\u1eddi d\u00f9ng tr\u1edf n\u00ean ch\u00ednh x\u00e1c h\u01a1n.<\/p>\n<p><a href=\"https:\/\/www.thegioididong.com\/ban-phim\/ban-phim-co-bluetooth-akko-mod007b-he-pc-joy-of-life?utm_flashsale=1\" target=\"_blank\" rel=\"noopener\"><\/a><a class=\"preventdefault\" href=\"https:\/\/cdnv2.tgdd.vn\/mwg-static\/dmx\/Products\/Images\/4547\/331863\/ban-phim-co-bluetooth-akko-mod007b-he-pc-joy-of-life-23-638751497595111662.jpg\" onclick=\"return false;\" target=\"_blank\" rel=\"noopener\"><img decoding=\"async\" alt=\"B\u00e0n ph\u00edm C\u01a1 Bluetooth Akko MOD007B-HE PC Joy of Life - Akko Cream Yellow Magnetic Switch\" data-src=\"https:\/\/cdnv2.tgdd.vn\/mwg-static\/dmx\/Products\/Images\/4547\/331863\/ban-phim-co-bluetooth-akko-mod007b-he-pc-joy-of-life-23-638751497595111662.jpg\" class=\" lazyloaded\" title=\"B\u00e0n ph\u00edm C\u01a1 Bluetooth Akko MOD007B-HE PC Joy of Life - Akko Cream Yellow Magnetic Switch\" src=\"https:\/\/cdnv2.tgdd.vn\/mwg-static\/dmx\/Products\/Images\/4547\/331863\/ban-phim-co-bluetooth-akko-mod007b-he-pc-joy-of-life-23-638751497595111662.jpg\" \/><\/a><\/p>\n<p>Kh\u00f4ng gi\u1ed1ng nh\u01b0 c\u00e1c lo\u1ea1i switch truy\u1ec1n th\u1ed1ng, switch t\u1eeb t\u00ednh n\u00e0y kh\u00f4ng c\u00f3 ti\u1ebfp x\u00fac c\u01a1 h\u1ecdc, nh\u1edd \u0111\u00f3 s\u1ea3n ph\u1ea9m s\u1ebd c\u00f3 tu\u1ed5i th\u1ecd cao h\u01a1n v\u00e0 gi\u1ea3m \u0111\u1ed9 hao m\u00f2n theo th\u1eddi gian. Ngo\u00e0i ra, c\u01a1 ch\u1ebf t\u1eeb t\u00ednh c\u00f2n gi\u00fap gi\u1ea3m thi\u1ec3u ti\u1ebfng \u1ed3n khi g\u00f5, mang \u0111\u1ebfn tr\u1ea3i nghi\u1ec7m m\u01b0\u1ee3t m\u00e0, ph\u00f9 h\u1ee3p cho c\u1ea3 kh\u00f4ng gian l\u00e0m vi\u1ec7c v\u00e0 ch\u01a1i game.<\/p>\n<h3>Thi\u1ebft k\u1ebf nh\u1ecf g\u1ecdn, tinh t\u1ebf<\/h3>\n<p>V\u1edbi thi\u1ebft k\u1ebf layout 75%, Akko MOD007B-HE PC c\u00f3 t\u1ed5ng c\u1ed9ng 82 ph\u00edm, gi\u00fap t\u1ed1i \u01b0u kh\u00f4ng gian l\u00e0m vi\u1ec7c m\u00e0 v\u1eabn \u0111\u1ea3m b\u1ea3o \u0111\u1ea7y \u0111\u1ee7 c\u00e1c ch\u1ee9c n\u0103ng quan tr\u1ecdng. Keycap c\u1ee7a\u00a0<a href=\"https:\/\/www.thegioididong.com\/ban-phim-khong-day\" target=\"_blank\" title=\"Tham kh\u1ea3o th\u00eam c\u00e1c m\u1eabu b\u00e0n ph\u00edm kh\u00f4ng d\u00e2y kh\u00e1c t\u1ea1i thegioididong.com\" rel=\"noopener\">b\u00e0n ph\u00edm kh\u00f4ng d\u00e2y<\/a>\u00a0\u0111\u01b0\u1ee3c l\u00e0m t\u1eeb ch\u1ea5t li\u1ec7u PBT v\u1edbi c\u00f4ng ngh\u1ec7 Dye-Sub, gi\u00fap c\u00e1c k\u00fd t\u1ef1 b\u1ec1n b\u1ec9 theo th\u1eddi gian, kh\u00f4ng b\u1ecb m\u1edd d\u00f9 s\u1eed d\u1ee5ng l\u00e2u d\u00e0i.<\/p>\n<p><a href=\"https:\/\/www.thegioididong.com\/ban-phim\/ban-phim-co-bluetooth-akko-mod007b-he-pc-joy-of-life?utm_flashsale=1\" target=\"_blank\" rel=\"noopener\"><\/a><a class=\"preventdefault\" href=\"https:\/\/cdnv2.tgdd.vn\/mwg-static\/dmx\/Products\/Images\/4547\/331863\/ban-phim-co-bluetooth-akko-mod007b-he-pc-joy-of-life-24-638751497606157198.jpg\" onclick=\"return false;\" target=\"_blank\" rel=\"noopener\"><img decoding=\"async\" alt=\"B\u00e0n ph\u00edm C\u01a1 Bluetooth Akko MOD007B-HE PC Joy of Life - Thi\u1ebft k\u1ebf nh\u1ecf g\u1ecdn, thu h\u00fat\" data-src=\"https:\/\/cdnv2.tgdd.vn\/mwg-static\/dmx\/Products\/Images\/4547\/331863\/ban-phim-co-bluetooth-akko-mod007b-he-pc-joy-of-life-24-638751497606157198.jpg\" class=\" lazyloaded\" title=\"B\u00e0n ph\u00edm C\u01a1 Bluetooth Akko MOD007B-HE PC Joy of Life - Thi\u1ebft k\u1ebf nh\u1ecf g\u1ecdn, thu h\u00fat\" src=\"https:\/\/cdnv2.tgdd.vn\/mwg-static\/dmx\/Products\/Images\/4547\/331863\/ban-phim-co-bluetooth-akko-mod007b-he-pc-joy-of-life-24-638751497606157198.jpg\" \/><\/a><\/p>\n<p>\u0110\u1eb7c bi\u1ec7t, profile Cherry c\u00f2n mang \u0111\u1ebfn tr\u1ea3i nghi\u1ec7m g\u00f5 t\u1ef1 nhi\u00ean, ph\u00f9 h\u1ee3p v\u1edbi nhi\u1ec1u \u0111\u1ed1i t\u01b0\u1ee3ng ng\u01b0\u1eddi d\u00f9ng t\u1eeb nh\u00e2n vi\u00ean v\u0103n ph\u00f2ng \u0111\u1ebfn game th\u1ee7 chuy\u00ean nghi\u1ec7p. Khung s\u1ea3n ph\u1ea9m \u0111\u01b0\u1ee3c l\u00e0m t\u1eeb h\u1ee3p kim nh\u00f4m CNC ch\u1ea5t l\u01b0\u1ee3ng, h\u1ed7 tr\u1ee3 t\u0103ng \u0111\u1ed9 b\u1ec1n v\u00e0 mang \u0111\u1ebfn v\u1ebb ngo\u00e0i sang tr\u1ecdng, tinh t\u1ebf, ph\u00f9 h\u1ee3p v\u1edbi \u0111a d\u1ea1ng phong c\u00e1ch s\u1eed d\u1ee5ng.<\/p>\n<h3>H\u1ec7 th\u1ed1ng \u0111\u00e8n LED RGB \u1ea5n t\u01b0\u1ee3ng<\/h3>\n<p>\u0110\u00e8n LED RGB \u0111\u01b0\u1ee3c trang b\u1ecb tr\u00ean\u00a0<a href=\"https:\/\/www.thegioididong.com\/ban-phim\" target=\"_blank\" title=\"Tham kh\u1ea3o th\u00eam c\u00e1c m\u1eabu b\u00e0n ph\u00edm kh\u00e1c t\u1ea1i thegioididong.com\" rel=\"noopener\">b\u00e0n ph\u00edm<\/a>\u00a0n\u00e0y kh\u00f4ng ch\u1ec9 \u0111\u1eb9p m\u1eaft m\u00e0 c\u00f2n v\u00f4 c\u00f9ng linh ho\u1ea1t. Theo \u0111\u00f3, thi\u1ebft b\u1ecb n\u00e0y h\u1ed7 tr\u1ee3 h\u01a1n 20 ch\u1ebf \u0111\u1ed9 \u0111\u00e8n n\u1ec1n c\u00e0i s\u1eb5n, cho ph\u00e9p ng\u01b0\u1eddi d\u00f9ng d\u1ec5 d\u00e0ng t\u00f9y ch\u1ec9nh hi\u1ec7u \u1ee9ng \u00e1nh s\u00e1ng th\u00f4ng qua ph\u1ea7n m\u1ec1m Akko Cloud Driver.<\/p>\n<p><a href=\"https:\/\/www.thegioididong.com\/ban-phim\/ban-phim-co-bluetooth-akko-mod007b-he-pc-joy-of-life?utm_flashsale=1\" target=\"_blank\" rel=\"noopener\"><\/a><a class=\"preventdefault\" href=\"https:\/\/cdnv2.tgdd.vn\/mwg-static\/dmx\/Products\/Images\/4547\/331863\/ban-phim-co-bluetooth-akko-mod007b-he-pc-joy-of-life-25-638751501207332462.jpg\" onclick=\"return false;\" target=\"_blank\" rel=\"noopener\"><img decoding=\"async\" alt=\"B\u00e0n ph\u00edm C\u01a1 Bluetooth Akko MOD007B-HE PC Joy of Life - \u0110\u00e8n LED RGB \u0111a d\u1ea1ng m\u00e0u s\u1eafc\" data-src=\"https:\/\/cdnv2.tgdd.vn\/mwg-static\/dmx\/Products\/Images\/4547\/331863\/ban-phim-co-bluetooth-akko-mod007b-he-pc-joy-of-life-25-638751501207332462.jpg\" class=\" lazyloaded\" title=\"B\u00e0n ph\u00edm C\u01a1 Bluetooth Akko MOD007B-HE PC Joy of Life - \u0110\u00e8n LED RGB \u0111a d\u1ea1ng m\u00e0u s\u1eafc\" src=\"https:\/\/cdnv2.tgdd.vn\/mwg-static\/dmx\/Products\/Images\/4547\/331863\/ban-phim-co-bluetooth-akko-mod007b-he-pc-joy-of-life-25-638751501207332462.jpg\" \/><\/a><\/p>\n<p>Th\u00eam n\u1eefa, ng\u01b0\u1eddi d\u00f9ng c\u00f2n c\u00f3 th\u1ec3 t\u1ef1 s\u00e1ng t\u1ea1o c\u00e1c hi\u1ec7u \u1ee9ng ri\u00eang v\u1edbi h\u01a1n 16 tri\u1ec7u m\u00e0u kh\u00e1c nhau, \u0111\u1ea3m b\u1ea3o c\u00e1 nh\u00e2n h\u00f3a t\u1ed1i \u0111a tr\u1ea3i nghi\u1ec7m s\u1eed d\u1ee5ng. \u0110\u1eb7c bi\u1ec7t, \u0111\u00e8n n\u1ec1n c\u00f3 \u0111\u1ed9 s\u00e1ng cao v\u00e0 hi\u1ec7u \u1ee9ng chuy\u1ec3n \u0111\u1ed9ng m\u01b0\u1ee3t m\u00e0, gi\u00fap t\u1ea1o ra kh\u00f4ng gian s\u1eed d\u1ee5ng \u0111\u1ea7y c\u1ea3m h\u1ee9ng khi l\u00e0m vi\u1ec7c v\u00e0o ban \u0111\u00eam ho\u1eb7c trong m\u00f4i tr\u01b0\u1eddng thi\u1ebfu s\u00e1ng.<\/p>\n<h3>C\u00f4ng ngh\u1ec7 ti\u00ean ti\u1ebfn h\u1ed7 tr\u1ee3 t\u1ed1i \u0111a cho game th\u1ee7<\/h3>\n<p>M\u1ed9t t\u00ednh n\u0103ng \u0111\u1eb7c bi\u1ec7t kh\u00e1c c\u1ee7a\u00a0<a href=\"https:\/\/www.thegioididong.com\/ban-phim-akko\" target=\"_blank\" title=\"Tham kh\u1ea3o th\u00eam c\u00e1c m\u1eabu b\u00e0n ph\u00edm Akko kh\u00e1c t\u1ea1i thegioididong.com\" rel=\"noopener\">b\u00e0n ph\u00edm Akko<\/a>\u00a0l\u00e0 Roar Mode \u2013 ch\u1ebf \u0111\u1ed9 gi\u00fap t\u0103ng t\u1ed1c \u0111\u1ed9 ph\u1ea3n h\u1ed3i c\u1ee7a ph\u00edm, c\u1ef1c k\u1ef3 h\u1eefu \u00edch trong c\u00e1c tr\u00f2 ch\u01a1i y\u00eau c\u1ea7u ph\u1ea3n x\u1ea1 nhanh. Khi k\u00edch ho\u1ea1t ch\u1ebf \u0111\u1ed9 n\u00e0y \u1edf ph\u1ea7n m\u1ec1m h\u1ed7 tr\u1ee3, \u0111\u00e8n LED s\u1ebd t\u1ef1 \u0111\u1ed9ng t\u1eaft \u0111\u1ec3 \u0111\u1ea3m b\u1ea3o t\u1ed1i \u01b0u hi\u1ec7u su\u1ea5t ho\u1ea1t \u0111\u1ed9ng.<\/p>\n<p><a href=\"https:\/\/www.thegioididong.com\/ban-phim\/ban-phim-co-bluetooth-akko-mod007b-he-pc-joy-of-life?utm_flashsale=1\" target=\"_blank\" rel=\"noopener\"><\/a><a class=\"preventdefault\" href=\"https:\/\/cdnv2.tgdd.vn\/mwg-static\/dmx\/Products\/Images\/4547\/331863\/ban-phim-co-bluetooth-akko-mod007b-he-pc-joy-of-life-21-638751497576578738.jpg\" onclick=\"return false;\" target=\"_blank\" rel=\"noopener\"><img decoding=\"async\" alt=\"B\u00e0n ph\u00edm C\u01a1 Bluetooth Akko MOD007B-HE PC Joy of Life - H\u1ed7 tr\u1ee3 nhi\u1ec1u t\u00ednh n\u0103ng thao t\u00e1c\" data-src=\"https:\/\/cdnv2.tgdd.vn\/mwg-static\/dmx\/Products\/Images\/4547\/331863\/ban-phim-co-bluetooth-akko-mod007b-he-pc-joy-of-life-21-638751497576578738.jpg\" class=\" lazyloaded\" title=\"B\u00e0n ph\u00edm C\u01a1 Bluetooth Akko MOD007B-HE PC Joy of Life - H\u1ed7 tr\u1ee3 nhi\u1ec1u t\u00ednh n\u0103ng thao t\u00e1c\" src=\"https:\/\/cdnv2.tgdd.vn\/mwg-static\/dmx\/Products\/Images\/4547\/331863\/ban-phim-co-bluetooth-akko-mod007b-he-pc-joy-of-life-21-638751497576578738.jpg\" \/><\/a><\/p>\n<p>Ngo\u00e0i ra, thi\u1ebft b\u1ecb c\u00f2n \u0111\u01b0\u1ee3c trang b\u1ecb Rapid Trigger, gi\u00fap ghi nh\u1eadn v\u00e0 ph\u1ea3n h\u1ed3i l\u1ec7nh ngay khi ph\u00edm \u0111\u01b0\u1ee3c nh\u1ea5n v\u00e0 nh\u1ea3 ra, gi\u00fap game th\u1ee7 FPS c\u00f3 l\u1ee3i th\u1ebf c\u1ea1nh tranh r\u00f5 r\u1ec7t trong c\u00e1c t\u1ef1a game c\u1ea7n \u0111\u1ed9 ch\u00ednh x\u00e1c cao.<\/p>\n<p>K\u1ebft h\u1ee3p v\u1edbi \u0111\u00f3 l\u00e0 c\u00f4ng ngh\u1ec7 Anti-Ghosting, \u0111\u1ea3m b\u1ea3o m\u1ecdi thao t\u00e1c \u0111\u01b0\u1ee3c th\u1ef1c hi\u1ec7n m\u1ed9t c\u00e1ch ch\u00ednh x\u00e1c, kh\u00f4ng b\u1ecb t\u00ecnh tr\u1ea1ng xung \u0111\u1ed9t ph\u00edm, gi\u00fap game th\u1ee7 ho\u00e0n to\u00e0n y\u00ean t\u00e2m khi tham gia nh\u1eefng tr\u1eadn \u0111\u1ea5u c\u0103ng th\u1eb3ng.<\/p>\n<h3>K\u1ebft n\u1ed1i linh ho\u1ea1t, pin b\u1ec1n b\u1ec9<\/h3>\n<p>Kh\u00f4ng ch\u1ec9 h\u1ed7 tr\u1ee3 k\u1ebft n\u1ed1i Bluetooth, b\u00e0n ph\u00edm c\u00f2n c\u00f3 th\u1ec3 k\u1ebft n\u1ed1i qua USB Receiver (\u0111\u1ea7u thu USB) v\u00e0 d\u00e2y USB Type-C. V\u1edbi kho\u1ea3ng c\u00e1ch k\u1ebft n\u1ed1i kh\u00f4ng d\u00e2y l\u00ean \u0111\u1ebfn 5m, ng\u01b0\u1eddi d\u00f9ng c\u00f3 th\u1ec3 linh ho\u1ea1t \u0111i\u1ec1u ch\u1ec9nh \u0111\u1ec3 ph\u00f9 h\u1ee3p v\u1edbi kh\u00f4ng gian l\u00e0m vi\u1ec7c.<\/p>\n<p><a href=\"https:\/\/www.thegioididong.com\/ban-phim\/ban-phim-co-bluetooth-akko-mod007b-he-pc-joy-of-life?utm_flashsale=1\" target=\"_blank\" rel=\"noopener\"><\/a><a class=\"preventdefault\" href=\"https:\/\/cdnv2.tgdd.vn\/mwg-static\/dmx\/Products\/Images\/4547\/331863\/ban-phim-co-bluetooth-akko-mod007b-he-pc-joy-of-life-22-638751497585602610.jpg\" onclick=\"return false;\" target=\"_blank\" rel=\"noopener\"><img decoding=\"async\" alt=\"B\u00e0n ph\u00edm C\u01a1 Bluetooth Akko MOD007B-HE PC Joy of Life - K\u1ebft n\u1ed1i \u0111a d\u1ea1ng h\u1ec7 \u0111i\u1ec1u h\u00e0nh\" data-src=\"https:\/\/cdnv2.tgdd.vn\/mwg-static\/dmx\/Products\/Images\/4547\/331863\/ban-phim-co-bluetooth-akko-mod007b-he-pc-joy-of-life-22-638751497585602610.jpg\" class=\" lazyloaded\" title=\"B\u00e0n ph\u00edm C\u01a1 Bluetooth Akko MOD007B-HE PC Joy of Life - K\u1ebft n\u1ed1i \u0111a d\u1ea1ng h\u1ec7 \u0111i\u1ec1u h\u00e0nh\" src=\"https:\/\/cdnv2.tgdd.vn\/mwg-static\/dmx\/Products\/Images\/4547\/331863\/ban-phim-co-bluetooth-akko-mod007b-he-pc-joy-of-life-22-638751497585602610.jpg\" \/><\/a><\/p>\n<p>Vi\u00ean pin c\u00f3 dung l\u01b0\u1ee3ng l\u1edbn gi\u00fap s\u1ea3n ph\u1ea9m ho\u1ea1t \u0111\u1ed9ng li\u00ean t\u1ee5c l\u00ean \u0111\u1ebfn 14 ng\u00e0y, ph\u00f9 h\u1ee3p cho nh\u1eefng ai th\u01b0\u1eddng xuy\u00ean di chuy\u1ec3n ho\u1eb7c l\u00e0m vi\u1ec7c trong th\u1eddi gian d\u00e0i, m\u00e0 kh\u00f4ng c\u1ea7n ph\u1ea3i t\u00ecm ngu\u1ed3n \u0111i\u1ec7n li\u00ean t\u1ee5c.<\/p>\n<p>Th\u00eam v\u00e0o \u0111\u00f3, Akko MOD007B-HE\u00a0c\u00f2n c\u00f3 ch\u1ebf \u0111\u1ed9 t\u1ef1 \u0111\u1ed9ng t\u1eaft khi kh\u00f4ng s\u1eed d\u1ee5ng trong m\u1ed9t kho\u1ea3ng th\u1eddi gian nh\u1ea5t \u0111\u1ecbnh, gi\u00fap ti\u1ebft ki\u1ec7m pin \u0111\u00e1ng k\u1ec3. Khi c\u1ea7n, b\u1ea1n c\u0169ng c\u00f3 th\u1ec3 d\u1ec5 d\u00e0ng s\u1ea1c l\u1ea1i qua c\u1ed5ng USB Type-C, \u0111\u1ea3m b\u1ea3o lu\u00f4n s\u1eb5n s\u00e0ng cho m\u1ecdi t\u00ecnh hu\u1ed1ng.<\/p>\n<p>T\u1ed5ng k\u1ebft l\u1ea1i, Akko MOD007B-HE PC Joy of Life l\u00e0 m\u1ed9t b\u00e0n ph\u00edm c\u01a1 kh\u00f4ng d\u00e2y hi\u1ec7n \u0111\u1ea1i v\u1edbi thi\u1ebft k\u1ebf \u1ea5n t\u01b0\u1ee3ng, t\u00ednh n\u0103ng \u0111a d\u1ea1ng v\u00e0 hi\u1ec7u su\u1ea5t t\u1ed1t. V\u1edbi switch t\u1eeb t\u00ednh Akko Cream Yellow Magnetic, h\u1ec7 th\u1ed1ng \u0111\u00e8n LED RGB s\u1ed1ng \u0111\u1ed9ng v\u00e0 c\u00f4ng ngh\u1ec7 Rapid Trigger c\u00f9ng Dynamic Keystrokes, s\u1ea3n ph\u1ea9m n\u00e0y kh\u00f4ng ch\u1ec9 l\u00e0 m\u1ed9t c\u00f4ng c\u1ee5 l\u00e0m vi\u1ec7c m\u00e0 c\u00f2n l\u00e0 m\u1ed9t tr\u1ee3 th\u1ee7 \u0111\u1eafc l\u1ef1c trong c\u00e1c tr\u1eadn \u0111\u1ea5u game c\u0103ng th\u1eb3ng.<\/p>\n<p>N\u1ebfu b\u1ea1n th\u00edch c\u1ea3m gi\u00e1c g\u00f5 &#8220;nh\u1eb9 nh\u01b0 l\u00f4ng h\u1ed3ng&#8221;, g\u1ea7n nh\u01b0 kh\u00f4ng c\u1ea7n nhi\u1ec1u l\u1ef1c \u0111\u1ec3 nh\u1ea5n ph\u00edm b\u1ea1n c\u00f3 th\u1ec3 ch\u1ecdn m\u1eabu<span>\u00a0<\/span><a href=\"https:\/\/www.thegioididong.com\/ban-phim\/ban-phim-co-bluetooth-akko-mod007b-he-pc-tokyo-sakura-pink-magnetic-switch\" target=\"_blank\" title=\"Tham kh\u1ea3o s\u1ea3n ph\u1ea9m b\u00e0n ph\u00edm Akko MOD007B-HE PC Tokyo Sakura Pink Magnetic Switch \u0111ang kinh doanh t\u1ea1i Th\u1ebf Gi\u1edbi Di \u0110\u1ed9ng \" rel=\"noopener\">b\u00e0n ph\u00edm Akko MOD007B-HE PC Tokyo Sakura Pink Magnetic Switch<\/a>. C\u00f2n n\u1ebfu mu\u1ed1n c\u1ea3m gi\u00e1c g\u00f5 ph\u00edm \u0111\u1ea7m tay h\u01a1n c\u00f3 th\u1ec3 ch\u1ecdn d\u00f2ng<span>\u00a0<\/span><a href=\"https:\/\/www.thegioididong.com\/ban-phim\/ban-phim-co-khong-day-akko-3087-rf-cream-yellow-pro\" target=\"_blank\" title=\"Tham kh\u1ea3o s\u1ea3n ph\u1ea9m Akko 3087 RF \u0111ang kinh doanh t\u1ea1i Th\u1ebf Gi\u1edbi Di \u0110\u1ed9ng \" rel=\"noopener\">Akko 3087 RF<\/a><span>\u00a0<\/span>m\u00e0u h\u1ed3ng Sakura v\u1edbi m\u1eabu m\u00e3 t\u01b0\u01a1ng t\u1ef1 nh\u1eebn s\u1eed d\u1ee5ng switch Cream Yellow Pro.<\/p>\n","protected":false},"excerpt":{"rendered":"<p>B\u1ea3o H\u00e0nh: <strong>6 th\u00e1ng<\/strong><\/p>\n","protected":false},"featured_media":578,"comment_status":"open","ping_status":"closed","template":"","meta":[],"product_brand":[],"product_cat":[23],"product_tag":[],"class_list":{"0":"post-577","1":"product","2":"type-product","3":"status-publish","4":"has-post-thumbnail","6":"product_cat-phu-kien-laptop","8":"first","9":"instock","10":"taxable","11":"shipping-taxable","12":"purchasable","13":"product-type-simple"},"_links":{"self":[{"href":"https:\/\/vothaonhu.id.vn\/index.php\/wp-json\/wp\/v2\/product\/577","targetHints":{"allow":["GET"]}}],"collection":[{"href":"https:\/\/vothaonhu.id.vn\/index.php\/wp-json\/wp\/v2\/product"}],"about":[{"href":"https:\/\/vothaonhu.id.vn\/index.php\/wp-json\/wp\/v2\/types\/product"}],"replies":[{"embeddable":true,"href":"https:\/\/vothaonhu.id.vn\/index.php\/wp-json\/wp\/v2\/comments?post=577"}],"wp:featuredmedia":[{"embeddable":true,"href":"https:\/\/vothaonhu.id.vn\/index.php\/wp-json\/wp\/v2\/media\/578"}],"wp:attachment":[{"href":"https:\/\/vothaonhu.id.vn\/index.php\/wp-json\/wp\/v2\/media?parent=577"}],"wp:term":[{"taxonomy":"product_brand","embeddable":true,"href":"https:\/\/vothaonhu.id.vn\/index.php\/wp-json\/wp\/v2\/product_brand?post=577"},{"taxonomy":"product_cat","embeddable":true,"href":"https:\/\/vothaonhu.id.vn\/index.php\/wp-json\/wp\/v2\/product_cat?post=577"},{"taxonomy":"product_tag","embeddable":true,"href":"https:\/\/vothaonhu.id.vn\/index.php\/wp-json\/wp\/v2\/product_tag?post=577"}],"curies":[{"name":"wp","href":"https:\/\/api.w.org\/{rel}","templated":true}]}}