{"id":484,"date":"2025-05-29T09:05:22","date_gmt":"2025-05-29T09:05:22","guid":{"rendered":"https:\/\/vothaonhu.id.vn\/?post_type=product&#038;p=484"},"modified":"2025-06-10T13:21:16","modified_gmt":"2025-06-10T13:21:16","slug":"muc-in-laser-hp-103a-neverstop-danh-cho-hp-neverstop-1000a-va-1000w","status":"publish","type":"product","link":"https:\/\/vothaonhu.id.vn\/index.php\/product\/muc-in-laser-hp-103a-neverstop-danh-cho-hp-neverstop-1000a-va-1000w\/","title":{"rendered":"M\u1ef1c in laser HP 103A Neverstop  HP Laser \u0111en"},"content":{"rendered":"<h3>C\u00e1ch n\u1ea1p m\u1ef1c\u00a0HP 103A Neverstop trong v\u00f2ng 15 gi\u00e2y<\/h3>\n<p>B\u01b0\u1edbc 1: B\u1ea1n c\u1ea7m v\u00e0 th\u00e1o v\u00f2ng b\u1ea3o v\u1ec7 tr\u00ean h\u1ed9p m\u1ef1c.<\/p>\n<p>B\u01b0\u1edbc 2: B\u1ea1n m\u1edf n\u1eafp b\u01a1m m\u1ef1c.<\/p>\n<p>B\u01b0\u1edbc 3: B\u1ea1n \u0111\u1ec3 \u0111\u1ea7u h\u1ed9p m\u1ef1c ngay v\u1ecb tr\u00ed n\u01a1i b\u01a1m m\u1ef1c v\u00e0 xoay theo chi\u1ec1u \u0111\u1ed3ng h\u1ed3.<\/p>\n<p>B\u01b0\u1edbc 4: B\u1ea1n \u1ea5n thanh b\u01a1m xu\u1ed1ng t\u1eeb t\u1eeb \u0111\u1ec3 b\u01a1m m\u1ef1c cho t\u1edbi khi h\u1ebft h\u1ed9p m\u1ef1c.<\/p>\n<p>B\u01b0\u1edbc 5: B\u1ea1n xoay h\u1ed9p m\u1ef1c ng\u01b0\u1ee3c chi\u1ec1u \u0111\u1ed3ng h\u1ed3 \u0111\u1ec3 th\u00e1o h\u1ed9p m\u1ef1c ra kh\u1ecfi m\u00e1y in.<\/p>\n<p>Nh\u01b0 v\u1eady, b\u1ea1n \u0111\u00f3ng n\u1eafp b\u01a1m m\u1ef1c v\u00e0 b\u1eaft \u0111\u1ea7u ch\u1ea1y in t\u00e0i li\u1ec7u.<\/p>\n<p><a class=\"preventdefault\" href=\"https:\/\/cdn.tgdd.vn\/Products\/Images\/1262\/215701\/hop-muc-hp-103a-neverstop-danh-cho-hp-neverstop-2.jpg\" onclick=\"return false;\" target=\"_blank\" rel=\"noopener\"><img decoding=\"async\" alt=\"C\u00e1ch n\u1ea1p m\u1ef1c HP 103A Neverstop (d\u00e0nh cho HP Neverstop)\" data-src=\"https:\/\/cdn.tgdd.vn\/Products\/Images\/1262\/215701\/hop-muc-hp-103a-neverstop-danh-cho-hp-neverstop-2.jpg\" class=\" lazyloaded\" title=\"C\u00e1ch n\u1ea1p m\u1ef1c HP 103A Neverstop (d\u00e0nh cho HP Neverstop)\" src=\"https:\/\/cdn.tgdd.vn\/Products\/Images\/1262\/215701\/hop-muc-hp-103a-neverstop-danh-cho-hp-neverstop-2.jpg\" \/><\/a><\/p>\n<p><a class=\"preventdefault\" href=\"https:\/\/cdn.tgdd.vn\/Products\/Images\/1262\/215701\/hop-muc-hp-103a-neverstop-danh-cho-hp-neverstop.gif\" onclick=\"return false;\" target=\"_blank\" rel=\"noopener\"><img decoding=\"async\" alt=\"M\u1ef1c In HP 103A Neverstop (d\u00e0nh cho HP Neverstop) - thay m\u1ef1c in\" data-src=\"https:\/\/cdn.tgdd.vn\/Products\/Images\/1262\/215701\/hop-muc-hp-103a-neverstop-danh-cho-hp-neverstop.gif\" class=\" lazyloaded\" title=\"M\u1ef1c In HP 103A Neverstop (d\u00e0nh cho HP Neverstop) - thay m\u1ef1c in\" src=\"https:\/\/cdn.tgdd.vn\/Products\/Images\/1262\/215701\/hop-muc-hp-103a-neverstop-danh-cho-hp-neverstop.gif\" \/><\/a><\/p>\n<h3>Thi\u1ebft k\u1ebf d\u00e0nh ri\u00eang cho m\u00e1y in<span>\u00a0<\/span><a href=\"https:\/\/www.thegioididong.com\/may-in\/may-in-hp-neverstop-laser-1000w-4ry23a\" target=\"_blank\" rel=\"noopener\">HP\u00a0Neverstop<\/a><\/h3>\n<p><a class=\"preventdefault\" href=\"https:\/\/cdn.tgdd.vn\/Products\/Images\/1262\/215701\/hop-muc-hp-103a-neverstop-danh-cho-hp-neverstop-5.jpg\" onclick=\"return false;\" target=\"_blank\" rel=\"noopener\"><img decoding=\"async\" alt=\"M\u1ef1c HP 103A Neverstop (d\u00e0nh cho HP Neverstop)\" data-src=\"https:\/\/cdn.tgdd.vn\/Products\/Images\/1262\/215701\/hop-muc-hp-103a-neverstop-danh-cho-hp-neverstop-5.jpg\" class=\" lazyloaded\" title=\"M\u1ef1c HP 103A Neverstop (d\u00e0nh cho HP Neverstop)\" src=\"https:\/\/cdn.tgdd.vn\/Products\/Images\/1262\/215701\/hop-muc-hp-103a-neverstop-danh-cho-hp-neverstop-5.jpg\" \/><\/a><\/p>\n<h3>M\u1ef1c in t\u1ed1i \u0111a 2500 trang v\u1edbi \u0111\u1ed9 ph\u1ee7 trang 5%<\/h3>\n<p><a href=\"https:\/\/www.thegioididong.com\/muc-in-hp\" target=\"_blank\" title=\"m\u1ef1c in hp\" rel=\"noopener\">M\u1ef1c in\u00a0HP<\/a><span>\u00a0<\/span>103A Neverstop th\u00edch h\u1ee3p v\u1edbi vi\u1ec7c in \u1ea5n kh\u1ed5i l\u01b0\u1ee3ng l\u1edbn \u1edf kh\u1ea3 n\u0103ng in \u0111\u1ebfn 2500 trang (\u0111\u1ed9 ph\u1ee7 trang 5%). B\u1ea1n tho\u1ea3i m\u00e1i trong vi\u1ec7c in v\u0103n b\u1ea3n, t\u00e0i li\u1ec7u v\u00e0 kh\u00f4ng c\u1ea7n lo l\u1eafng v\u1ec1 chi ph\u00ed ph\u00e1t sinh cho 1 trang in.<\/p>\n<p><a class=\"preventdefault\" href=\"https:\/\/cdn.tgdd.vn\/Products\/Images\/1262\/215701\/hop-muc-hp-103a-neverstop-danh-cho-hp-neverstop-3.jpg\" onclick=\"return false;\" target=\"_blank\" rel=\"noopener\"><img decoding=\"async\" alt=\"C\u00f4ng su\u1ea5t m\u1ef1c HP 103A Neverstop (d\u00e0nh cho HP Neverstop)\" data-src=\"https:\/\/cdn.tgdd.vn\/Products\/Images\/1262\/215701\/hop-muc-hp-103a-neverstop-danh-cho-hp-neverstop-3.jpg\" class=\" lazyloaded\" title=\"C\u00f4ng su\u1ea5t m\u1ef1c HP 103A Neverstop (d\u00e0nh cho HP Neverstop)\" src=\"https:\/\/cdn.tgdd.vn\/Products\/Images\/1262\/215701\/hop-muc-hp-103a-neverstop-danh-cho-hp-neverstop-3.jpg\" \/><\/a><\/p>\n<h3>Ch\u1ea5t l\u01b0\u1ee3ng b\u1ea3n in \u0111\u1eb9p, m\u00e0u m\u1ef1c b\u1ec1n<\/h3>\n<p><a href=\"https:\/\/www.thegioididong.com\/muc-in\" target=\"_blank\" title=\"M\u1ef1c in\" rel=\"noopener\">M\u1ef1c in<\/a><span>\u00a0<\/span>ch\u00ednh h\u00e3ng HP \u0111em \u0111\u1ebfn tr\u1ea3i nghi\u1ec7m b\u1ea3n in ch\u1ea5t l\u01b0\u1ee3ng cao, \u1ed5n \u0111\u1ecbnh kh\u00f4ng c\u00f3 c\u00e1c \u0111\u01b0\u1eddng g\u1ee3n ho\u1eb7c b\u1ecb nh\u00f2e. M\u00e0u m\u1ef1c in s\u00e1ng \u0111\u1eb9p cho ch\u1ea5t l\u01b0\u1ee3ng b\u1ea3n in r\u00f5 n\u00e9t, t\u01b0\u01a1ng th\u00edch v\u1edbi nhi\u1ec1u lo\u1ea1i gi\u1ea5y kh\u00e1c nhau, \u0111\u1ed9 \u1ed5n \u0111\u1ecbnh cao.<\/p>\n<p><a class=\"preventdefault\" href=\"https:\/\/cdn.tgdd.vn\/Products\/Images\/1262\/215701\/hop-muc-hp-103a-neverstop-danh-cho-hp-neverstop-6.jpg\" onclick=\"return false;\" target=\"_blank\" rel=\"noopener\"><img decoding=\"async\" alt=\"M\u1ef1c In HP 103A Neverstop (d\u00e0nh cho HP Neverstop) - m\u1ef1c in ch\u00ednh h\u00e3ng\" data-src=\"https:\/\/cdn.tgdd.vn\/Products\/Images\/1262\/215701\/hop-muc-hp-103a-neverstop-danh-cho-hp-neverstop-6.jpg\" class=\" lazyloaded\" title=\"M\u1ef1c In HP 103A Neverstop (d\u00e0nh cho HP Neverstop) - m\u1ef1c in ch\u00ednh h\u00e3ng\" src=\"https:\/\/cdn.tgdd.vn\/Products\/Images\/1262\/215701\/hop-muc-hp-103a-neverstop-danh-cho-hp-neverstop-6.jpg\" \/><\/a><\/p>\n","protected":false},"excerpt":{"rendered":"<p>\u0110\u1ed5i tr\u1ea3:<strong> 7 ng\u00e0y<\/strong><\/p>\n","protected":false},"featured_media":485,"comment_status":"open","ping_status":"closed","template":"","meta":[],"product_brand":[],"product_cat":[27],"product_tag":[],"class_list":{"0":"post-484","1":"product","2":"type-product","3":"status-publish","4":"has-post-thumbnail","6":"product_cat-muc-in","8":"first","9":"instock","10":"taxable","11":"shipping-taxable","12":"purchasable","13":"product-type-simple"},"_links":{"self":[{"href":"https:\/\/vothaonhu.id.vn\/index.php\/wp-json\/wp\/v2\/product\/484","targetHints":{"allow":["GET"]}}],"collection":[{"href":"https:\/\/vothaonhu.id.vn\/index.php\/wp-json\/wp\/v2\/product"}],"about":[{"href":"https:\/\/vothaonhu.id.vn\/index.php\/wp-json\/wp\/v2\/types\/product"}],"replies":[{"embeddable":true,"href":"https:\/\/vothaonhu.id.vn\/index.php\/wp-json\/wp\/v2\/comments?post=484"}],"wp:featuredmedia":[{"embeddable":true,"href":"https:\/\/vothaonhu.id.vn\/index.php\/wp-json\/wp\/v2\/media\/485"}],"wp:attachment":[{"href":"https:\/\/vothaonhu.id.vn\/index.php\/wp-json\/wp\/v2\/media?parent=484"}],"wp:term":[{"taxonomy":"product_brand","embeddable":true,"href":"https:\/\/vothaonhu.id.vn\/index.php\/wp-json\/wp\/v2\/product_brand?post=484"},{"taxonomy":"product_cat","embeddable":true,"href":"https:\/\/vothaonhu.id.vn\/index.php\/wp-json\/wp\/v2\/product_cat?post=484"},{"taxonomy":"product_tag","embeddable":true,"href":"https:\/\/vothaonhu.id.vn\/index.php\/wp-json\/wp\/v2\/product_tag?post=484"}],"curies":[{"name":"wp","href":"https:\/\/api.w.org\/{rel}","templated":true}]}}