{"id":476,"date":"2025-05-29T08:56:18","date_gmt":"2025-05-29T08:56:18","guid":{"rendered":"https:\/\/vothaonhu.id.vn\/?post_type=product&#038;p=476"},"modified":"2025-06-10T12:50:21","modified_gmt":"2025-06-10T12:50:21","slug":"may-in-laser-trang-den-da-nang-hp-laserjet-mfp-m236sdw-wifi-9yg09a-2","status":"publish","type":"product","link":"https:\/\/vothaonhu.id.vn\/index.php\/product\/may-in-laser-trang-den-da-nang-hp-laserjet-mfp-m236sdw-wifi-9yg09a-2\/","title":{"rendered":"M\u00e1y in laser tr\u1eafng \u0111en \u0111a n\u0103ng HP LaserJet MFP"},"content":{"rendered":"<h3>T\u1ea1o d\u00e1ng g\u1ecdn g\u00e0ng, t\u00f4ng m\u00e0u thanh l\u1ecbch<\/h3>\n<p>K\u1ebft c\u1ea5u<span>\u00a0<\/span><a href=\"https:\/\/www.thegioididong.com\/may-in-hp-laser\" target=\"_blank\" title=\"Xem th\u00eam c\u00e1c s\u1ea3n ph\u1ea9m m\u00e1y in laser tr\u1eafng \u0111en HP \u0111ang kinh doanh t\u1ea1i thegioididong.com\" rel=\"noopener\">m\u00e1y in laser HP<\/a>\u00a0v\u1eefng ch\u1eafc, c\u00e1c chi ti\u1ebft \u0111\u01b0\u1ee3c ch\u1ebf t\u00e1c ho\u00e0n ch\u1ec9nh cho t\u1ed5ng th\u1ec3 thi\u1ebft k\u1ebf tinh t\u1ebf, t\u1ea1o \u0111i\u1ec3m nh\u1ea5n cho kh\u00f4ng gian n\u1ed9i th\u1ea5t c\u1ee7a ph\u00f2ng kh\u00e1ch, ph\u00f2ng ng\u1ee7 hay v\u0103n ph\u00f2ng l\u00e0m vi\u1ec7c c\u1ee7a b\u1ea1n th\u00eam sang tr\u1ecdng, \u0111\u1eb3ng c\u1ea5p. C\u00f3 m\u00e0n h\u00ecnh LCD v\u1edbi c\u00e1c k\u00fd hi\u1ec7u s\u1eafc n\u00e9t cho b\u1ea1n d\u1ec5 d\u00e0ng quan s\u00e1t v\u00e0 t\u00f9y ch\u1ec9nh ch\u1ee9c n\u0103ng chu\u1ea9n x\u00e1c theo nhu c\u1ea7u s\u1eed d\u1ee5ng c\u1ee7a m\u00ecnh.<\/p>\n<p><a class=\"preventdefault\" href=\"https:\/\/cdn.tgdd.vn\/Products\/Images\/5693\/270176\/laser-trang-den-hp-laserjet-mfp-m236sdw-9yg09a-230122-111038.jpg\" onclick=\"return false;\" target=\"_blank\" rel=\"noopener\"><img decoding=\"async\" alt=\"M\u00e1y in Laser tr\u1eafng \u0111en HP LaserJet MFP M236sdw\/Wifi\/\u0111a n\u0103ng (In\/scan\/copy\/ADF) (9YG09A) - V\u1ebb ngo\u00e0i cao c\u1ea5p, d\u1ec5 s\u1eed d\u1ee5ng v\u00e0 l\u1eafp \u0111\u1eb7t\" data-src=\"https:\/\/cdn.tgdd.vn\/Products\/Images\/5693\/270176\/laser-trang-den-hp-laserjet-mfp-m236sdw-9yg09a-230122-111038.jpg\" class=\" lazyloaded\" title=\"M\u00e1y in Laser tr\u1eafng \u0111en HP LaserJet MFP M236sdw\/Wifi\/\u0111a n\u0103ng (In\/scan\/copy\/ADF) (9YG09A) - V\u1ebb ngo\u00e0i cao c\u1ea5p, d\u1ec5 s\u1eed d\u1ee5ng v\u00e0 l\u1eafp \u0111\u1eb7t\" src=\"https:\/\/cdn.tgdd.vn\/Products\/Images\/5693\/270176\/laser-trang-den-hp-laserjet-mfp-m236sdw-9yg09a-230122-111038.jpg\" \/><\/a><\/p>\n<h3>In chuy\u00ean nghi\u1ec7p v\u1edbi nhi\u1ec1u ch\u1ee9c n\u0103ng ti\u1ec7n \u00edch<\/h3>\n<p><a href=\"https:\/\/www.thegioididong.com\/may-in-2-mat-tu-dong\" target=\"_blank\" title=\"Tham kh\u1ea3o c\u00e1c m\u1eabu m\u00e1y in 2 m\u1eb7t t\u1ef1 \u0111\u1ed9ng t\u1ea1i Th\u1ebf Gi\u1edbi Di \u0110\u1ed9ng\" rel=\"noopener\">M\u00e1y in 2 m\u1eb7t<\/a><span>\u00a0<\/span>ho\u00e0n to\u00e0n t\u1ef1 \u0111\u1ed9ng cho b\u1ea1n in c\u00e1c t\u00e0i li\u1ec7u 2 m\u1eb7t nhanh, kh\u00f4ng c\u1ea7n ph\u1ea3i l\u1eadt th\u1ee7 c\u00f4ng b\u1eb1ng tay, ngo\u00e0i ra c\u00f2n c\u00f3 ch\u1ee9c n\u0103ng<span>\u00a0<\/span><strong>in Wifi, scan, copy<\/strong><span>\u00a0<\/span>gi\u00fap b\u1ea1n x\u1eed l\u00fd c\u00e1c c\u00f4ng vi\u1ec7c v\u0103n ph\u00f2ng linh ho\u1ea1t, \u0111a d\u1ea1ng.<\/p>\n<p>M\u1eb7c kh\u00e1c, v\u1edbi t\u1ed1c \u0111\u1ed9 in\u00a0<strong>29 trang\/ph\u00fat<\/strong>, c\u00f4ng su\u1ea5t in l\u00ean \u0111\u1ebfn\u00a0<strong>20.000 trang\/th\u00e1ng<\/strong>, ng\u01b0\u1eddi d\u00f9ng in c\u00e1c t\u00e0i li\u1ec7u, b\u00e1o c\u00e1o t\u00e0i ch\u00ednh nhanh ch\u00f3ng, ho\u00e0n th\u00e0nh c\u00f4ng vi\u1ec7c n\u0103ng su\u1ea5t h\u01a1n.<\/p>\n<p><a class=\"preventdefault\" href=\"https:\/\/cdn.tgdd.vn\/Products\/Images\/5693\/270176\/laser-trang-den-hp-laserjet-mfp-m236sdw-9yg09a-230122-110716.jpg\" onclick=\"return false;\" target=\"_blank\" rel=\"noopener\"><img decoding=\"async\" alt=\"M\u00e1y in Laser tr\u1eafng \u0111en HP LaserJet MFP M236sdw\/Wifi\/\u0111a n\u0103ng (In\/scan\/copy\/ADF) (9YG09A) - T\u1ed1c \u0111\u1ed9 in m\u1ea1nh m\u1ebd\" data-src=\"https:\/\/cdn.tgdd.vn\/Products\/Images\/5693\/270176\/laser-trang-den-hp-laserjet-mfp-m236sdw-9yg09a-230122-110716.jpg\" class=\" lazyloaded\" title=\"M\u00e1y in Laser tr\u1eafng \u0111en HP LaserJet MFP M236sdw\/Wifi\/\u0111a n\u0103ng (In\/scan\/copy\/ADF) (9YG09A) - T\u1ed1c \u0111\u1ed9 in m\u1ea1nh m\u1ebd\" src=\"https:\/\/cdn.tgdd.vn\/Products\/Images\/5693\/270176\/laser-trang-den-hp-laserjet-mfp-m236sdw-9yg09a-230122-110716.jpg\" \/><\/a><\/p>\n<p>R\u00fat ng\u1eafn th\u1eddi gian in t\u00e0i li\u1ec7u cho d\u00e2n v\u0103n ph\u00f2ng khi<span>\u00a0<\/span><a href=\"https:\/\/www.thegioididong.com\/may-in-laser\" target=\"_blank\" title=\"Xem th\u00eam c\u00e1c s\u1ea3n ph\u1ea9m m\u00e1y in laser tr\u1eafng \u0111en \u0111ang kinh doanh t\u1ea1i thegioididong.com\" rel=\"noopener\">m\u00e1y in laser<span>\u00a0<\/span><\/a>tr\u1eafng \u0111en\u00a0c\u00f3 khay n\u1ea1p gi\u1ea5y s\u1ee9c ch\u1ee9a t\u1edbi<span>\u00a0<\/span><strong>150 t\u1edd<\/strong>, khay ch\u1ee9a gi\u1ea5y \u0111\u00e3 in<span>\u00a0<\/span><strong>100 t\u1edd<\/strong>, khay n\u1ea1p gi\u1ea5y t\u1ef1 \u0111\u1ed9ng ADF<span>\u00a0<\/span><strong>40 t\u1edd.\u00a0<\/strong>V\u1edbi khay ADF, b\u1ea1n ch\u1ec9 c\u1ea7n \u0111\u1eb7t gi\u1ea5y v\u00e0o khay v\u00e0 m\u00e1y s\u1ebd t\u1ef1 \u0111\u1ed9ng qu\u00e9t c\u00e1c m\u1eb7t v\u00e0 \u0111\u1ea9y gi\u1ea5y.<\/p>\n<p><a class=\"preventdefault\" href=\"https:\/\/cdn.tgdd.vn\/Products\/Images\/5693\/270176\/laser-trang-den-hp-laserjet-mfp-m236sdw-9yg09a-230122-110724.jpg\" onclick=\"return false;\" target=\"_blank\" rel=\"noopener\"><img decoding=\"async\" alt=\"M\u00e1y in Laser tr\u1eafng \u0111en HP LaserJet MFP M236sdw\/Wifi\/\u0111a n\u0103ng (In\/scan\/copy\/ADF) (9YG09A) - Thu\u1eadn ti\u1ec7n khi in v\u1edbi khay n\u1ea1p gi\u1ea5y ch\u1ee9a \u0111\u01b0\u1ee3c 150 t\u1edd, khay ch\u1ee9a gi\u1ea5y \u0111\u00e3 in 100 t\u1edd\" data-src=\"https:\/\/cdn.tgdd.vn\/Products\/Images\/5693\/270176\/laser-trang-den-hp-laserjet-mfp-m236sdw-9yg09a-230122-110724.jpg\" class=\" lazyloaded\" title=\"M\u00e1y in Laser tr\u1eafng \u0111en HP LaserJet MFP M236sdw\/Wifi\/\u0111a n\u0103ng (In\/scan\/copy\/ADF) (9YG09A) - Thu\u1eadn ti\u1ec7n khi in v\u1edbi khay n\u1ea1p gi\u1ea5y ch\u1ee9a \u0111\u01b0\u1ee3c 150 t\u1edd, khay ch\u1ee9a gi\u1ea5y \u0111\u00e3 in 100 t\u1edd\" src=\"https:\/\/cdn.tgdd.vn\/Products\/Images\/5693\/270176\/laser-trang-den-hp-laserjet-mfp-m236sdw-9yg09a-230122-110724.jpg\" \/><\/a><\/p>\n<h3>Cung c\u1ea5p b\u1ea3n in r\u00f5 \u0111\u1eb9p<\/h3>\n<p>\u0110\u1ed9 n\u00e9t c\u1ee7a b\u1ea3n in \u0111\u01b0\u1ee3c xu\u1ea5t t\u1eeb<span>\u00a0<\/span><a href=\"https:\/\/www.thegioididong.com\/may-in\" target=\"_blank\" title=\"M\u00e1y in \u0111ang b\u00e1n t\u1ea1i thegioididong.com\" rel=\"noopener\">m\u00e1y in<\/a>\u00a0cho\u00a0<strong>600 x 600 dpi<\/strong>, v\u1edbi m\u1ee9c ph\u00e2n gi\u1ea3i n\u00e0y, c\u1ea3 h\u00ecnh \u1ea3nh v\u00e0 con ch\u1eef \u0111\u1ec1u in r\u00f5 r\u00e0ng, d\u1ec5 nh\u00ecn.<\/p>\n<p><a class=\"preventdefault\" href=\"https:\/\/cdn.tgdd.vn\/Products\/Images\/5693\/270176\/laser-trang-den-hp-laserjet-mfp-m236sdw-9yg09a-230122-110718.jpg\" onclick=\"return false;\" target=\"_blank\" rel=\"noopener\"><img decoding=\"async\" alt=\"\u0110\u1ed9 ph\u00e2n gi\u1ea3i b\u1ea3n in 600 x 600 dpi\" data-src=\"https:\/\/cdn.tgdd.vn\/Products\/Images\/5693\/270176\/laser-trang-den-hp-laserjet-mfp-m236sdw-9yg09a-230122-110718.jpg\" class=\" lazyloaded\" title=\"\u0110\u1ed9 ph\u00e2n gi\u1ea3i b\u1ea3n in 600 x 600 dpi\" src=\"https:\/\/cdn.tgdd.vn\/Products\/Images\/5693\/270176\/laser-trang-den-hp-laserjet-mfp-m236sdw-9yg09a-230122-110718.jpg\" \/><\/a><\/p>\n<h3>K\u1ebft n\u1ed1i kh\u00f4ng d\u00e2y Wifi m\u01b0\u1ee3t m\u00e0<\/h3>\n<p><a href=\"https:\/\/www.thegioididong.com\/may-in-scan\" target=\"_blank\" title=\"M\u00e1y in Scan \u0111ang b\u00e1n t\u1ea1i Th\u1ebf Gi\u1edbi Di \u0110\u1ed9ng\" rel=\"noopener\">M\u00e1y in Scan<\/a>\u00a0\u0111\u01b0\u1ee3c thi\u1ebft l\u1eadp ch\u1ee9c n\u0103ng in Wifi, v\u1edbi \u0111\u01b0\u1eddng truy\u1ec1n k\u1ebft n\u1ed1i kh\u00f4ng d\u00e2y \u1ed5n \u0111\u1ecbnh cho b\u1ea1n in \u1ea3nh, t\u00e0i li\u1ec7u t\u1eeb \u0111i\u1ec7n tho\u1ea1i, m\u00e1y t\u00ednh b\u1ea3ng v\u00f4 c\u00f9ng ti\u1ec7n l\u1ee3i, nhanh ch\u00f3ng.<\/p>\n<p>Tr\u01b0\u1eddng h\u1ee3p b\u1ea1n c\u00f3 nhu c\u1ea7u in qua d\u00e2y d\u1eabn th\u00ec thi\u1ebft b\u1ecb c\u00f3 trang b\u1ecb c\u1ed5ng\u00a0<strong>USB 2.0<span>\u00a0<\/span><\/strong>v\u00e0<strong>\u00a0<\/strong><strong>Fast Ethernet<\/strong>, ch\u1ec9 c\u1ea7n t\u00edch h\u1ee3p d\u00e2y, k\u1ebft n\u1ed1i th\u00e0nh c\u00f4ng l\u00e0 b\u1ea1n c\u00f3 th\u1ec3 b\u1eaft \u0111\u1ea7u in b\u1ea5t k\u1ef3 t\u00e0i li\u1ec7u n\u00e0o m\u00e0 m\u00ecnh mu\u1ed1n. H\u1ed7 tr\u1ee3 d\u00f9ng \u0111\u01b0\u1ee3c v\u1edbi m\u00e1y ho\u1ea1t \u0111\u1ed9ng tr\u00ean h\u1ec7 \u0111i\u1ec1u h\u00e0nh Windows 7, Windows 8, Windows 8.1,\u00a0Windows 10.<\/p>\n<h3>Gi\u1ea3m \u0111\u00e1ng k\u1ec3 chi ph\u00ed in \u1ea5n v\u1edbi<span>\u00a0<\/span><a href=\"https:\/\/www.thegioididong.com\/muc-in\" target=\"_blank\" title=\"M\u1ef1c in \u0111ang b\u00e1n t\u1ea1i Th\u1ebf Gi\u1edbi Di \u0110\u1ed9ng\" rel=\"noopener\">m\u1ef1c in<\/a>\u00a0HP\u00a0136A Black cartridge\u00a0ch\u00ednh h\u00e3ng<\/h3>\n<p>S\u1eed d\u1ee5ng m\u1ef1c in ch\u00ednh h\u00e3ng gi\u00fap duy tr\u00ec ch\u1ea5t l\u01b0\u1ee3ng b\u1ea3n in cao, in \u0111\u01b0\u1ee3c nhi\u1ec1u trang, k\u00e9o d\u00e0i \u0111\u1ed9 b\u1ec1n cho<span>\u00a0<\/span><a href=\"https:\/\/www.thegioididong.com\/may-in-hp\" target=\"_blank\" title=\"M\u00e1y in HP \u0111ang b\u00e1n t\u1ea1i thegioididong.com\" rel=\"noopener\">m\u00e1y in HP<\/a>\u00a0v\u00e0\u00a0ti\u1ebft ki\u1ec7m chi ph\u00ed b\u1ea3o d\u01b0\u1ee1ng.<\/p>\n<p><a class=\"preventdefault\" href=\"https:\/\/cdn.tgdd.vn\/Products\/Images\/5693\/270176\/laser-trang-den-hp-laserjet-mfp-m236sdw-9yg09a-230122-112226.jpg\" onclick=\"return false;\" target=\"_blank\" rel=\"noopener\"><img decoding=\"async\" alt=\"M\u00e1y in Laser tr\u1eafng \u0111en HP LaserJet MFP M236sdw\/Wifi\/\u0111a n\u0103ng (In\/scan\/copy\/ADF) (9YG09A) - T\u0103ng ch\u1ea5t l\u01b0\u1ee3ng m\u00e1y v\u00e0 b\u1ea3n in v\u1edbi m\u1ef1c in HP ch\u00ednh h\u00e3ng\" data-src=\"https:\/\/cdn.tgdd.vn\/Products\/Images\/5693\/270176\/laser-trang-den-hp-laserjet-mfp-m236sdw-9yg09a-230122-112226.jpg\" class=\" ls-is-cached lazyloaded\" title=\"M\u00e1y in Laser tr\u1eafng \u0111en HP LaserJet MFP M236sdw\/Wifi\/\u0111a n\u0103ng (In\/scan\/copy\/ADF) (9YG09A) - T\u0103ng ch\u1ea5t l\u01b0\u1ee3ng m\u00e1y v\u00e0 b\u1ea3n in v\u1edbi m\u1ef1c in HP ch\u00ednh h\u00e3ng\" src=\"https:\/\/cdn.tgdd.vn\/Products\/Images\/5693\/270176\/laser-trang-den-hp-laserjet-mfp-m236sdw-9yg09a-230122-112226.jpg\" \/><\/a><\/p>\n<p>N\u1ebfu b\u1ea1n \u0111ang t\u00ecm ki\u1ebfm chi\u1ebfc m\u00e1y in cho ph\u00e9p in qua k\u1ebft n\u1ed1i Wifi, t\u1ed1c \u0111\u1ed9 in nhanh, ngo\u00e0i ch\u1ee9c n\u0103ng in c\u00f3 th\u1ec3 scan, copy, gi\u00e1 c\u1ea3 ph\u1ea3i ch\u0103ng th\u00ec m\u1eabu\u00a0<a href=\"https:\/\/www.thegioididong.com\/may-in\/laser-trang-den-hp-laserjet-mfp-m236sdw-9yg09a\" target=\"_blank\" title=\"m\u00e1y in Laser tr\u1eafng \u0111en HP LaserJet MFP M236sdw\/Wifi\/\u0111a n\u0103ng (In\/scan\/copy\/ADF) (9YG09A)\" rel=\"noopener\">m\u00e1y in Laser tr\u1eafng \u0111en HP LaserJet MFP M236sdw (9YG09A)<\/a><span>\u00a0<\/span>ch\u00ednh x\u00e1c l\u00e0 s\u1ea3n ph\u1ea9m d\u00e0nh cho b\u1ea1n.<\/p>\n","protected":false},"excerpt":{"rendered":"<p>B\u1ea3o h\u00e0nh: <strong>12 th\u00e1ng<\/strong><\/p>\n","protected":false},"featured_media":477,"comment_status":"open","ping_status":"closed","template":"","meta":[],"product_brand":[],"product_cat":[22],"product_tag":[],"class_list":{"0":"post-476","1":"product","2":"type-product","3":"status-publish","4":"has-post-thumbnail","6":"product_cat-may-in","8":"first","9":"instock","10":"taxable","11":"shipping-taxable","12":"purchasable","13":"product-type-simple"},"_links":{"self":[{"href":"https:\/\/vothaonhu.id.vn\/index.php\/wp-json\/wp\/v2\/product\/476","targetHints":{"allow":["GET"]}}],"collection":[{"href":"https:\/\/vothaonhu.id.vn\/index.php\/wp-json\/wp\/v2\/product"}],"about":[{"href":"https:\/\/vothaonhu.id.vn\/index.php\/wp-json\/wp\/v2\/types\/product"}],"replies":[{"embeddable":true,"href":"https:\/\/vothaonhu.id.vn\/index.php\/wp-json\/wp\/v2\/comments?post=476"}],"wp:featuredmedia":[{"embeddable":true,"href":"https:\/\/vothaonhu.id.vn\/index.php\/wp-json\/wp\/v2\/media\/477"}],"wp:attachment":[{"href":"https:\/\/vothaonhu.id.vn\/index.php\/wp-json\/wp\/v2\/media?parent=476"}],"wp:term":[{"taxonomy":"product_brand","embeddable":true,"href":"https:\/\/vothaonhu.id.vn\/index.php\/wp-json\/wp\/v2\/product_brand?post=476"},{"taxonomy":"product_cat","embeddable":true,"href":"https:\/\/vothaonhu.id.vn\/index.php\/wp-json\/wp\/v2\/product_cat?post=476"},{"taxonomy":"product_tag","embeddable":true,"href":"https:\/\/vothaonhu.id.vn\/index.php\/wp-json\/wp\/v2\/product_tag?post=476"}],"curies":[{"name":"wp","href":"https:\/\/api.w.org\/{rel}","templated":true}]}}