{"id":460,"date":"2025-05-29T08:32:38","date_gmt":"2025-05-29T08:32:38","guid":{"rendered":"https:\/\/vothaonhu.id.vn\/?post_type=product&#038;p=460"},"modified":"2025-06-06T08:31:13","modified_gmt":"2025-06-06T08:31:13","slug":"tui-chong-soc-laptop-14-inch-tomtoc-a45","status":"publish","type":"product","link":"https:\/\/vothaonhu.id.vn\/index.php\/product\/tui-chong-soc-laptop-14-inch-tomtoc-a45\/","title":{"rendered":"T\u00fai ch\u1ed1ng s\u1ed1c Laptop 14 inch Tomtoc A45, M\u00e0u h\u1ed3ng"},"content":{"rendered":"<h3><a href=\"https:\/\/www.thegioididong.com\/tui-chong-soc\/tui-chong-soc-laptop-14-inch-tomtoc-a45\" target=\"_blank\" title=\"Tham kh\u1ea3o s\u1ea3n ph\u1ea9m t\u00fai ch\u1ed1ng s\u1ed1c Laptop 14 inch Tomtoc A45 \u0111ang kinh doanh t\u1ea1i Th\u1ebf Gi\u1edbi Di \u0110\u1ed9ng \" rel=\"noopener\">T\u00fai ch\u1ed1ng s\u1ed1c Laptop 14 inch Tomtoc A45<\/a><span>\u00a0<\/span>l\u00e0 l\u1ef1a ch\u1ecdn ho\u00e0n h\u1ea3o cho nh\u1eefng ai \u0111ang t\u00ecm ki\u1ebfm s\u1ef1 b\u1ea3o v\u1ec7 t\u1ed1i \u01b0u cho chi\u1ebfc laptop c\u1ee7a m\u00ecnh. \u0110\u01b0\u1ee3c thi\u1ebft k\u1ebf v\u1edbi c\u00f4ng ngh\u1ec7 ti\u00ean ti\u1ebfn c\u1ee7a Hoa K\u1ef3, s\u1ea3n ph\u1ea9m mang \u0111\u1ebfn m\u1ed9t l\u1edbp \u0111\u1ec7m b\u1ea3o v\u1ec7 360 \u0111\u1ed9 gi\u1ed1ng nh\u01b0 t\u00fai kh\u00ed xe h\u01a1i, \u0111\u1ea3m b\u1ea3o an to\u00e0n tuy\u1ec7t \u0111\u1ed1i tr\u01b0\u1edbc m\u1ecdi va ch\u1ea1m v\u00e0 r\u1ee7i ro kh\u00f4ng mong mu\u1ed1n.<\/h3>\n<p>\u2022<span>\u00a0<\/span><a href=\"https:\/\/www.thegioididong.com\/tui-chong-soc-14-inch\" target=\"_blank\" title=\"Tham kh\u1ea3o s\u1ea3n ph\u1ea9m T\u00fai ch\u1ed1ng s\u1ed1c 14 inch \u0111ang kinh doanh t\u1ea1i Th\u1ebf Gi\u1edbi Di \u0110\u1ed9ng \" rel=\"noopener\">T\u00fai ch\u1ed1ng s\u1ed1c 14 inch<\/a><span>\u00a0<\/span>\u0111\u01b0\u1ee3c trang b\u1ecb m\u1ed9t l\u1edbp \u0111\u1ec7m b\u1ea3o v\u1ec7 360\u00b0 xung quanh v\u00e0nh t\u00fai, mang l\u1ea1i s\u1ef1 an to\u00e0n nh\u01b0 m\u1ed9t t\u00fai kh\u00ed xe h\u01a1i. \u0110i\u1ec1u n\u00e0y gi\u00fap b\u1ea3o v\u1ec7 laptop c\u1ee7a b\u1ea1n kh\u1ecfi nh\u1eefng va \u0111\u1eadp v\u00e0 r\u1ee7i ro b\u1ea5t ng\u1edd m\u1ed9t c\u00e1ch hi\u1ec7u qu\u1ea3.<\/p>\n<p>\u2022<span>\u00a0<\/span><a href=\"https:\/\/www.thegioididong.com\/tui-chong-soc-tui-chong-soc\" target=\"_blank\" title=\"Tham kh\u1ea3o s\u1ea3n ph\u1ea9m t\u00fai ch\u1ed1ng s\u1ed1c \u0111ang kinh doanh t\u1ea1i Th\u1ebf Gi\u1edbi Di \u0110\u1ed9ng \" rel=\"noopener\">T\u00fai ch\u1ed1ng s\u1ed1c<\/a><span>\u00a0<\/span>mang \u0111\u1ebfn ch\u1ee9c n\u0103ng 2 trong 1 v\u00f4 c\u00f9ng ti\u1ec7n l\u1ee3i. B\u1ea1n c\u00f3 th\u1ec3 d\u1ec5 d\u00e0ng mang theo t\u00fai b\u1eb1ng c\u00e1ch x\u00e1ch tay c\u1ea7m truy\u1ec1n th\u1ed1ng ho\u1eb7c \u0111eo vai ch\u00e9o v\u1edbi d\u00e2y \u0111eo \u00eam \u00e1i c\u00f3 th\u1ec3 \u0111i\u1ec1u ch\u1ec9nh \u0111\u1ed9 d\u00e0i. H\u01a1n n\u1eefa, ph\u00eda sau t\u00fai c\u00f2n c\u00f3 2 quai d\u1ecdc \u0111\u1ec3 b\u1ea1n c\u00f3 th\u1ec3 g\u1eafn t\u00fai v\u00e0o vali, t\u1ea1o s\u1ef1 thu\u1eadn ti\u1ec7n khi di chuy\u1ec3n c\u00f4ng t\u00e1c.<\/p>\n<p>\u2022 Tomtoc A45 c\u0169ng n\u1ed5i b\u1eadt v\u1edbi kh\u1ea3 n\u0103ng b\u1ea3o v\u1ec7 360\u00b0 to\u00e0n di\u1ec7n. V\u1eadt li\u1ec7u Polyester ch\u1ed1ng th\u1ea5m n\u01b0\u1edbc b\u00ean ngo\u00e0i k\u1ebft h\u1ee3p v\u1edbi l\u1edbp \u0111\u1ec7m d\u00e0y b\u00ean trong gi\u00fap t\u00fai ch\u1ed1ng l\u1ea1i c\u00e1c t\u00e1c \u0111\u1ed9ng t\u1eeb b\u00ean ngo\u00e0i m\u1ed9t c\u00e1ch t\u1ed1i \u01b0u.<\/p>\n<p>\u2022 Khoang ch\u00ednh c\u1ee7a<span>\u00a0<\/span><a href=\"https:\/\/www.thegioididong.com\/tui-chong-soc-tomtoc\" target=\"_blank\" title=\"Tham kh\u1ea3o s\u1ea3n ph\u1ea9m t\u00fai ch\u1ed1ng s\u1ed1c \u0111ang kinh doanh t\u1ea1i Th\u1ebf Gi\u1edbi Di \u0110\u1ed9ng \" rel=\"noopener\">t\u00fai ch\u1ed1ng s\u1ed1c Tomtoc<\/a><span>\u00a0<\/span>cho ph\u00e9p b\u1ea1n l\u1ea5y m\u00e1y t\u00ednh x\u00e1ch tay m\u1ed9t c\u00e1ch nhanh ch\u00f3ng v\u00e0 d\u1ec5 d\u00e0ng. B\u00ean c\u1ea1nh \u0111\u00f3, hai t\u00fai k\u00edn b\u00ean ngo\u00e0i cung c\u1ea5p kh\u00f4ng gian l\u01b0u tr\u1eef ti\u1ec7n l\u1ee3i cho c\u00e1c ph\u1ee5 ki\u1ec7n v\u00e0 nhi\u1ec1u v\u1eadt d\u1ee5ng kh\u00e1c.<\/p>\n","protected":false},"excerpt":{"rendered":"<p>\u0110\u1ed5i tr\u1ea3: <strong>7 ng\u00e0y<\/strong><\/p>\n","protected":false},"featured_media":461,"comment_status":"open","ping_status":"closed","template":"","meta":[],"product_brand":[],"product_cat":[23],"product_tag":[],"class_list":{"0":"post-460","1":"product","2":"type-product","3":"status-publish","4":"has-post-thumbnail","6":"product_cat-phu-kien-laptop","8":"first","9":"instock","10":"taxable","11":"shipping-taxable","12":"purchasable","13":"product-type-simple"},"_links":{"self":[{"href":"https:\/\/vothaonhu.id.vn\/index.php\/wp-json\/wp\/v2\/product\/460","targetHints":{"allow":["GET"]}}],"collection":[{"href":"https:\/\/vothaonhu.id.vn\/index.php\/wp-json\/wp\/v2\/product"}],"about":[{"href":"https:\/\/vothaonhu.id.vn\/index.php\/wp-json\/wp\/v2\/types\/product"}],"replies":[{"embeddable":true,"href":"https:\/\/vothaonhu.id.vn\/index.php\/wp-json\/wp\/v2\/comments?post=460"}],"wp:featuredmedia":[{"embeddable":true,"href":"https:\/\/vothaonhu.id.vn\/index.php\/wp-json\/wp\/v2\/media\/461"}],"wp:attachment":[{"href":"https:\/\/vothaonhu.id.vn\/index.php\/wp-json\/wp\/v2\/media?parent=460"}],"wp:term":[{"taxonomy":"product_brand","embeddable":true,"href":"https:\/\/vothaonhu.id.vn\/index.php\/wp-json\/wp\/v2\/product_brand?post=460"},{"taxonomy":"product_cat","embeddable":true,"href":"https:\/\/vothaonhu.id.vn\/index.php\/wp-json\/wp\/v2\/product_cat?post=460"},{"taxonomy":"product_tag","embeddable":true,"href":"https:\/\/vothaonhu.id.vn\/index.php\/wp-json\/wp\/v2\/product_tag?post=460"}],"curies":[{"name":"wp","href":"https:\/\/api.w.org\/{rel}","templated":true}]}}