{"id":455,"date":"2025-05-29T08:26:26","date_gmt":"2025-05-29T08:26:26","guid":{"rendered":"https:\/\/vothaonhu.id.vn\/?post_type=product&#038;p=455"},"modified":"2025-06-06T08:11:18","modified_gmt":"2025-06-06T08:11:18","slug":"camera-ip-ngoai-troi-360-do-4mp-ezviz-h90-dual","status":"publish","type":"product","link":"https:\/\/vothaonhu.id.vn\/index.php\/product\/camera-ip-ngoai-troi-360-do-4mp-ezviz-h90-dual\/","title":{"rendered":"Camera IP Ngo\u00e0i Tr\u1eddi 360 \u0110\u1ed9 4MP Ezviz H90 Dual"},"content":{"rendered":"<h3><a href=\"https:\/\/www.thegioididong.com\/camera-giam-sat\/camera-ip-ngoai-troi-360-do-4mp-ezviz-h90-dual\" target=\"_blank\" title=\"Tham kh\u1ea3o Camera IP Ngo\u00e0i Tr\u1eddi 360 \u0110\u1ed9 4MP Ezviz H90 Dual t\u1ea1i Th\u1ebf Gi\u1edbi Di \u0110\u1ed9ng\" rel=\"noopener\">Camera IP ngo\u00e0i tr\u1eddi 360 \u0111\u1ed9 4MP Ezviz H90 Dual<\/a><span>\u00a0<\/span>mang \u0111\u1ebfn gi\u1ea3i ph\u00e1p gi\u00e1m s\u00e1t to\u00e0n di\u1ec7n cho kh\u00f4ng gian b\u00ean ngo\u00e0i ng\u00f4i nh\u00e0 c\u1ee7a b\u1ea1n. \u0110i\u1ec3m n\u1ed5i b\u1eadt c\u1ee7a thi\u1ebft b\u1ecb n\u00e0y l\u00e0 s\u1ef1 k\u1ebft h\u1ee3p \u0111\u1ed9c \u0111\u00e1o c\u1ee7a hai \u1ed1ng k\u00ednh, cho ph\u00e9p ng\u01b0\u1eddi d\u00f9ng \u0111\u1ed3ng th\u1eddi theo d\u00f5i hai khung h\u00ecnh ri\u00eang bi\u1ec7t ho\u1eb7c gh\u00e9p ch\u00fang l\u1ea1i th\u00e0nh m\u1ed9t g\u00f3c nh\u00ecn to\u00e0n c\u1ea3nh li\u1ec1n m\u1ea1ch. B\u00ean c\u1ea1nh \u0111\u00f3, camera c\u00f2n c\u00f3 ch\u1ec9 s\u1ed1 ch\u1ed1ng n\u01b0\u1edbc v\u00e0 b\u1ee5i cao, \u0111\u1ea3m b\u1ea3o ho\u1ea1t \u0111\u1ed9ng \u1ed5n \u0111\u1ecbnh v\u00e0 b\u1ec1n b\u1ec9 d\u01b0\u1edbi m\u1ecdi \u0111i\u1ec1u ki\u1ec7n m\u00f4i tr\u01b0\u1eddng.<\/h3>\n<h3>Ki\u1ec3u d\u00e1ng nh\u1ecf g\u1ecdn, tinh t\u1ebf<\/h3>\n<p>\u0110i\u1ec3m nh\u1ea5n \u1ea5n t\u01b0\u1ee3ng nh\u1ea5t c\u1ee7a chi\u1ebfc camera n\u00e0y ch\u00ednh l\u00e0 vi\u1ec7c s\u1edf h\u1eefu hai \u1ed1ng k\u00ednh ri\u00eang bi\u1ec7t, \u0111\u01b0\u1ee3c b\u1ed1 tr\u00ed m\u1ed9t c\u00e1ch khoa h\u1ecdc \u1edf ph\u1ea7n tr\u00ean v\u00e0 d\u01b0\u1edbi th\u00e2n m\u00e1y. Thi\u1ebft k\u1ebf n\u00e0y mang \u0111\u1ebfn m\u1ed9t l\u1ee3i th\u1ebf v\u01b0\u1ee3t tr\u1ed9i, \u0111\u1ea3m b\u1ea3o m\u1ecdi ng\u00f3c ng\u00e1ch trong kh\u00f4ng gian l\u1eafp \u0111\u1eb7t \u0111\u1ec1u \u0111\u01b0\u1ee3c bao qu\u00e1t m\u1ed9t c\u00e1ch t\u1ed1i \u0111a, lo\u1ea1i b\u1ecf ho\u00e0n to\u00e0n c\u00e1c \u0111i\u1ec3m m\u00f9 ti\u1ec1m \u1ea9n.<\/p>\n<p>\u1ed0ng k\u00ednh ph\u00eda tr\u00ean c\u1ee7a Ezviz H90 Dual \u0111\u01b0\u1ee3c thi\u1ebft k\u1ebf v\u1edbi kh\u1ea3 n\u0103ng xoay linh ho\u1ea1t, \u0111\u1ea1t \u0111\u1ebfn 96 \u0111\u1ed9 theo chi\u1ec1u ngang, g\u00f3c ch\u00e9o 110 \u0111\u1ed9 v\u00e0 54 \u0111\u1ed9 theo chi\u1ec1u d\u1ecdc. V\u1edbi g\u00f3c quay r\u1ed9ng nh\u01b0 v\u1eady, \u1ed1ng k\u00ednh n\u00e0y \u0111\u00f3ng vai tr\u00f2 nh\u01b0 m\u1ed9t &#8220;con m\u1eaft&#8221; bao qu\u00e1t, cung c\u1ea5p cho b\u1ea1n c\u00e1i nh\u00ecn t\u1ed5ng th\u1ec3 v\u1ec1 to\u00e0n b\u1ed9 khu v\u1ef1c gi\u00e1m s\u00e1t m\u1ed9t c\u00e1ch hi\u1ec7u qu\u1ea3.<\/p>\n<p>\u1ed0ng k\u00ednh \u1edf ph\u00eda d\u01b0\u1edbi c\u00f3 kh\u1ea3 n\u0103ng xoay ngang 52 \u0111\u1ed9, \u0111\u01b0\u1eddng ch\u00e9o 60 \u0111\u1ed9 v\u00e0 theo chi\u1ec1u d\u1ecdc 28 \u0111\u1ed9. \u1ed0ng k\u00ednh n\u00e0y \u0111\u01b0\u1ee3c t\u00edch h\u1ee3p c\u1ea3m bi\u1ebfn ch\u1ea5t l\u01b0\u1ee3ng cao, mang \u0111\u1ebfn kh\u1ea3 n\u0103ng quan s\u00e1t chi ti\u1ebft v\u01b0\u1ee3t tr\u1ed9i. Nh\u1edd v\u1eady, b\u1ea1n c\u00f3 th\u1ec3 t\u1eadp trung v\u00e0o nh\u1eefng khu v\u1ef1c quan tr\u1ecdng c\u1ea7n theo d\u00f5i s\u00e1t sao, \u0111\u1ea3m b\u1ea3o kh\u00f4ng b\u1ecf l\u1ee1 b\u1ea5t k\u1ef3 di\u1ec5n bi\u1ebfn n\u00e0o.<\/p>\n","protected":false},"excerpt":{"rendered":"<p>B\u1ea3o h\u00e0ng: <strong>12 th\u00e1ng<\/strong><\/p>\n","protected":false},"featured_media":456,"comment_status":"open","ping_status":"closed","template":"","meta":[],"product_brand":[],"product_cat":[20],"product_tag":[],"class_list":{"0":"post-455","1":"product","2":"type-product","3":"status-publish","4":"has-post-thumbnail","6":"product_cat-camera-quan-sat","8":"first","9":"instock","10":"taxable","11":"shipping-taxable","12":"purchasable","13":"product-type-simple"},"_links":{"self":[{"href":"https:\/\/vothaonhu.id.vn\/index.php\/wp-json\/wp\/v2\/product\/455","targetHints":{"allow":["GET"]}}],"collection":[{"href":"https:\/\/vothaonhu.id.vn\/index.php\/wp-json\/wp\/v2\/product"}],"about":[{"href":"https:\/\/vothaonhu.id.vn\/index.php\/wp-json\/wp\/v2\/types\/product"}],"replies":[{"embeddable":true,"href":"https:\/\/vothaonhu.id.vn\/index.php\/wp-json\/wp\/v2\/comments?post=455"}],"wp:featuredmedia":[{"embeddable":true,"href":"https:\/\/vothaonhu.id.vn\/index.php\/wp-json\/wp\/v2\/media\/456"}],"wp:attachment":[{"href":"https:\/\/vothaonhu.id.vn\/index.php\/wp-json\/wp\/v2\/media?parent=455"}],"wp:term":[{"taxonomy":"product_brand","embeddable":true,"href":"https:\/\/vothaonhu.id.vn\/index.php\/wp-json\/wp\/v2\/product_brand?post=455"},{"taxonomy":"product_cat","embeddable":true,"href":"https:\/\/vothaonhu.id.vn\/index.php\/wp-json\/wp\/v2\/product_cat?post=455"},{"taxonomy":"product_tag","embeddable":true,"href":"https:\/\/vothaonhu.id.vn\/index.php\/wp-json\/wp\/v2\/product_tag?post=455"}],"curies":[{"name":"wp","href":"https:\/\/api.w.org\/{rel}","templated":true}]}}