{"id":448,"date":"2025-05-29T08:21:06","date_gmt":"2025-05-29T08:21:06","guid":{"rendered":"https:\/\/vothaonhu.id.vn\/?post_type=product&#038;p=448"},"modified":"2025-06-06T08:18:12","modified_gmt":"2025-06-06T08:18:12","slug":"camera-ip-ngoai-troi-360-do-3mp-tp-link-tapo-c510w","status":"publish","type":"product","link":"https:\/\/vothaonhu.id.vn\/index.php\/product\/camera-ip-ngoai-troi-360-do-3mp-tp-link-tapo-c510w\/","title":{"rendered":"Camera IP Ngo\u00e0i tr\u1eddi 360 \u0110\u1ed9 3MP TP-Link Tapo C510W"},"content":{"rendered":"<h3>Gi\u1eefa th\u1eddi \u0111\u1ea1i an ninh th\u00f4ng minh l\u00ean ng\u00f4i,<span>\u00a0<\/span><a href=\"https:\/\/www.thegioididong.com\/camera-giam-sat\/camera-ip-ngoai-troi-360-do-3mp-tp-link-tapo-c510w\" target=\"_blank\" title=\"Tham kh\u1ea3o Camera IP Ngo\u00e0i tr\u1eddi 360 \u0110\u1ed9 3MP TP-Link Tapo C510W t\u1ea1i thegioididong.com\" rel=\"noopener\">Camera IP Ngo\u00e0i tr\u1eddi 360 \u0110\u1ed9 3MP TP-Link Tapo C510W<\/a><span>\u00a0<\/span>n\u1ed5i b\u1eadt nh\u01b0 m\u1ed9t \u201cng\u01b0\u1eddi g\u00e1c c\u1ed5ng\u201d \u0111\u00e1ng tin c\u1eady, mang \u0111\u1ebfn t\u1ea7m nh\u00ecn s\u1eafc n\u00e9t c\u00f9ng h\u00e0ng lo\u1ea1t t\u00ednh n\u0103ng ti\u00ean ti\u1ebfn. Kh\u00f4ng ch\u1ec9 \u0111\u01a1n thu\u1ea7n l\u00e0 m\u1ed9t camera gi\u00e1m s\u00e1t, thi\u1ebft b\u1ecb n\u00e0y c\u00f2n n\u00e2ng c\u1ea5p tr\u1ea3i nghi\u1ec7m an ninh v\u1edbi h\u00ecnh \u1ea3nh s\u1ed1ng \u0111\u1ed9ng, kh\u1ea3 n\u0103ng theo d\u00f5i linh ho\u1ea1t v\u00e0 h\u1ec7 th\u1ed1ng c\u1ea3nh b\u00e1o hi\u1ec7u qu\u1ea3.<\/h3>\n<h3>Ch\u1ea5t l\u01b0\u1ee3ng h\u00ecnh \u1ea3nh s\u1eafc n\u00e9t, quan s\u00e1t tr\u1ecdn v\u1eb9n v\u1edbi t\u1ea7m nh\u00ecn \u0111\u00eam<\/h3>\n<p>V\u1edbi \u0111\u1ed9 ph\u00e2n gi\u1ea3i 2304 \u00d7 1296 pixels, Tapo C510W ghi l\u1ea1i h\u00ecnh \u1ea3nh chi ti\u1ebft h\u01a1n h\u1eb3n so v\u1edbi ti\u00eau chu\u1ea9n Full HD th\u00f4ng th\u01b0\u1eddng. M\u1ecdi g\u00f3c c\u1ea1nh, chuy\u1ec3n \u0111\u1ed9ng nh\u1ecf nh\u1ea5t \u0111\u1ec1u \u0111\u01b0\u1ee3c t\u00e1i hi\u1ec7n r\u00f5 n\u00e9t, gi\u00fap b\u1ea1n d\u1ec5 d\u00e0ng quan s\u00e1t khu v\u1ef1c ngo\u00e0i tr\u1eddi, nh\u1eadn di\u1ec7n khu\u00f4n m\u1eb7t hay bi\u1ec3n s\u1ed1 xe t\u1eeb xa.<\/p>\n","protected":false},"excerpt":{"rendered":"<p>B\u1ea3o h\u00e0nh: <strong>12 th\u00e1ng<\/strong><\/p>\n","protected":false},"featured_media":449,"comment_status":"open","ping_status":"closed","template":"","meta":[],"product_brand":[],"product_cat":[20],"product_tag":[],"class_list":{"0":"post-448","1":"product","2":"type-product","3":"status-publish","4":"has-post-thumbnail","6":"product_cat-camera-quan-sat","8":"first","9":"instock","10":"taxable","11":"shipping-taxable","12":"purchasable","13":"product-type-simple"},"_links":{"self":[{"href":"https:\/\/vothaonhu.id.vn\/index.php\/wp-json\/wp\/v2\/product\/448","targetHints":{"allow":["GET"]}}],"collection":[{"href":"https:\/\/vothaonhu.id.vn\/index.php\/wp-json\/wp\/v2\/product"}],"about":[{"href":"https:\/\/vothaonhu.id.vn\/index.php\/wp-json\/wp\/v2\/types\/product"}],"replies":[{"embeddable":true,"href":"https:\/\/vothaonhu.id.vn\/index.php\/wp-json\/wp\/v2\/comments?post=448"}],"wp:featuredmedia":[{"embeddable":true,"href":"https:\/\/vothaonhu.id.vn\/index.php\/wp-json\/wp\/v2\/media\/449"}],"wp:attachment":[{"href":"https:\/\/vothaonhu.id.vn\/index.php\/wp-json\/wp\/v2\/media?parent=448"}],"wp:term":[{"taxonomy":"product_brand","embeddable":true,"href":"https:\/\/vothaonhu.id.vn\/index.php\/wp-json\/wp\/v2\/product_brand?post=448"},{"taxonomy":"product_cat","embeddable":true,"href":"https:\/\/vothaonhu.id.vn\/index.php\/wp-json\/wp\/v2\/product_cat?post=448"},{"taxonomy":"product_tag","embeddable":true,"href":"https:\/\/vothaonhu.id.vn\/index.php\/wp-json\/wp\/v2\/product_tag?post=448"}],"curies":[{"name":"wp","href":"https:\/\/api.w.org\/{rel}","templated":true}]}}