{"id":430,"date":"2025-05-29T08:03:44","date_gmt":"2025-05-29T08:03:44","guid":{"rendered":"https:\/\/vothaonhu.id.vn\/?post_type=product&#038;p=430"},"modified":"2025-06-07T17:04:22","modified_gmt":"2025-06-07T17:04:22","slug":"man-hinh-viewsonic-va2708-2k-mhd-27-inch-2k-ips-100hz-1ms","status":"publish","type":"product","link":"https:\/\/vothaonhu.id.vn\/index.php\/product\/man-hinh-viewsonic-va2708-2k-mhd-27-inch-2k-ips-100hz-1ms\/","title":{"rendered":"M\u00e0n h\u00ecnh Viewsonic VA2708-2K-MHD 27 inch"},"content":{"rendered":"<h3><a href=\"https:\/\/www.thegioididong.com\/man-hinh-may-tinh\/man-hinh-viewsonic-va2708-2k-mhd-27-inch-2k-ips-100hz-1ms\" target=\"_blank\" title=\"Tham kh\u1ea3o s\u1ea3n ph\u1ea9m m\u00e0n h\u00ecnh Viewsonic VA2708-2K-MHD 27 inch 2K t\u1ea1i Th\u1ebf Gi\u1edbi Di \u0110\u1ed9ng\" rel=\"noopener\">M\u00e0n h\u00ecnh Viewsonic VA2708-2K-MHD 27 inch 2K<\/a><span>\u00a0<\/span>l\u00e0 s\u1ea3n ph\u1ea9m mang l\u1ea1i s\u1ef1 h\u00e0i l\u00f2ng to\u00e0n di\u1ec7n, t\u1eeb thi\u1ebft k\u1ebf hi\u1ec7n \u0111\u1ea1i, \u0111\u1ed9 ph\u00e2n gi\u1ea3i QHD s\u1eafc n\u00e9t c\u00f9ng t\u1ea7n s\u1ed1 qu\u00e9t cao v\u00e0 c\u00e1c c\u00f4ng ngh\u1ec7 ti\u00ean ti\u1ebfn. D\u00f9 b\u1ea1n l\u00e0 ng\u01b0\u1eddi d\u00f9ng chuy\u00ean nghi\u1ec7p hay \u0111am m\u00ea gi\u1ea3i tr\u00ed, m\u00e0n h\u00ecnh n\u00e0y ch\u1eafc ch\u1eafn s\u1ebd l\u00e0 ng\u01b0\u1eddi \u0111\u1ed3ng h\u00e0nh \u0111\u00e1ng tin c\u1eady, n\u00e2ng cao tr\u1ea3i nghi\u1ec7m v\u00e0 hi\u1ec7u qu\u1ea3 c\u00f4ng vi\u1ec7c c\u1ee7a b\u1ea1n.<\/h3>\n<p>\u2022\u00a0<a href=\"https:\/\/www.thegioididong.com\/man-hinh-may-tinh-viewsonic\" target=\"_blank\" title=\"Tham kh\u1ea3o c\u00e1c m\u1eabu m\u00e0n h\u00ecnh Viewsonic t\u1ea1i thegioididong.com\" rel=\"noopener\">M\u00e0n h\u00ecnh m\u00e1y t\u00ednh Viewsonic<\/a><span>\u00a0<\/span>s\u1edf h\u1eefu thi\u1ebft k\u1ebf m\u1ecfng vi\u1ec1n ba c\u1ea1nh, kh\u00f4ng ch\u1ec9 t\u1ed1i \u01b0u h\u00f3a kh\u00f4ng gian hi\u1ec3n th\u1ecb m\u00e0 c\u00f2n mang l\u1ea1i v\u1ebb ngo\u00e0i sang tr\u1ecdng, tinh t\u1ebf. K\u00edch th\u01b0\u1edbc<span>\u00a0<\/span><strong>27 inch<\/strong><span>\u00a0<\/span>\u0111\u01b0\u1ee3c t\u1ea1o ra n\u00ean kh\u00f4ng th\u1ec3 m\u1edf r\u1ed9ng m\u00e0n h\u00ecnh r\u1ed9ng r\u00e3i, ph\u00f9 h\u1ee3p cho c\u1ea3 c\u00f4ng vi\u1ec7c l\u1eabn gi\u1ea3i tr\u00ed \u0111\u1ec9nh cao.<\/p>\n<p>\u2022\u00a0Ch\u00e2n \u0111\u1ebf v\u1eefng ch\u1eafc, t\u00f4ng m\u00e0u \u0111en hi\u1ec7n \u0111\u1ea1i gi\u00fap m\u00e0n h\u00ecnh d\u1ec5 d\u00e0ng h\u00e0i h\u00f2a v\u1edbi b\u1ea5t k\u1ef3 kh\u00f4ng gian n\u00e0o, t\u1eeb v\u0103n ph\u00f2ng l\u00e0m vi\u1ec7c \u0111\u1ebfn g\u00f3c gi\u1ea3i tr\u00ed c\u00e1 nh\u00e2n. Thi\u1ebft k\u1ebf<span>\u00a0<\/span><strong>g\u1eadp m\u00e0n h\u00ecnh l\u00ean xu\u1ed1ng<\/strong><span>\u00a0<\/span>c\u00f9ng vi\u1ec7c h\u1ed7 tr\u1ee3 g\u1eafn<span>\u00a0<\/span><strong>ARM chu\u1ea9n VESA<\/strong>\u00a0gi\u00fap b\u1ea1n t\u1ed1i \u01b0u h\u00f3a kh\u00f4ng gian l\u00e0m vi\u1ec7c v\u00e0 n\u00e2ng cao tr\u1ea3i nghi\u1ec7m s\u1eed d\u1ee5ng m\u1ed9t c\u00e1ch linh ho\u1ea1t v\u00e0 ti\u1ec7n l\u1ee3i.<\/p>\n<p>\u2022\u00a0<a href=\"https:\/\/www.thegioididong.com\/man-hinh-may-tinh\" target=\"_blank\" title=\"Tham kh\u1ea3o c\u00e1c m\u1eabu m\u00e0n h\u00ecnh m\u00e1y t\u00ednh t\u1ea1i thegioididong.com\" rel=\"noopener\">M\u00e0n h\u00ecnh m\u00e1y t\u00ednh<\/a><span>\u00a0<\/span>\u0111\u01b0\u1ee3c c\u00f3 \u0111\u1ed9 ph\u00e2n gi\u1ea3i<span>\u00a0<\/span><strong>QHD (2560 x 1440)<\/strong>, cung c\u1ea5p m\u1ee9c \u0111\u1ed9 chi ti\u1ebft v\u01b0\u1ee3t tr\u1ed9i so v\u1edbi Full HD. C\u00e1c h\u00ecnh \u1ea3nh hi\u1ec3n th\u1ecb s\u1eafc n\u00e9t, chi ti\u1ebft, l\u00fd t\u01b0\u1edfng cho c\u00e1c c\u00f4ng vi\u1ec7c c\u1ea7n s\u1ef1 ch\u00ednh x\u00e1c nh\u01b0 thi\u1ebft k\u1ebf \u0111\u1ed3 h\u1ecda, ch\u1ec9nh s\u1eeda video ho\u1eb7c ph\u00e2n t\u00edch d\u1eef li\u1ec7u.<\/p>\n<p>\u2022\u00a0T\u1ea5m n\u1ec1n<span>\u00a0<\/span><strong>IPS<span>\u00a0<\/span><\/strong>mang \u0111\u1ebfn g\u00f3c nh\u00ecn r\u1ed9ng l\u00ean \u0111\u1ebfn<span>\u00a0<\/span><strong>178 \u0111\u1ed9<\/strong>, \u0111\u1ea3m b\u1ea3o m\u00e0u s\u1eafc trung th\u1ef1c, \u0111\u1ed3ng \u0111\u1ec1u t\u1eeb m\u1ecdi g\u00f3c \u0111\u1ed9. B\u1ea5t k\u1ec3 b\u1ea1n l\u00e0m vi\u1ec7c hay gi\u1ea3i tr\u00ed, h\u00ecnh \u1ea3nh \u0111\u1ec1u r\u1ef1c r\u1ee1 v\u00e0 s\u1ed1ng \u0111\u1ed9ng nh\u01b0 th\u1eadt.<\/p>\n<p>\u2022\u00a0\u0110i\u1ec3m nh\u1ea5n c\u1ee7a m\u00e0n h\u00ecnh Viewsonic ch\u00ednh l\u00e0 t\u1ea7n s\u1ed1 qu\u00e9t<span>\u00a0<\/span><strong>100 Hz<\/strong>, mang \u0111\u1ebfn tr\u1ea3i nghi\u1ec7m h\u00ecnh \u1ea3nh v\u00f4 c\u00f9ng m\u01b0\u1ee3t m\u00e0. V\u1edbi t\u1ed1c \u0111\u1ed9 l\u00e0m m\u1edbi cao nh\u01b0 v\u1eady, m\u1ecdi chuy\u1ec3n \u0111\u1ed9ng tr\u00ean m\u00e0n h\u00ecnh \u0111\u1ec1u tr\u1edf n\u00ean s\u1ed1ng \u0111\u1ed9ng v\u00e0 ch\u00e2n th\u1ef1c h\u01a1n bao gi\u1edd h\u1ebft. \u0110\u00e2y l\u00e0 m\u1ed9t l\u1ee3i th\u1ebf tuy\u1ec7t v\u1eddi cho c\u00e1c game th\u1ee7 v\u00e0 nh\u1eefng ai y\u00eau th\u00edch nh\u1eefng th\u01b0\u1edbc phim h\u00e0nh \u0111\u1ed9ng t\u1ed1c \u0111\u1ed9 cao gi\u00fap lo\u1ea1i b\u1ecf ho\u00e0n to\u00e0n hi\u1ec7n t\u01b0\u1ee3ng gi\u1eadt h\u00ecnh, mang \u0111\u1ebfn nh\u1eefng gi\u00e2y ph\u00fat gi\u1ea3i tr\u00ed tuy\u1ec7t v\u1eddi.<\/p>\n<p>\u2022\u00a0Th\u00eam v\u00e0o \u0111\u00f3, c\u00f4ng ngh\u1ec7<span>\u00a0<\/span><strong>Adaptive-Sync<\/strong><span>\u00a0<\/span>k\u1ebft h\u1ee3p th\u1eddi gian \u0111\u00e1p \u1ee9ng nhanh<span>\u00a0<\/span><strong>1 ms (MPRT)<\/strong><span>\u00a0<\/span>\u0111\u1ea3m b\u1ea3o c\u00e1c c\u1ea3nh chuy\u1ec3n \u0111\u1ed9ng nhanh kh\u00f4ng b\u1ecb m\u1edd, mang l\u1ea1i tr\u1ea3i nghi\u1ec7m ch\u01a1i game v\u00e0 xem phim li\u1ec1n m\u1ea1ch, s\u1eafc n\u00e9t.<\/p>\n<p>\u2022\u00a0M\u00e0n h\u00ecnh h\u1ed7 tr\u1ee3 ph\u1ea1m vi m\u00e0u r\u1ed9ng khi \u0111\u1ea1t ti\u00eau chu\u1ea9n<span>\u00a0<\/span><strong>111% sRGB v\u00e0 80% NTSC<\/strong>, ph\u00f9 h\u1ee3p cho c\u1ea3 nh\u1eefng c\u00f4ng vi\u1ec7c y\u00eau c\u1ea7u \u0111\u1ed9 chu\u1ea9n m\u00e0u cao. C\u00f4ng ngh\u1ec7<span>\u00a0<\/span><strong>HDR10<span>\u00a0<\/span><\/strong>c\u0169ng gi\u00fap c\u00e1c v\u00f9ng s\u00e1ng v\u00e0 t\u1ed1i trong h\u00ecnh \u1ea3nh \u0111\u01b0\u1ee3c hi\u1ec3n th\u1ecb chi ti\u1ebft h\u01a1n, m\u00e0u s\u1eafc tr\u1edf n\u00ean r\u1ef1c r\u1ee1 v\u00e0 t\u1ef1 nhi\u00ean h\u01a1n, gi\u00fap b\u1ea1n \u0111\u1eafm ch\u00ecm v\u00e0o nh\u1eefng th\u01b0\u1edbc phim nh\u01b0 \u0111ang \u0111\u01b0\u1ee3c tr\u1ea3i nghi\u1ec7m tr\u1ef1c ti\u1ebfp.<\/p>\n<p>\u2022\u00a0V\u1edbi \u0111\u1ed9 t\u01b0\u01a1ng ph\u1ea3n t\u0129nh l\u00ean \u0111\u1ebfn<span>\u00a0<\/span><strong>50.000.000:1<\/strong>, m\u00e0n h\u00ecnh Viewsonic mang \u0111\u1ebfn tr\u1ea3i nghi\u1ec7m h\u00ecnh \u1ea3nh s\u1ed1ng \u0111\u1ed9ng ch\u01b0a t\u1eebng c\u00f3. M\u00e0u \u0111en s\u00e2u th\u1eb3m, m\u00e0u tr\u1eafng tinh khi\u1ebft c\u00f9ng v\u1edbi chi ti\u1ebft s\u1eafc n\u00e9t trong m\u1ecdi khung h\u00ecnh s\u1ebd khi\u1ebfn b\u1ea1n \u0111\u1eafm ch\u00ecm v\u00e0o th\u1ebf gi\u1edbi gi\u1ea3i tr\u00ed.<\/p>\n<p>\u2022\u00a0C\u00f4ng ngh\u1ec7<span>\u00a0<\/span><strong>Eye ProTech+<\/strong><span>\u00a0<\/span>tr\u00ean\u00a0<a href=\"https:\/\/www.thegioididong.com\/man-hinh-may-tinh-van-phong\" target=\"_blank\" title=\"Tham kh\u1ea3o c\u00e1c m\u1eabu m\u00e0n h\u00ecnh v\u0103n ph\u00f2ng t\u1ea1i thegioididong.com\" rel=\"noopener\">m\u00e0n h\u00ecnh v\u0103n ph\u00f2ng<\/a>\u00a0v\u1edbi kh\u1ea3 n\u0103ng ch\u1ed1ng nh\u1ea5p nh\u00e1y v\u00e0 l\u1ecdc \u00e1nh s\u00e1ng xanh gi\u00fap gi\u1ea3m m\u1ecfi m\u1eaft, mang \u0111\u1ebfn tr\u1ea3i nghi\u1ec7m th\u1ecb gi\u00e1c tho\u1ea3i m\u00e1i v\u00e0 b\u1ea3o v\u1ec7 \u0111\u00f4i m\u1eaft b\u1ea1n kh\u1ecfi c\u00e1c t\u00e1c h\u1ea1i c\u1ee7a \u00e1nh s\u00e1ng k\u1ef9 thu\u1eadt s\u1ed1.<\/p>\n<p>\u2022\u00a0M\u00e0n h\u00ecnh m\u00e1y t\u00ednh h\u1ed7 tr\u1ee3 c\u00e1c c\u1ed5ng k\u1ebft n\u1ed1i ph\u1ed5 bi\u1ebfn nh\u01b0 HDMI 2.0,\u00a0D-Sub, Jack tai nghe 3.5 mm v\u00e0 DisplayPort, cho ph\u00e9p giao ti\u1ebfp d\u1ec5 d\u00e0ng v\u1edbi nhi\u1ec1u thi\u1ebft b\u1ecb kh\u00e1c nhau, t\u1eeb m\u00e1y t\u00ednh, laptop \u0111\u1ebfn c\u00e1c thi\u1ebft b\u1ecb gi\u1ea3i tr\u00ed.<\/p>\n","protected":false},"excerpt":{"rendered":"<p>B\u1ea3o h\u00e0nh: <strong>12 th\u00e1ng<\/strong><\/p>\n","protected":false},"featured_media":431,"comment_status":"open","ping_status":"closed","template":"","meta":[],"product_brand":[],"product_cat":[25],"product_tag":[],"class_list":{"0":"post-430","1":"product","2":"type-product","3":"status-publish","4":"has-post-thumbnail","6":"product_cat-may-tinh-de-ban","8":"first","9":"instock","10":"taxable","11":"shipping-taxable","12":"purchasable","13":"product-type-simple"},"_links":{"self":[{"href":"https:\/\/vothaonhu.id.vn\/index.php\/wp-json\/wp\/v2\/product\/430","targetHints":{"allow":["GET"]}}],"collection":[{"href":"https:\/\/vothaonhu.id.vn\/index.php\/wp-json\/wp\/v2\/product"}],"about":[{"href":"https:\/\/vothaonhu.id.vn\/index.php\/wp-json\/wp\/v2\/types\/product"}],"replies":[{"embeddable":true,"href":"https:\/\/vothaonhu.id.vn\/index.php\/wp-json\/wp\/v2\/comments?post=430"}],"wp:featuredmedia":[{"embeddable":true,"href":"https:\/\/vothaonhu.id.vn\/index.php\/wp-json\/wp\/v2\/media\/431"}],"wp:attachment":[{"href":"https:\/\/vothaonhu.id.vn\/index.php\/wp-json\/wp\/v2\/media?parent=430"}],"wp:term":[{"taxonomy":"product_brand","embeddable":true,"href":"https:\/\/vothaonhu.id.vn\/index.php\/wp-json\/wp\/v2\/product_brand?post=430"},{"taxonomy":"product_cat","embeddable":true,"href":"https:\/\/vothaonhu.id.vn\/index.php\/wp-json\/wp\/v2\/product_cat?post=430"},{"taxonomy":"product_tag","embeddable":true,"href":"https:\/\/vothaonhu.id.vn\/index.php\/wp-json\/wp\/v2\/product_tag?post=430"}],"curies":[{"name":"wp","href":"https:\/\/api.w.org\/{rel}","templated":true}]}}