{"id":417,"date":"2025-05-29T07:38:03","date_gmt":"2025-05-29T07:38:03","guid":{"rendered":"https:\/\/vothaonhu.id.vn\/?post_type=product&#038;p=417"},"modified":"2025-05-29T07:38:04","modified_gmt":"2025-05-29T07:38:04","slug":"man-hinh-msi-pro-mp252l-24-5-inch-fhd-ips-100hz-1ms","status":"publish","type":"product","link":"https:\/\/vothaonhu.id.vn\/index.php\/product\/man-hinh-msi-pro-mp252l-24-5-inch-fhd-ips-100hz-1ms\/","title":{"rendered":"M\u00e0n h\u00ecnh MSI PRO MP252L 24.5 inch FHD\/IPS\/100Hz\/1ms"},"content":{"rendered":"<h3><a href=\"https:\/\/www.thegioididong.com\/man-hinh-may-tinh\/msi-pro-mp252l-24-5-inch-fhd-ips-100hz-1ms\" target=\"_blank\" title=\"Tham kh\u1ea3o m\u00e0n h\u00ecnh MSI PRO MP252L 24.5 inch Full HD t\u1ea1i Th\u1ebf Gi\u1edbi Di \u0110\u1ed9ng\" rel=\"noopener\">M\u00e0n h\u00ecnh MSI PRO MP252L 24.5 inch Full HD<\/a><span>\u00a0<\/span>l\u00e0 ng\u01b0\u1eddi b\u1ea1n \u0111\u1ed3ng h\u00e0nh ho\u00e0n h\u1ea3o cho m\u1ecdi kh\u00f4ng gian l\u00e0m vi\u1ec7c. Ch\u1ea5t l\u01b0\u1ee3ng h\u00ecnh \u1ea3nh Full HD s\u1eafc n\u00e9t, m\u00e0u s\u1eafc s\u1ed1ng \u0111\u1ed9ng s\u1ebd khi\u1ebfn b\u1ea1n \u0111\u1eafm ch\u00ecm v\u00e0o t\u1eebng chi ti\u1ebft h\u00ecnh \u1ea3nh. B\u00ean c\u1ea1nh \u0111\u00f3, t\u1ea7n s\u1ed1 qu\u00e9t cao v\u00e0 th\u1eddi gian \u0111\u00e1p \u1ee9ng nhanh mang \u0111\u1ebfn tr\u1ea3i nghi\u1ec7m ch\u01a1i game m\u01b0\u1ee3t m\u00e0, kh\u00f4ng lo gi\u1eadt lag gi\u00fap b\u1ea1n th\u01b0 gi\u00e3n sau nh\u1eefng gi\u1edd l\u00e0m vi\u1ec7c c\u0103ng th\u1eb3ng.<\/h3>\n<p>\u2022 V\u1edbi thi\u1ebft k\u1ebf m\u00e0n h\u00ecnh ph\u1eb3ng hi\u1ec7n \u0111\u1ea1i, MSI \u0111\u00e3 t\u1ea1o ra m\u1ed9t kh\u00f4ng gian l\u00e0m vi\u1ec7c v\u00e0 gi\u1ea3i tr\u00ed l\u00fd t\u01b0\u1edfng. K\u00edch th\u01b0\u1edbc<span>\u00a0<\/span><strong>24.5 inch<span>\u00a0<\/span><\/strong>v\u1eeba \u0111\u1ee7, kh\u00f4ng qu\u00e1 l\u1edbn c\u0169ng kh\u00f4ng qu\u00e1 nh\u1ecf, mang \u0111\u1ebfn t\u1ea7m nh\u00ecn bao qu\u00e1t v\u00e0 tho\u1ea3i m\u00e1i. Cho d\u00f9 b\u1ea1n \u0111ang l\u00e0m vi\u1ec7c v\u1edbi c\u00e1c b\u1ea3ng t\u00ednh ph\u1ee9c t\u1ea1p, ch\u1ec9nh s\u1eeda h\u00ecnh \u1ea3nh hay \u0111\u01a1n gi\u1ea3n l\u00e0 t\u1eadn h\u01b0\u1edfng nh\u1eefng b\u1ed9 phim y\u00eau th\u00edch, m\u00e0n h\u00ecnh MSI n\u00e0y \u0111\u1ec1u \u0111\u00e1p \u1ee9ng t\u1ed1t m\u1ecdi nhu c\u1ea7u c\u1ee7a b\u1ea1n.<\/p>\n<p>\u2022 Nh\u1edd c\u00f3 \u0111\u1ed9 ph\u00e2n gi\u1ea3i<span>\u00a0<\/span><strong>Full HD<\/strong><span>\u00a0<\/span>s\u1eafc n\u00e9t, m\u00e0n h\u00ecnh t\u00e1i hi\u1ec7n m\u1ecdi h\u00ecnh \u1ea3nh m\u1ed9t c\u00e1ch s\u1ed1ng \u0111\u1ed9ng v\u00e0 ch\u00e2n th\u1ef1c \u0111\u1ebfn t\u1eebng chi ti\u1ebft nh\u1ecf nh\u1ea5t. T\u1ea5m n\u1ec1n<span>\u00a0<\/span><strong>IPS<span>\u00a0<\/span><\/strong>kh\u00f4ng ch\u1ec9 mang \u0111\u1ebfn m\u00e0u s\u1eafc r\u1ef1c r\u1ee1, \u0111\u1ed9 t\u01b0\u01a1ng ph\u1ea3n cao m\u00e0 c\u00f2n \u0111\u1ea3m b\u1ea3o g\u00f3c nh\u00ecn r\u1ed9ng l\u00ean \u0111\u1ebfn 178 \u0111\u1ed9, cho ph\u00e9p b\u1ea1n th\u01b0\u1edfng th\u1ee9c n\u1ed9i dung t\u1eeb m\u1ecdi v\u1ecb tr\u00ed m\u00e0 kh\u00f4ng lo b\u1ecb bi\u1ebfn d\u1ea1ng m\u00e0u s\u1eafc.<\/p>\n<p>\u2022<span>\u00a0<\/span><a href=\"https:\/\/www.thegioididong.com\/man-hinh-may-tinh-msi\" target=\"_blank\" title=\"Tham kh\u1ea3o c\u00e1c m\u1eabu M\u00e0n h\u00ecnh m\u00e1y t\u00ednh MSI t\u1ea1i thegioididong.com\" rel=\"noopener\">M\u00e0n h\u00ecnh m\u00e1y t\u00ednh MSI<\/a>\u00a0\u0111\u01b0\u1ee3c trang b\u1ecb t\u1ea7n s\u1ed1 qu\u00e9t<span>\u00a0<\/span><strong>100 Hz<\/strong><span>\u00a0<\/span>v\u00e0 th\u1eddi gian \u0111\u00e1p \u1ee9ng<span>\u00a0<\/span><strong>1 ms (MPRT)<\/strong>, \u0111\u1ea3m b\u1ea3o h\u00ecnh \u1ea3nh hi\u1ec3n th\u1ecb s\u1eafc n\u00e9t, chuy\u1ec3n \u0111\u1ed9ng m\u01b0\u1ee3t m\u00e0, kh\u00f4ng b\u1ecb nh\u00f2e. C\u00f4ng ngh\u1ec7<span>\u00a0<\/span><strong>Adaptive-Sync<\/strong><span>\u00a0<\/span>\u0111\u1ed3ng b\u1ed9 h\u00f3a t\u1ed1c \u0111\u1ed9 l\u00e0m t\u01b0\u01a1i c\u1ee7a m\u00e0n h\u00ecnh v\u1edbi card \u0111\u1ed3 h\u1ecda, gi\u1ea3m thi\u1ec3u x\u00e9 h\u00ecnh v\u00e0 t\u1ea1o ra tr\u1ea3i nghi\u1ec7m ch\u01a1i game, xem phim m\u01b0\u1ee3t m\u00e0. Th\u00eam v\u00e0o \u0111\u00f3, c\u00f4ng ngh\u1ec7 ch\u1ed1ng ch\u00f3i<span>\u00a0<\/span><strong>Anti-Glare<span>\u00a0<\/span><\/strong>cho ph\u00e9p b\u1ea1n \u0111\u1eb7t m\u00e0n h\u00ecnh \u1edf b\u1ea5t k\u1ef3 v\u1ecb tr\u00ed n\u00e0o m\u00e0 kh\u00f4ng lo b\u1ecb \u1ea3nh h\u01b0\u1edfng b\u1edfi \u00e1nh s\u00e1ng xung quanh.<\/p>\n<p>\u2022 V\u1edbi \u0111\u1ed9 ph\u1ee7 m\u00e0u<span>\u00a0<\/span><strong>85% Adobe RGB<\/strong>,<span>\u00a0<\/span><strong>100% sRGB<span>\u00a0<\/span><\/strong>v\u00e0<span>\u00a0<\/span><strong>80% DCI-P3<\/strong>, m\u00e0n h\u00ecnh n\u00e0y \u0111\u00e1p \u1ee9ng \u0111\u01b0\u1ee3c nhu c\u1ea7u l\u00e0m vi\u1ec7c chuy\u00ean nghi\u1ec7p c\u1ee7a c\u00e1c nh\u00e0 thi\u1ebft k\u1ebf \u0111\u1ed3 h\u1ecda, nhi\u1ebfp \u1ea3nh gia. M\u00e0u s\u1eafc \u0111\u01b0\u1ee3c hi\u1ec3n th\u1ecb ch\u00ednh x\u00e1c, \u0111\u1ea3m b\u1ea3o t\u00ednh nh\u1ea5t qu\u00e1n c\u1ee7a d\u1ef1 \u00e1n. B\u1ea1n c\u00f3 th\u1ec3 y\u00ean t\u00e2m r\u1eb1ng m\u00e0u s\u1eafc tr\u00ean m\u00e0n h\u00ecnh s\u1ebd gi\u1ed1ng h\u1ec7t v\u1edbi b\u1ea3n in cu\u1ed1i c\u00f9ng.<\/p>\n<p>\u2022 V\u1edbi c\u00f4ng ngh\u1ec7<span>\u00a0<\/span><strong>HDR Ready<\/strong><span>\u00a0<\/span>c\u00f9ng \u0111\u1ed9 t\u01b0\u01a1ng ph\u1ea3n<strong><span>\u00a0<\/span>1300:1<\/strong>, c\u00e1c n\u1ed9i dung hi\u1ec3n th\u1ecb s\u1ebd tr\u1edf n\u00ean s\u1ed1ng \u0111\u1ed9ng nh\u01b0 th\u1eadt. M\u00e0u s\u1eafc r\u1ef1c r\u1ee1, \u0111\u1ed9 t\u01b0\u01a1ng ph\u1ea3n s\u00e2u, chi ti\u1ebft s\u1eafc n\u00e9t,&#8230; m\u1ecdi th\u1ee9 \u0111\u1ec1u \u0111\u01b0\u1ee3c t\u00e1i hi\u1ec7n ch\u00e2n th\u1ef1c \u0111\u1ebfn t\u1eebng khung h\u00ecnh, mang \u0111\u1ebfn cho b\u1ea1n nh\u1eefng tr\u1ea3i nghi\u1ec7m xem phim, ch\u01a1i game v\u00f4 c\u00f9ng s\u1ed1ng \u0111\u1ed9ng.<\/p>\n<p>\u2022 B\u1ea1n c\u00f3 th\u1ec3<span>\u00a0<\/span><strong>g\u1eadp m\u00e0n h\u00ecnh l\u00ean xu\u1ed1ng<\/strong><span>\u00a0<\/span>\u0111\u1ec3 t\u00ecm t\u01b0 th\u1ebf l\u00e0m vi\u1ec7c tho\u1ea3i m\u00e1i nh\u1ea5t, b\u1ea3o v\u1ec7 c\u1ed9t s\u1ed1ng. B\u00ean c\u1ea1nh \u0111\u00f3, chi\u1ebfc<span>\u00a0<\/span><a href=\"https:\/\/www.thegioididong.com\/man-hinh-may-tinh-van-phong\" target=\"_blank\" title=\"Tham kh\u1ea3o c\u00e1c m\u1eabu m\u00e0n h\u00ecnh v\u0103n ph\u00f2ng t\u1ea1i thegioididong.com\" rel=\"noopener\">m\u00e0n h\u00ecnh v\u0103n ph\u00f2ng<\/a>\u00a0n\u00e0y\u00a0c\u00f2n \u0111\u01b0\u1ee3c trang b\u1ecb 3 c\u1ed5ng l\u00e0 DisplayPort 1.2a, HDMI 1.4b v\u00e0 Headphone-out, \u0111\u00e1p \u1ee9ng m\u1ecdi nhu c\u1ea7u l\u00e0m vi\u1ec7c v\u00e0 gi\u1ea3i tr\u00ed c\u1ee7a b\u1ea1n.<\/p>\n<p>\u2022 Ph\u00eda sau c\u1ee7a<span>\u00a0<\/span><a href=\"https:\/\/www.thegioididong.com\/man-hinh-may-tinh\" target=\"_blank\" title=\"Tham kh\u1ea3o c\u00e1c m\u1eabu m\u00e0n h\u00ecnh m\u00e1y t\u00ednh t\u1ea1i thegioididong.com\" rel=\"noopener\">m\u00e0n h\u00ecnh m\u00e1y t\u00ednh<\/a>\u00a0\u0111\u01b0\u1ee3c b\u1ed1 tr\u00ed m\u1ed9t ch\u1ed7 k\u1eb9p c\u00e1p gi\u00fap gi\u1eef cho d\u00e2y c\u00e1p lu\u00f4n g\u1ecdn g\u00e0ng, kh\u00f4ng b\u1ecb r\u1ed1i, t\u1ea1o n\u00ean m\u1ed9t kh\u00f4ng gian l\u00e0m vi\u1ec7c chuy\u00ean nghi\u1ec7p v\u00e0 tho\u00e1ng \u0111\u00e3ng. Kh\u1ed1i l\u01b0\u1ee3ng ch\u1ec9<span>\u00a0<\/span><strong>1.967 kg<span>\u00a0<\/span><\/strong>bao g\u1ed3m ch\u00e2n \u0111\u1ebf, b\u1ea1n c\u00f3 th\u1ec3 di chuy\u1ec3n m\u00e0n h\u00ecnh m\u1ed9t c\u00e1ch d\u1ec5 d\u00e0ng.<\/p>\n","protected":false},"excerpt":{"rendered":"<p>B\u1ea3o h\u00e0nh: <strong>12 th\u00e1ng<\/strong><\/p>\n","protected":false},"featured_media":418,"comment_status":"open","ping_status":"closed","template":"","meta":[],"product_brand":[],"product_cat":[25],"product_tag":[],"class_list":{"0":"post-417","1":"product","2":"type-product","3":"status-publish","4":"has-post-thumbnail","6":"product_cat-may-tinh-de-ban","8":"first","9":"instock","10":"taxable","11":"shipping-taxable","12":"purchasable","13":"product-type-simple"},"_links":{"self":[{"href":"https:\/\/vothaonhu.id.vn\/index.php\/wp-json\/wp\/v2\/product\/417","targetHints":{"allow":["GET"]}}],"collection":[{"href":"https:\/\/vothaonhu.id.vn\/index.php\/wp-json\/wp\/v2\/product"}],"about":[{"href":"https:\/\/vothaonhu.id.vn\/index.php\/wp-json\/wp\/v2\/types\/product"}],"replies":[{"embeddable":true,"href":"https:\/\/vothaonhu.id.vn\/index.php\/wp-json\/wp\/v2\/comments?post=417"}],"wp:featuredmedia":[{"embeddable":true,"href":"https:\/\/vothaonhu.id.vn\/index.php\/wp-json\/wp\/v2\/media\/418"}],"wp:attachment":[{"href":"https:\/\/vothaonhu.id.vn\/index.php\/wp-json\/wp\/v2\/media?parent=417"}],"wp:term":[{"taxonomy":"product_brand","embeddable":true,"href":"https:\/\/vothaonhu.id.vn\/index.php\/wp-json\/wp\/v2\/product_brand?post=417"},{"taxonomy":"product_cat","embeddable":true,"href":"https:\/\/vothaonhu.id.vn\/index.php\/wp-json\/wp\/v2\/product_cat?post=417"},{"taxonomy":"product_tag","embeddable":true,"href":"https:\/\/vothaonhu.id.vn\/index.php\/wp-json\/wp\/v2\/product_tag?post=417"}],"curies":[{"name":"wp","href":"https:\/\/api.w.org\/{rel}","templated":true}]}}