{"id":392,"date":"2025-05-28T03:46:41","date_gmt":"2025-05-28T03:46:41","guid":{"rendered":"https:\/\/vothaonhu.id.vn\/?post_type=product&#038;p=392"},"modified":"2025-06-07T17:16:41","modified_gmt":"2025-06-07T17:16:41","slug":"muc-in-phun-hp-gt52-do-m0h55aa-danh-cho-hp-ink-tank-115-315-415-smart-tank-580-210-va-520","status":"publish","type":"product","link":"https:\/\/vothaonhu.id.vn\/index.php\/product\/muc-in-phun-hp-gt52-do-m0h55aa-danh-cho-hp-ink-tank-115-315-415-smart-tank-580-210-va-520\/","title":{"rendered":"M\u1ef1c in phun HP GT52 \u0110\u1ecf M0H55AA d\u00e0nh cho HP Ink Tank"},"content":{"rendered":"<h3>T\u01b0\u01a1ng th\u00edch v\u1edbi c\u00e1c m\u1eabu<span>\u00a0<\/span><a href=\"https:\/\/www.thegioididong.com\/may-in\" target=\"_blank\" title=\"Xem th\u00eam c\u00e1c m\u1eabu m\u00e1y in kh\u00e1c t\u1ea1i thegioididong.com\" rel=\"noopener\">m\u00e1y in<\/a><span>\u00a0<\/span>phun m\u00e0u t\u1eeb th\u01b0\u01a1ng hi\u1ec7u HP<\/h3>\n<p>M\u1ef1c in phun HP GT52 dung t\u00edch 70 ml t\u01b0\u01a1ng th\u00edch v\u1edbi c\u00e1c m\u1eabu m\u00e1y in m\u00e0u c\u1ee7a HP nh\u01b0:\u00a0<a href=\"https:\/\/www.thegioididong.com\/may-in\/may-in-phun-mau-hp-ink-tank-115-2lb19a\" target=\"_blank\" title=\"M\u00e1y in HP Ink Tank 115 \u0111ang kinh doanh t\u1ea1i thegioididong.com\" rel=\"noopener\">HP Ink Tank 115<\/a>,<span>\u00a0<\/span><a href=\"https:\/\/www.thegioididong.com\/may-in\/may-in-phun-mau-hp-da-nang-in-scan-copy-ink-tank-3\" target=\"_blank\" title=\"M\u00e1y in HP Ink Tank 315 \u0111ang kinh doanh t\u1ea1i thegioididong.com\" rel=\"noopener\">HP Ink Tank 315<\/a>,<span>\u00a0<\/span><a href=\"https:\/\/www.thegioididong.com\/may-in\/may-in-phun-mau-da-nang-in-scan-copy-hp-ink-tank-4\" target=\"_blank\" title=\"M\u00e1y in HP Ink T\u1ea1n 415 \u0111ang kinh doanh t\u1ea1i thegiodidong.com\" rel=\"noopener\">HP Ink Tank 415<\/a>,<span>\u00a0<\/span><a href=\"https:\/\/www.thegioididong.com\/may-in\/hp-smart-tank-580-wifi-1f3y2a\" target=\"_blank\" title=\"Tham kh\u1ea3o M\u00e1y in phun m\u00e0u \u0111a n\u0103ng HP Smart Tank 580 Wifi (1F3Y2A) t\u1ea1i thegioididong.com\\\" rel=\"noopener\">HP Smart Tank 580<\/a>, Smart Tank 210 v\u00e0 Smart Tank 520.<\/p>\n<h3><a class=\"preventdefault\" href=\"https:\/\/cdn.tgdd.vn\/Products\/Images\/1262\/243864\/muc-in-phun-hp-gt52-do-m0h55aa-1.jpg\" onclick=\"return false;\" target=\"_blank\" rel=\"noopener\"><img decoding=\"async\" alt=\"M\u1ef1c in phun HP GT52 \u0110\u1ecf Original Ink Bottle_M0H55AA\" data-src=\"https:\/\/cdn.tgdd.vn\/Products\/Images\/1262\/243864\/muc-in-phun-hp-gt52-do-m0h55aa-1.jpg\" class=\" lazyloaded\" title=\"M\u1ef1c in phun HP GT52 \u0110\u1ecf Original Ink Bottle_M0H55AA\" src=\"https:\/\/cdn.tgdd.vn\/Products\/Images\/1262\/243864\/muc-in-phun-hp-gt52-do-m0h55aa-1.jpg\" \/><\/a><\/h3>\n<h3>M\u1ed9t b\u00ecnh m\u1ef1c c\u00f3 th\u1ec3 in \u0111\u1ebfn 8000 trang A4 v\u1edbi \u0111\u1ed9 ph\u1ee7 m\u00e0u 5%<\/h3>\n<p>M\u1ef1c in\u00a0GT52 \u0110\u1ecf Original Ink Bottle_M0H55AA cho\u00a0hi\u1ec7u su\u1ea5t in \u1ea5n t\u01b0\u1ee3ng v\u1edbi m\u1ed9t b\u00ecnh m\u1ef1c in c\u00f3 dung t\u00edch 70 ml,<span>\u00a0<\/span><a href=\"https:\/\/www.dienmayxanh.com\/muc-in\" target=\"_blank\" title=\"Xem th\u00eam c\u00e1c s\u1ea3n ph\u1ea9m m\u1ef1c in ch\u00ednh h\u00e3ng \u0111ang kinh doanh t\u1ea1i \u0110i\u1ec7n m\u00e1y Xanh\" rel=\"noopener\">m\u1ef1c in<\/a>\u00a0s\u1eafc n\u00e9t kh\u00f4ng b\u1ecb nh\u00f2e hay v\u00f3n c\u1ee5c, t\u1ed1c \u0111\u1ed9 kh\u00f4 c\u0169ng nhanh b\u1ea1n c\u00f3 th\u1ec3 x\u1ebfp ch\u1ed3ng l\u00ean nhau khi v\u1eeba in xong.<\/p>\n<p><a class=\"preventdefault\" href=\"https:\/\/cdn.tgdd.vn\/Products\/Images\/1262\/243864\/phun-hp-gt52-do-m0h55aa-02.jpg\" onclick=\"return false;\" target=\"_blank\" rel=\"noopener\"><img decoding=\"async\" alt=\"M\u1ef1c in phun HP GT52 \u0110\u1ecf Original Ink Bottle_M0H55AA - In 8000 trang\" data-src=\"https:\/\/cdn.tgdd.vn\/Products\/Images\/1262\/243864\/phun-hp-gt52-do-m0h55aa-02.jpg\" class=\" lazyloaded\" title=\"M\u1ef1c in phun HP GT52 \u0110\u1ecf Original Ink Bottle_M0H55AA - In 8000 trang\" src=\"https:\/\/cdn.tgdd.vn\/Products\/Images\/1262\/243864\/phun-hp-gt52-do-m0h55aa-02.jpg\" \/><\/a><\/p>\n<h3>C\u00e1ch t\u1ef1 n\u1ea1p m\u1ef1c cho\u00a0<a href=\"https:\/\/www.thegioididong.com\/may-in-hp?g=in-phun-mau\" target=\"_blank\" title=\"Xem th\u00eam c\u00e1c s\u1ea3n ph\u1ea9m m\u00e1y in Phun m\u00e0u HP t\u1ea1i thegioididong.com\" rel=\"noopener\">m\u00e1y in phun m\u00e0u HP<\/a><\/h3>\n<p>B\u01b0\u1edbc 1: M\u1edf h\u1ed9p\/bao b\u00ec b\u00ecnh m\u1ef1c m\u1edbi, l\u1eafc nh\u1eb9 b\u00ecnh \u0111\u1ec3 tr\u1ed9n \u0111\u1ec1u m\u1ef1c \u1edf b\u00ean trong.<\/p>\n<p>B\u01b0\u1edbc 2: T\u1eaft ngu\u1ed3n<span>\u00a0<\/span><a href=\"https:\/\/www.thegioididong.com\/may-in-hp\" target=\"_blank\" title=\"Xem th\u00eam m\u00e1y in HP t\u1ea1i Th\u1ebf Gi\u1edbi Di \u0110\u1ed9ng\" rel=\"noopener\">m\u00e1y in HP<\/a>, m\u1edf khay n\u1ea1p m\u1ef1c ra.<\/p>\n<p>B\u01b0\u1edbc 3: M\u1edf n\u00fat ch\u1eb7n t\u1ea1i \u00f4 m\u1ef1c c\u00f3 k\u00fd hi\u1ec7u ch\u1eef<span>\u00a0<\/span><strong>M (m\u00e0u \u0111\u1ecf)<span>\u00a0<\/span><\/strong>v\u00e0 \u00fap b\u00ecnh m\u1ef1c in phun\u00a0<strong>HP GT52 \u0110\u1ecf\u00a0<\/strong>v\u00e0o, cho b\u00ecnh m\u1ef1c \u0111\u01b0\u1ee3c d\u1ef1ng th\u1eb3ng \u0111\u1ee9ng, b\u00f3p nh\u1eb9 cho m\u1ef1c ch\u1ea3y v\u00e0o b\u00ean trong \u00f4 m\u1ef1c.<\/p>\n<p>B\u01b0\u1edbc 4: Quan s\u00e1t l\u01b0\u1ee3ng m\u1ef1c in \u0111\u00e3 b\u01a1m v\u00e0o m\u00e1y t\u1eeb b\u00ean ngo\u00e0i v\u00e0 d\u1eebng khi \u0111\u00e3 v\u1eeba \u0111\u1ee7 l\u01b0\u1ee3ng m\u1ef1c in.<\/p>\n<p>B\u01b0\u1edbc 5: \u0110\u1eady n\u1eafp b\u00ecnh, \u0111\u00f3ng n\u1eafp khay m\u1ef1c v\u00e0 ti\u1ebfp t\u1ee5c in \u1ea5n.<\/p>\n<p><a class=\"preventdefault\" href=\"https:\/\/cdn.tgdd.vn\/Products\/Images\/1262\/243864\/muc-in-phun-hp-gt52-do-m0h55aa.jpg\" onclick=\"return false;\" target=\"_blank\" rel=\"noopener\"><img decoding=\"async\" alt=\"M\u1ef1c in phun HP GT52 \u0110\u1ecf Original Ink Bottle M0H55AA - C\u00e1ch b\u01a1m m\u1ef1c\" data-src=\"https:\/\/cdn.tgdd.vn\/Products\/Images\/1262\/243864\/muc-in-phun-hp-gt52-do-m0h55aa.jpg\" class=\" lazyloaded\" title=\"M\u1ef1c in phun HP GT52 \u0110\u1ecf Original Ink Bottle M0H55AA - C\u00e1ch b\u01a1m m\u1ef1c\" src=\"https:\/\/cdn.tgdd.vn\/Products\/Images\/1262\/243864\/muc-in-phun-hp-gt52-do-m0h55aa.jpg\" \/><\/a><\/p>\n<p><a href=\"https:\/\/www.thegioididong.com\/muc-in\/phun-hp-gt52-do-m0h55aa\" target=\"_blank\" title=\"M\u1ef1c in phun HP GT52 \u0110\u1ecf Original Ink Bottle_M0H55AA\" rel=\"noopener\">M\u1ef1c in phun HP GT52 \u0110\u1ecf Original Ink Bottle_M0H55AA<\/a><span>\u00a0<\/span>cho ra nh\u1eefng b\u1ea3n in v\u1edbi m\u00e0u s\u1eafc ch\u1ea5t l\u01b0\u1ee3ng, ph\u00f9 h\u1ee3p tr\u00ean v\u1edbi m\u1ecdi lo\u1ea1i gi\u1ea5y th\u00f4ng d\u1ee5ng, kh\u00f4ng b\u1ecb k\u1eb9t m\u1ef1c, \u0111\u1ea3m b\u1ea3o tu\u1ed5i th\u1ecd c\u1ee7a m\u00e1y in.<\/p>\n","protected":false},"excerpt":{"rendered":"<p>\u0110\u1ed5i tr\u1ea3:<strong> 7 ng\u00e0y<\/strong><\/p>\n","protected":false},"featured_media":406,"comment_status":"open","ping_status":"closed","template":"","meta":[],"product_brand":[],"product_cat":[27],"product_tag":[],"class_list":{"0":"post-392","1":"product","2":"type-product","3":"status-publish","4":"has-post-thumbnail","6":"product_cat-muc-in","8":"first","9":"instock","10":"taxable","11":"shipping-taxable","12":"purchasable","13":"product-type-simple"},"_links":{"self":[{"href":"https:\/\/vothaonhu.id.vn\/index.php\/wp-json\/wp\/v2\/product\/392","targetHints":{"allow":["GET"]}}],"collection":[{"href":"https:\/\/vothaonhu.id.vn\/index.php\/wp-json\/wp\/v2\/product"}],"about":[{"href":"https:\/\/vothaonhu.id.vn\/index.php\/wp-json\/wp\/v2\/types\/product"}],"replies":[{"embeddable":true,"href":"https:\/\/vothaonhu.id.vn\/index.php\/wp-json\/wp\/v2\/comments?post=392"}],"wp:featuredmedia":[{"embeddable":true,"href":"https:\/\/vothaonhu.id.vn\/index.php\/wp-json\/wp\/v2\/media\/406"}],"wp:attachment":[{"href":"https:\/\/vothaonhu.id.vn\/index.php\/wp-json\/wp\/v2\/media?parent=392"}],"wp:term":[{"taxonomy":"product_brand","embeddable":true,"href":"https:\/\/vothaonhu.id.vn\/index.php\/wp-json\/wp\/v2\/product_brand?post=392"},{"taxonomy":"product_cat","embeddable":true,"href":"https:\/\/vothaonhu.id.vn\/index.php\/wp-json\/wp\/v2\/product_cat?post=392"},{"taxonomy":"product_tag","embeddable":true,"href":"https:\/\/vothaonhu.id.vn\/index.php\/wp-json\/wp\/v2\/product_tag?post=392"}],"curies":[{"name":"wp","href":"https:\/\/api.w.org\/{rel}","templated":true}]}}