{"id":384,"date":"2025-05-28T02:52:18","date_gmt":"2025-05-28T02:52:18","guid":{"rendered":"https:\/\/vothaonhu.id.vn\/?post_type=product&#038;p=384"},"modified":"2025-06-07T17:19:54","modified_gmt":"2025-06-07T17:19:54","slug":"muc-in-phun-hp-gt52-xanh-m0h54aa-danh-cho-hp-ink-tank-115-315-415-smart-tank-580-210-va-520","status":"publish","type":"product","link":"https:\/\/vothaonhu.id.vn\/index.php\/product\/muc-in-phun-hp-gt52-xanh-m0h54aa-danh-cho-hp-ink-tank-115-315-415-smart-tank-580-210-va-520\/","title":{"rendered":"M\u1ef1c in phun HP GT52 Xanh M0H54AA (d\u00e0nh cho HP Ink Tank)"},"content":{"rendered":"<h3>Ki\u1ec3u d\u00e1ng hi\u1ec7n \u0111\u1ea1i, m\u00e0u m\u1ef1c in l\u00e0 s\u1eafc xanh d\u01b0\u01a1ng Cyan<\/h3>\n<p>S\u1ea3n ph\u1ea9m c\u00f3 v\u1ecf ngo\u00e0i h\u00ecnh tr\u1ee5 tr\u00f2n, thi\u1ebft k\u1ebf d\u1ec5 d\u00e0ng c\u1ea7m n\u1eafm b\u1eb1ng 1 tay, b\u01a1m m\u1ef1c linh ho\u1ea1t v\u1edbi<span>\u00a0<\/span><strong>thi\u1ebft k\u1ebf ch\u1ed1ng tr\u00e0n<\/strong><span>\u00a0<\/span>\u0111\u1ed9c \u0111\u00e1o, \u0111\u1ea3m b\u1ea3o m\u1ef1c kh\u00f4ng tr\u00e0n ra quanh<span>\u00a0<\/span><a href=\"https:\/\/www.thegioididong.com\/may-in\" target=\"_blank\" title=\"M\u00e1y in \u0111ang b\u00e1n t\u1ea1i Th\u1ebf Gi\u1edbi Di \u0110\u1ed9ng\" rel=\"noopener\">m\u00e1y in<\/a>, tr\u00e1nh l\u00e3ng ph\u00ed t\u1ed1i \u0111a.<\/p>\n<h3>Ph\u00f9 h\u1ee3p s\u1eed d\u1ee5ng cho c\u00e1c\u00a0<a href=\"https:\/\/www.thegioididong.com\/may-in\/may-in-phun-mau-hp-ink-tank-115-2lb19a\" target=\"_blank\" title=\"m\u00e1y in HP Ink Tank 115\" rel=\"noopener\">m\u00e1y in\u00a0HP Ink Tank 115<\/a>,\u00a0<a href=\"https:\/\/www.thegioididong.com\/may-in\/may-in-phun-mau-hp-da-nang-in-scan-copy-ink-tank-3\" target=\"_blank\" title=\"m\u00e1y in HP Ink Tank 315\" rel=\"noopener\">HP Ink Tank 315<\/a>,\u00a0<a href=\"https:\/\/www.thegioididong.com\/may-in\/may-in-phun-mau-da-nang-in-scan-copy-hp-ink-tank-4\" target=\"_blank\" title=\"m\u00e1y in HP Ink Tank 415\" rel=\"noopener\">HP Ink Tank 415<\/a>,\u00a0<a href=\"https:\/\/www.thegioididong.com\/may-in\/hp-smart-tank-580-wifi-1f3y2a\" target=\"_blank\" title=\"Tham kh\u1ea3o M\u00e1y in phun m\u00e0u \u0111a n\u0103ng HP Smart Tank 580 Wifi (1F3Y2A) t\u1ea1i thegioididong.com\" rel=\"noopener\">HP Smart Tank 580\u200b<\/a>,\u00a0Smart Tank 580,\u00a0Smart Tank 210 v\u00e0\u00a0Smart Tank 520.<\/h3>\n<p><a class=\"preventdefault\" href=\"https:\/\/cdn.tgdd.vn\/Products\/Images\/1262\/243863\/phun-hp-gt52-xanh-m0h54aa-1.jpg\" onclick=\"return false;\" target=\"_blank\" rel=\"noopener\"><img decoding=\"async\" alt=\"M\u1ef1c in phun HP GT52 Xanh Original Ink Bottle_M0H54AA - T\u01b0\u01a1ng th\u00edch m\u00e1y in HP\" data-src=\"https:\/\/cdn.tgdd.vn\/Products\/Images\/1262\/243863\/phun-hp-gt52-xanh-m0h54aa-1.jpg\" class=\" lazyloaded\" title=\"M\u1ef1c in phun HP GT52 Xanh Original Ink Bottle_M0H54AA - T\u01b0\u01a1ng th\u00edch m\u00e1y in HP\" src=\"https:\/\/cdn.tgdd.vn\/Products\/Images\/1262\/243863\/phun-hp-gt52-xanh-m0h54aa-1.jpg\" \/><\/a><\/p>\n<h3>Hi\u1ec7u su\u1ea5t in \u0111\u1ea1t 8000 trang \u0111\u1ed9 ph\u1ee7 5%<\/h3>\n<p>V\u1edbi<span>\u00a0<\/span><strong>dung t\u00edch 70 ml<\/strong>, b\u00ecnh<span>\u00a0<\/span><a href=\"https:\/\/www.thegioididong.com\/muc-in-hp\" target=\"_blank\" title=\"M\u1ef1c in HP \u0111ang b\u00e1n t\u1ea1i Th\u1ebf Gi\u1edbi Di \u0110\u1ed9ng\" rel=\"noopener\">m\u1ef1c in\u00a0HP<\/a>\u00a0\u0111\u00e1p \u1ee9ng nhu c\u1ea7u in cao, cho b\u1ea1n t\u1ea1o \u0111\u01b0\u1ee3c nhi\u1ec1u t\u00e0i li\u1ec7u \u0111\u1ec3 ph\u1ee5c v\u1ee5 t\u1ed1t cho c\u00f4ng vi\u1ec7c, h\u1ecdc t\u1eadp c\u1ee7a m\u00ecnh.<\/p>\n<p><a class=\"preventdefault\" href=\"https:\/\/cdn.tgdd.vn\/Products\/Images\/1262\/243863\/phun-hp-gt52-xanh-m0h54aa-2.jpg\" onclick=\"return false;\" target=\"_blank\" rel=\"noopener\"><img decoding=\"async\" alt=\"M\u1ef1c in phun HP GT52 Xanh Original Ink Bottle_M0H54AA - Ch\u1ea5t l\u01b0\u1ee3ng\" data-src=\"https:\/\/cdn.tgdd.vn\/Products\/Images\/1262\/243863\/phun-hp-gt52-xanh-m0h54aa-2.jpg\" class=\" lazyloaded\" title=\"M\u1ef1c in phun HP GT52 Xanh Original Ink Bottle_M0H54AA - Ch\u1ea5t l\u01b0\u1ee3ng\" src=\"https:\/\/cdn.tgdd.vn\/Products\/Images\/1262\/243863\/phun-hp-gt52-xanh-m0h54aa-2.jpg\" \/><\/a><\/p>\n<h3>M\u1ef1c nhanh kh\u00f4, b\u1ec1n m\u00e0u<\/h3>\n<p>S\u1eed d\u1ee5ng<span>\u00a0<\/span><a href=\"https:\/\/www.thegioididong.com\/muc-in\" target=\"_blank\" title=\"M\u1ef1c in \u0111ang b\u00e1n t\u1ea1i Th\u1ebf Gi\u1edbi Di \u0110\u1ed9ng\" rel=\"noopener\">m\u1ef1c in<\/a><span>\u00a0<\/span>ch\u00ednh h\u00e3ng cho \u0111\u1ed9 b\u00e1m gi\u1ea5y t\u1ed1t, duy tr\u00ec ch\u1ea5t l\u01b0\u1ee3ng \u1ed5n \u0111\u1ecbnh cho t\u1ea5t c\u1ea3 c\u00e1c b\u1ea3n in, k\u00e9o d\u00e0i tu\u1ed5i th\u1ecd cho m\u00e1y in.<\/p>\n<h3>C\u00e1ch t\u1ef1 n\u1ea1p m\u1ef1c v\u00e0o m\u00e1y in<\/h3>\n<p>B\u01b0\u1edbc 1: M\u1edf bao b\u00ec\/h\u1ed9p m\u1ef1c m\u1edbi ra, l\u1eafc nh\u1eb9 nh\u00e0ng cho m\u1ef1c \u0111\u1ec1u.<\/p>\n<p>B\u01b0\u1edbc 2: T\u1eaft ngu\u1ed3n c\u1ee7a m\u00e1y in tr\u01b0\u1edbc khi b\u01a1m m\u1ef1c.<\/p>\n<p>B\u01b0\u1edbc 3: Tr\u00ean khay m\u1ef1c c\u1ee7a m\u00e1y ch\u1ecdn \u00f4 m\u1ef1c c\u00f3 k\u00fd hi\u1ec7u ch\u1eef<span>\u00a0<\/span><strong>C (m\u00e0u xanh)<\/strong>, m\u1edf n\u1eafp v\u00e0 \u0111\u1eb7t \u0111\u1ea7u h\u1ed9p v\u00e0o l\u1ed7 ch\u00e2m sao cho h\u1ed9p m\u1ef1c \u1edf t\u01b0 th\u1ebf th\u1eb3ng \u0111\u1ee9ng, m\u1ef1c s\u1ebd ch\u1ea3y xu\u1ed1ng t\u1ef1 nhi\u00ean.<\/p>\n<p>B\u01b0\u1edbc 4: Quan s\u00e1t th\u1ea5y m\u1ef1c \u0111\u00e3 \u0111\u1ea7y \u0111\u1ebfn m\u1ee9c gi\u1edbi h\u1ea1n th\u00ec nh\u1ea5c h\u1ed9p m\u1ef1c ra, l\u1ea7n l\u01b0\u1ee3t \u0111\u1eady n\u1eafp c\u1ee7a c\u1ea3 \u00f4 m\u1ef1c v\u00e0 h\u1ed9p m\u1ef1c l\u1ea1i.<\/p>\n<p>B\u01b0\u1edbc 5:\u00a0M\u1edf ngu\u1ed3n m\u00e1y in v\u00e0 ti\u1ebfp t\u1ee5c in \u1ea5n.<\/p>\n<p><a class=\"preventdefault\" href=\"https:\/\/cdn.tgdd.vn\/Products\/Images\/1262\/243863\/phun-hp-gt52-xanh-m0h54aa-3.jpg\" onclick=\"return false;\" target=\"_blank\" rel=\"noopener\"><img decoding=\"async\" alt=\"M\u1ef1c in phun HP GT52 Xanh Original Ink Bottle_M0H54AA - Thay m\u1ef1c in\" data-src=\"https:\/\/cdn.tgdd.vn\/Products\/Images\/1262\/243863\/phun-hp-gt52-xanh-m0h54aa-3.jpg\" class=\" lazyloaded\" title=\"M\u1ef1c in phun HP GT52 Xanh Original Ink Bottle_M0H54AA - Thay m\u1ef1c in\" src=\"https:\/\/cdn.tgdd.vn\/Products\/Images\/1262\/243863\/phun-hp-gt52-xanh-m0h54aa-3.jpg\" \/><\/a><\/p>\n<p><a href=\"https:\/\/www.thegioididong.com\/muc-in\/phun-hp-gt52-xanh-m0h54aa\" target=\"_blank\" title=\"M\u1ef1c in phun HP GT52 Xanh Original Ink Bottle_M0H54AA\" rel=\"noopener\">M\u1ef1c in phun HP GT52 Xanh Original Ink Bottle_M0H54AA<\/a><span>\u00a0<\/span>l\u00e0 m\u1ef1c in 100% ch\u00ednh h\u00e3ng HP, \u0111\u01b0\u1ee3c s\u1ea3n xu\u1ea5t d\u00e0nh cho c\u00e1c d\u00f2ng m\u00e1y HP Ink Tank\u00a0115, 315, 415 v\u00e0 HP Smart Tank 580, in \u0111\u01b0\u1ee3c l\u01b0\u1ee3ng l\u1edbn b\u1ea3n in v\u1edbi \u0111\u1ed9 b\u1ec1n m\u00e0u cao, gi\u00e1 c\u1ea3 ph\u1ea3i ch\u0103ng, r\u1ea5t th\u00edch h\u1ee3p d\u00f9ng t\u1ea1i nh\u00e0, doanh nghi\u1ec7p.<\/p>\n","protected":false},"excerpt":{"rendered":"<p>\u0110\u1ed5i tr\u1ea3:<strong> 7 ng\u00e0y<\/strong><\/p>\n","protected":false},"featured_media":385,"comment_status":"open","ping_status":"closed","template":"","meta":[],"product_brand":[],"product_cat":[27],"product_tag":[],"class_list":{"0":"post-384","1":"product","2":"type-product","3":"status-publish","4":"has-post-thumbnail","6":"product_cat-muc-in","8":"first","9":"instock","10":"taxable","11":"shipping-taxable","12":"purchasable","13":"product-type-simple"},"_links":{"self":[{"href":"https:\/\/vothaonhu.id.vn\/index.php\/wp-json\/wp\/v2\/product\/384","targetHints":{"allow":["GET"]}}],"collection":[{"href":"https:\/\/vothaonhu.id.vn\/index.php\/wp-json\/wp\/v2\/product"}],"about":[{"href":"https:\/\/vothaonhu.id.vn\/index.php\/wp-json\/wp\/v2\/types\/product"}],"replies":[{"embeddable":true,"href":"https:\/\/vothaonhu.id.vn\/index.php\/wp-json\/wp\/v2\/comments?post=384"}],"wp:featuredmedia":[{"embeddable":true,"href":"https:\/\/vothaonhu.id.vn\/index.php\/wp-json\/wp\/v2\/media\/385"}],"wp:attachment":[{"href":"https:\/\/vothaonhu.id.vn\/index.php\/wp-json\/wp\/v2\/media?parent=384"}],"wp:term":[{"taxonomy":"product_brand","embeddable":true,"href":"https:\/\/vothaonhu.id.vn\/index.php\/wp-json\/wp\/v2\/product_brand?post=384"},{"taxonomy":"product_cat","embeddable":true,"href":"https:\/\/vothaonhu.id.vn\/index.php\/wp-json\/wp\/v2\/product_cat?post=384"},{"taxonomy":"product_tag","embeddable":true,"href":"https:\/\/vothaonhu.id.vn\/index.php\/wp-json\/wp\/v2\/product_tag?post=384"}],"curies":[{"name":"wp","href":"https:\/\/api.w.org\/{rel}","templated":true}]}}