{"id":379,"date":"2025-05-28T02:40:55","date_gmt":"2025-05-28T02:40:55","guid":{"rendered":"https:\/\/vothaonhu.id.vn\/?post_type=product&#038;p=379"},"modified":"2025-06-07T16:25:28","modified_gmt":"2025-06-07T16:25:28","slug":"may-in-laser-trang-den-da-nang-brother-dcp-b7640dw-wifi","status":"publish","type":"product","link":"https:\/\/vothaonhu.id.vn\/index.php\/product\/may-in-laser-trang-den-da-nang-brother-dcp-b7640dw-wifi\/","title":{"rendered":"M\u00e1y in laser tr\u1eafng \u0111en \u0111a n\u0103ng Brother DCP-B7640DW Wifi"},"content":{"rendered":"<h3><a href=\"https:\/\/www.thegioididong.com\/may-in\/laser-brother-dcpb7640dw\" target=\"_blank\" title=\"Tham kh\u1ea3o M\u00e1y in laser tr\u1eafng \u0111en \u0111a n\u0103ng Brother DCP-B7640DW Wifi t\u1ea1i thegioididong.com\" rel=\"noopener\">M\u00e1y in laser tr\u1eafng \u0111en \u0111a n\u0103ng Brother DCP-B7640DW Wifi<\/a><span>\u00a0<\/span>mang thi\u1ebft k\u1ebf ki\u1ec3u m\u1eabu c\u1ee7a nh\u1eefng m\u00e1y in doanh nghi\u1ec7p hi\u1ec7n \u0111\u1ea1i, sang tr\u1ecdng c\u0169ng nh\u01b0 h\u1ed7 tr\u1ee3 c\u00e1c t\u00ednh n\u0103ng in t\u00e2n ti\u1ebfn, l\u00e0 s\u1ef1 l\u1ef1a ch\u1ecdn th\u1eadt tuy\u1ec7t v\u1eddi khi c\u00e2n nh\u1eafc cho m\u1ed9t thi\u1ebft b\u1ecb v\u0103n ph\u00f2ng.<\/h3>\n<h3>Thi\u1ebft k\u1ebf \u0111\u01a1n gi\u1ea3n, sang tr\u1ecdng<\/h3>\n<p><a href=\"https:\/\/www.thegioididong.com\/may-in-brother-laser\" target=\"_blank\" title=\"Tham kh\u1ea3o M\u00e1y in laser tr\u1eafng \u0111en Brother t\u1ea1i thegioididong.com\" rel=\"noopener\">M\u00e1y in laser tr\u1eafng \u0111en Brother<\/a><span>\u00a0<\/span>s\u1edf h\u1eefu thi\u1ebft k\u1ebf \u0111\u01a1n gi\u1ea3n v\u00e0 hi\u1ec7n \u0111\u1ea1i, b\u1ed1n g\u00f3c c\u1ea1nh \u0111\u01b0\u1ee3c bo tr\u00f2n m\u1ec1m m\u1ea1i gi\u00fap m\u00e1y in Brother tr\u00f4ng n\u1ed5i b\u1eadt h\u01a1n. T\u00f4ng<span>\u00a0<\/span><strong>m\u00e0u tr\u1eafng<span>\u00a0<\/span><\/strong>tinh t\u1ebf kh\u00e1 h\u00e0i ho\u00e0 v\u1edbi kh\u00f4ng gian v\u00e0 t\u01b0\u01a1ng th\u00edch t\u1eeb v\u0103n ph\u00f2ng, c\u01a1 quan \u0111\u1ebfn g\u00f3c sinh ho\u1ea1t c\u00e1 nh\u00e2n.<\/p>\n<h3>\u0110\u1ea7y \u0111\u1ee7 ch\u1ee9c n\u0103ng, c\u00f3 th\u1ec3 in 2 m\u1eb7t, h\u1ed7 tr\u1ee3 Wifi<\/h3>\n<p>Brother DCP-B7640DW wifi \u0111\u01b0\u1ee3c trang b\u1ecb \u0111\u1ea7y \u0111\u1ee7 c\u00e1c t\u00ednh n\u0103ng in \u1ea5n n\u00e2ng cao m\u00e0 h\u1ea7u h\u1ebft m\u1ecdi ng\u01b0\u1eddi d\u00f9ng \u0111\u1ec1u c\u1ea7n nh\u01b0:<span>\u00a0<\/span><strong>in 2 m\u1eb7t t\u1ef1 \u0111\u1ed9ng<\/strong>,<strong><span>\u00a0<\/span>copy<span>\u00a0<\/span><\/strong>hay<strong><span>\u00a0<\/span>scan.<\/strong><span>\u00a0<\/span>M\u1ecdi nhu c\u1ea7u c\u1ee7a b\u1ea1n \u0111\u1ec1u \u0111\u01b0\u1ee3c \u0111\u00e1p \u1ee9ng t\u00edch h\u1ee3p v\u00e0 nhanh ch\u00f3ng nh\u1ea5t.<\/p>\n<p><a href=\"https:\/\/www.thegioididong.com\/may-in-2-mat-tu-dong\" target=\"_blank\" title=\"Tham kh\u1ea3o c\u00e1c m\u1eabu m\u00e1y in 2 m\u1eb7t kh\u00e1c t\u1ea1i Th\u1ebf Gi\u1edbi Di \u0110\u1ed9ng\" rel=\"noopener\">M\u00e1y in 2 m\u1eb7t<\/a><span>\u00a0<\/span>c\u00f3 t\u00ednh n\u0103ng t\u1ef1 \u0111\u1ed9ng tr\u00ean s\u1ea3n ph\u1ea9m n\u00e0y v\u00f4 c\u00f9ng tuy\u1ec7t v\u1eddi v\u1edbi khay n\u1ea1p gi\u1ea5y t\u1ef1 \u0111\u1ed9ng ADF cho kh\u1ea3 n\u0103ng in li\u00ean t\u1ee5c 50 t\u1edd m\u00e0 kh\u00f4ng c\u1ea7n ng\u01b0\u1eddi d\u00f9ng c\u00f3 thao t\u00e1c can thi\u1ec7p v\u00e0 khay ch\u1ee9a gi\u1ea5y 120 t\u1edd.<\/p>\n<h3>B\u1ea3n in c\u00f3 ch\u1ea5t l\u01b0\u1ee3ng cao<\/h3>\n<p>\u0110\u1ed9 n\u00e9t<span>\u00a0<\/span><strong>1200 x 1200 dpi<span>\u00a0<\/span><\/strong>gi\u00fap cho c\u00e1c b\u1ea3n t\u00e0i li\u1ec7u hay h\u1ed3 s\u01a1 kh\u00f4ng ch\u1ec9 \u0111\u01b0\u1ee3c cung c\u1ea5p nhanh ch\u00f3ng m\u00e0 c\u00f2n c\u00f3 ch\u1ea5t l\u01b0\u1ee3ng cao, n\u00e9t ch\u1eef, h\u00ecnh \u1ea3nh r\u00f5 r\u00e0ng v\u00e0 kh\u00f4ng b\u1ecb m\u1edd nho\u00e8\u00a0tr\u00ean<span>\u00a0<\/span><a href=\"https:\/\/www.thegioididong.com\/may-in-laser\" target=\"_blank\" title=\"Tham kh\u1ea3o c\u00e1c m\u1eabu m\u00e1y in tr\u1eafng \u0111en kh\u00e1c t\u1ea1i Th\u1ebf Gi\u1edbi Di \u0110\u1ed9ng\" rel=\"noopener\">m\u00e1y in \u0111en tr\u1eafng<\/a><span>\u00a0<\/span>n\u00e0y.<\/p>\n<h3>T\u1ed1c \u0111\u1ed9 in cao, c\u00f4ng su\u1ea5t \u1ea5n t\u01b0\u1ee3ng<\/h3>\n<p><a href=\"https:\/\/www.thegioididong.com\/may-in-brother\" target=\"_blank\" title=\"Tham kh\u1ea3o c\u00e1c m\u1eabu m\u00e1y in Brother t\u1ea1i thegioididong.com\" rel=\"noopener\">M\u00e1y in Brother<\/a><span>\u00a0<\/span>ch\u1ec9 m\u1ea5t<span>\u00a0<\/span><strong>8.5 gi\u00e2y<span>\u00a0<\/span><\/strong>cho trang in \u0111\u1ea7u ti\u00ean, in \u0111\u01b0\u1ee3c<span>\u00a0<\/span><strong>34 trang\/ph\u00fat<span>\u00a0<\/span><\/strong>gi\u1ea3m \u0111\u01b0\u1ee3c \u0111\u00e1ng k\u1ec3 th\u1eddi gian ch\u1edd \u0111\u1ee3i h\u01a1n so v\u1edbi nh\u1eefng m\u1eabu m\u00e1y in c\u00f9ng ph\u00e2n kh\u00fac kh\u00e1c. H\u01a1n n\u1eefa, c\u00f4ng su\u1ea5t t\u1ed1i \u0111a c\u1ee7a chi\u1ebfc m\u00e1y n\u00e0y l\u00e0<span>\u00a0<\/span><strong>15.000 trang\/th\u00e1ng<\/strong>, ho\u00e0n to\u00e0n ph\u00f9 h\u1ee3p v\u1edbi kh\u1ed1i l\u01b0\u1ee3ng c\u00f4ng vi\u1ec7c c\u1ee7a c\u00e1c doanh nghi\u1ec7p v\u1eeba, nh\u1ecf c\u0169ng nh\u01b0 c\u00e1c v\u0103n ph\u00f2ng t\u01b0 nh\u00e2n.<\/p>\n<h3>Hi\u1ec7u qu\u1ea3 c\u00f4ng vi\u1ec7c t\u0103ng cao v\u1edbi c\u00e1c t\u00ednh n\u0103ng hi\u1ec7n \u0111\u1ea1i<\/h3>\n<p class=\"first-token\" data-sourcepos=\"1:1-1:129\">M\u00e1y in \u0111\u01b0\u1ee3c trang b\u1ecb nhi\u1ec1u c\u1ed5ng k\u1ebft n\u1ed1i \u0111a d\u1ea1ng, \u0111\u00e1p \u1ee9ng nhu c\u1ea7u in \u1ea5n c\u1ee7a ng\u01b0\u1eddi d\u00f9ng trong m\u1ecdi m\u00f4i tr\u01b0\u1eddng. C\u1ed5ng USB 2.0 cho ph\u00e9p k\u1ebft n\u1ed1i tr\u1ef1c ti\u1ebfp v\u1edbi m\u00e1y t\u00ednh \u0111\u1ec3 in \u1ea5n nhanh ch\u00f3ng v\u00e0 d\u1ec5 d\u00e0ng. C\u1ed5ng LAN gi\u00fap k\u1ebft n\u1ed1i m\u00e1y in v\u1edbi m\u1ea1ng n\u1ed9i b\u1ed9, cho ph\u00e9p nhi\u1ec1u ng\u01b0\u1eddi d\u00f9ng c\u00f9ng truy c\u1eadp v\u00e0 s\u1eed d\u1ee5ng m\u00e1y in m\u1ed9t c\u00e1ch hi\u1ec7u qu\u1ea3.<\/p>\n<p data-sourcepos=\"3:1-3:53\">K\u1ebft n\u1ed1i WiFi 2.4 GHz v\u00e0 5 GHz tr\u00ean m\u00e1y in cho ph\u1ea1m vi k\u1ebft n\u1ed1i l\u1edbn, \u0111\u1ea3m b\u1ea3o truy\u1ec1n t\u1ea3i d\u1eef li\u1ec7u \u1ed5n \u0111\u1ecbnh v\u00e0 m\u01b0\u1ee3t m\u00e0, \u0111\u00e1p \u1ee9ng nhu c\u1ea7u in \u1ea5n kh\u00f4ng d\u00e2y hi\u1ec7u qu\u1ea3. Nh\u1edd v\u1eady, b\u1ea1n c\u00f3 th\u1ec3 \u0111\u1eb7t m\u00e1y in \u1edf b\u1ea5t k\u1ef3 v\u1ecb tr\u00ed n\u00e0o trong nh\u00e0 m\u00e0 v\u1eabn c\u00f3 th\u1ec3 in \u1ea5n d\u1ec5 d\u00e0ng t\u1eeb c\u00e1c thi\u1ebft b\u1ecb di \u0111\u1ed9ng nh\u01b0 laptop, smartphone, m\u00e1y t\u00ednh b\u1ea3ng,&#8230;<\/p>\n<p>M\u00e1y c\u00f3 h\u1ed7 tr\u1ee3 c\u00e1c t\u00ednh n\u0103ng t\u00e2n ti\u1ebfn nh\u01b0 Mopria, AirPrint, Wi-Fi Direct, iPrint &amp; Scan v\u00e0 in kh\u00f4ng d\u00e2y cho ph\u00e9p b\u1ea1n nh\u1eadp c\u00e1c th\u00f4ng s\u1ed1 b\u1ea3n in v\u00e0 in tr\u1ef1c ti\u1ebfp t\u1eeb ch\u00ednh chi\u1ebfc \u0111i\u1ec7n tho\u1ea1i hay m\u00e1y t\u00ednh b\u1ea3ng c\u00e1 nh\u00e2n. H\u01a1n n\u1eefa, b\u1ea1n c\u00f2n c\u00f3 th\u1ec3 in \u1ea5n nhanh ch\u00f3ng m\u00e0 kh\u00f4ng nh\u1ea5t thi\u1ebft ph\u1ea3i c\u00f3 m\u1eb7t tr\u1ef1c ti\u1ebfp.<\/p>\n<p>\u0110\u1ed3ng th\u1eddi,<span>\u00a0<\/span><a href=\"https:\/\/www.thegioididong.com\/may-in\" target=\"_blank\" title=\"Tham kh\u1ea3o c\u00e1c m\u1eabu m\u00e1y in t\u1ea1i thegioididong.com\" rel=\"noopener\">m\u00e1y in<\/a><span>\u00a0<\/span>c\u0169ng t\u01b0\u01a1ng th\u00edch v\u1edbi \u0111a d\u1ea1ng c\u00e1c h\u1ec7 \u0111i\u1ec1u h\u00e0nh kh\u00e1c nhau t\u1eeb: Linux, Windows 10, Windows 11, macOS Sierra (10.12), OS X El Capitan (10.11),&#8230;<\/p>\n<h3>\u0110a d\u1ea1ng k\u00edch c\u1ee1 v\u00e0 lo\u1ea1i gi\u1ea5y<\/h3>\n<p>\u0110a d\u1ea1ng c\u00e1c k\u00edch c\u1ee1 gi\u1ea5y ph\u1ed5 th\u00f4ng \u0111\u01b0\u1ee3c h\u1ed7 tr\u1ee3 nh\u01b0 B6, A5, A4, A6, B5 v\u00e0 bao th\u01b0 c\u0169ng nh\u01b0 nhi\u1ec1u lo\u1ea1i gi\u1ea5y in kh\u00e1c nhau: gi\u1ea5y d\u00e0y, gi\u1ea5y m\u1ecfng, bao th\u01b0 d\u00e0y,&#8230; \u0111\u1ec3 ph\u1ee5c v\u1ee5 \u0111a d\u1ea1ng c\u00e1c vi\u1ec7c in poster, banner hay scan h\u00ecnh \u1ea3nh h\u01a1n.<\/p>\n<h3>Khuy\u1ebfn ngh\u1ecb s\u1eed d\u1ee5ng m\u1ef1c in ch\u00ednh h\u00e3ng<\/h3>\n<p>M\u1ef1c in<span>\u00a0<\/span><strong>Brother TN-B027<span>\u00a0<\/span><\/strong>chuy\u00ean d\u1ee5ng \u0111\u01b0\u1ee3c nhi\u1ec1u c\u00f4ng ty, doanh nghi\u1ec7p chuy\u00ean v\u1ec1 in \u1ea5n l\u1ef1a ch\u1ecdn s\u1eed d\u1ee5ng v\u00e0 \u0111\u00e1nh gi\u00e1 r\u1ea5t cao. \u0110\u00e2y l\u00e0 lo\u1ea1i m\u1ef1c c\u00f3 kh\u1ea3 n\u0103ng in \u0111\u1ebfn<span>\u00a0<\/span><strong>2600 b\u1ea3n<\/strong><span>\u00a0<\/span>v\u1edbi<span>\u00a0<\/span><strong>\u0111\u1ed9 ph\u1ee7 m\u1ef1c 5%\/A4<\/strong>, gi\u00fap ti\u1ebft ki\u1ec7m t\u1ed1i \u0111a chi ph\u00ed cho ng\u01b0\u1eddi d\u00f9ng.<\/p>\n","protected":false},"excerpt":{"rendered":"<p>B\u1ea3o h\u00e0nh: <strong>12 th\u00e1ng<\/strong><\/p>\n","protected":false},"featured_media":380,"comment_status":"open","ping_status":"closed","template":"","meta":[],"product_brand":[],"product_cat":[22],"product_tag":[],"class_list":{"0":"post-379","1":"product","2":"type-product","3":"status-publish","4":"has-post-thumbnail","6":"product_cat-may-in","8":"first","9":"instock","10":"taxable","11":"shipping-taxable","12":"purchasable","13":"product-type-simple"},"_links":{"self":[{"href":"https:\/\/vothaonhu.id.vn\/index.php\/wp-json\/wp\/v2\/product\/379","targetHints":{"allow":["GET"]}}],"collection":[{"href":"https:\/\/vothaonhu.id.vn\/index.php\/wp-json\/wp\/v2\/product"}],"about":[{"href":"https:\/\/vothaonhu.id.vn\/index.php\/wp-json\/wp\/v2\/types\/product"}],"replies":[{"embeddable":true,"href":"https:\/\/vothaonhu.id.vn\/index.php\/wp-json\/wp\/v2\/comments?post=379"}],"wp:featuredmedia":[{"embeddable":true,"href":"https:\/\/vothaonhu.id.vn\/index.php\/wp-json\/wp\/v2\/media\/380"}],"wp:attachment":[{"href":"https:\/\/vothaonhu.id.vn\/index.php\/wp-json\/wp\/v2\/media?parent=379"}],"wp:term":[{"taxonomy":"product_brand","embeddable":true,"href":"https:\/\/vothaonhu.id.vn\/index.php\/wp-json\/wp\/v2\/product_brand?post=379"},{"taxonomy":"product_cat","embeddable":true,"href":"https:\/\/vothaonhu.id.vn\/index.php\/wp-json\/wp\/v2\/product_cat?post=379"},{"taxonomy":"product_tag","embeddable":true,"href":"https:\/\/vothaonhu.id.vn\/index.php\/wp-json\/wp\/v2\/product_tag?post=379"}],"curies":[{"name":"wp","href":"https:\/\/api.w.org\/{rel}","templated":true}]}}