{"id":367,"date":"2025-05-28T02:11:15","date_gmt":"2025-05-28T02:11:15","guid":{"rendered":"https:\/\/vothaonhu.id.vn\/?post_type=product&#038;p=367"},"modified":"2025-06-07T16:28:48","modified_gmt":"2025-06-07T16:28:48","slug":"may-in-phun-mau-da-nang-hp-smart-tank-520-1f3w2a","status":"publish","type":"product","link":"https:\/\/vothaonhu.id.vn\/index.php\/product\/may-in-phun-mau-da-nang-hp-smart-tank-520-1f3w2a\/","title":{"rendered":"M\u00e1y in phun m\u00e0u \u0111a n\u0103ng HP Smart Tank 520 (1F3W2A)"},"content":{"rendered":"<h3><a href=\"https:\/\/www.thegioididong.com\/may-in\/hp-smart-tank-520-1f3w2a\" target=\"_blank\" title=\"Tham kh\u1ea3o s\u1ea3n ph\u1ea9m M\u00e1y in phun m\u00e0u \u0111a n\u0103ng HP Smart Tank 520 (1F3W2A) t\u1ea1i Th\u1ebf Gi\u1edbi Di \u0110\u1ed9ng\" rel=\"noopener\">M\u00e1y in phun m\u00e0u \u0111a n\u0103ng HP Smart Tank 520 (1F3W2A)<span>\u00a0<\/span><\/a>l\u00e0 ng\u01b0\u1eddi b\u1ea1n \u0111\u1ed3ng h\u00e0nh l\u00fd t\u01b0\u1edfng cho c\u1ea3 v\u0103n ph\u00f2ng nh\u1ecf v\u00e0 gia \u0111\u00ecnh. V\u1edbi thi\u1ebft k\u1ebf hi\u1ec7n \u0111\u1ea1i, g\u1ecdn g\u00e0ng, m\u00e1y kh\u00f4ng ch\u1ec9 ti\u1ebft ki\u1ec7m kh\u00f4ng gian m\u00e0 c\u00f2n mang \u0111\u1ebfn tr\u1ea3i nghi\u1ec7m in \u1ea5n chuy\u00ean nghi\u1ec7p. T\u1ed1c \u0111\u1ed9 in nhanh, ch\u1ea5t l\u01b0\u1ee3ng b\u1ea3n in s\u1eafc n\u00e9t, s\u1ed1ng \u0111\u1ed9ng gi\u00fap b\u1ea1n ho\u00e0n th\u00e0nh c\u00f4ng vi\u1ec7c m\u1ed9t c\u00e1ch hi\u1ec7u qu\u1ea3.<\/h3>\n<h3>Ki\u1ec3u d\u00e1ng nh\u1ecf g\u1ecdn, t\u1ea1o \u0111i\u1ec3m nh\u1ea5n chuy\u00ean nghi\u1ec7p ho\u00e1 kh\u00f4ng gian<\/h3>\n<p>Kh\u00f4ng ch\u1ec9 l\u00e0 m\u1ed9t thi\u1ebft b\u1ecb v\u0103n ph\u00f2ng,<span>\u00a0<\/span><a href=\"https:\/\/www.thegioididong.com\/may-in-hp\" target=\"_blank\" title=\"Tham kh\u1ea3o c\u00e1c m\u1eabu m\u00e1y in HP kh\u00e1c t\u1ea1i Th\u1ebf Gi\u1edbi Di \u0110\u1ed9ng\" rel=\"noopener\">m\u00e1y in HP<\/a>\u00a0c\u00f2n l\u00e0 m\u1ed9t \u0111i\u1ec3m nh\u1ea5n trang tr\u00ed \u0111\u1ea7y tinh t\u1ebf. Thi\u1ebft k\u1ebf h\u00ecnh h\u1ed9p t\u1ed1i gi\u1ea3n, m\u00e0u tr\u1eafng hi\u1ec7n \u0111\u1ea1i gi\u00fap n\u00f3 tr\u1edf n\u00ean n\u1ed5i b\u1eadt m\u00e0 kh\u00f4ng g\u00e2y c\u1ea3m gi\u00e1c r\u1ed1i m\u1eaft. K\u00edch th\u01b0\u1edbc nh\u1ecf g\u1ecdn v\u00e0 kh\u1ed1i l\u01b0\u1ee3ng ch\u1ec9<strong><span>\u00a0<\/span>5.03 kg<\/strong>, m\u00e1y in HP d\u1ec5 d\u00e0ng di chuy\u1ec3n v\u00e0 \u0111\u1eb7t \u1edf b\u1ea5t k\u1ef3 v\u1ecb tr\u00ed n\u00e0o b\u1ea1n mu\u1ed1n.<\/p>\n<h3>Nhi\u1ec1u ch\u1ee9c n\u0103ng t\u00edch h\u1ee3p<\/h3>\n<p>V\u1edbi<span>\u00a0<\/span><a href=\"https:\/\/www.thegioididong.com\/may-in?g=in-phun-mau\" target=\"_blank\" title=\"Tham kh\u1ea3o c\u00e1c m\u1eabu m\u00e1y in phun m\u00e0u kh\u00e1c t\u1ea1i Th\u1ebf Gi\u1edbi Di \u0110\u1ed9ng\" rel=\"noopener\">m\u00e1y in phun m\u00e0u<\/a><span>\u00a0<\/span>n\u00e0y, vi\u1ec7c t\u1ea1o ra nh\u1eefng \u1ea5n ph\u1ea9m m\u00e0u s\u1eafc s\u1ed1ng \u0111\u1ed9ng tr\u1edf n\u00ean th\u1eadt \u0111\u01a1n gi\u1ea3n. M\u1eb7c d\u00f9 ch\u1ec9 h\u1ed7 tr\u1ee3<span>\u00a0<\/span><strong>in m\u1ed9t m\u1eb7t<\/strong>, b\u1ea1n ho\u00e0n to\u00e0n c\u00f3 th\u1ec3 linh ho\u1ea1t in hai m\u1eb7t b\u1eb1ng c\u00e1ch l\u1eadt gi\u1ea5y th\u1ee7 c\u00f4ng, vi\u1ec7c n\u00e0y s\u1ebd gi\u00fap b\u1ea1n ti\u1ebft ki\u1ec7m gi\u1ea5y v\u00e0 t\u1ea1o ra c\u00e1c \u1ea5n ph\u1ea9m ph\u00f9 h\u1ee3p v\u1edbi nhu c\u1ea7u s\u1eed d\u1ee5ng.<\/p>\n<p>T\u0103ng hi\u1ec7u su\u1ea5t l\u00e0m vi\u1ec7c v\u00e0 ti\u1ebft ki\u1ec7m chi ph\u00ed v\u1edbi HP Smart Tank 520. Ch\u1ee9c n\u0103ng scan v\u00e0 copy t\u00edch h\u1ee3p gi\u00fap b\u1ea1n s\u1ed1 h\u00f3a t\u00e0i li\u1ec7u nhanh ch\u00f3ng, lo\u1ea1i b\u1ecf nh\u1eefng c\u00f4ng \u0111o\u1ea1n th\u1ee7 c\u00f4ng t\u1ed1n th\u1eddi gian. Nh\u1edd \u0111\u00f3, b\u1ea1n c\u00f3 th\u1ec3 t\u1eadp trung v\u00e0o nh\u1eefng c\u00f4ng vi\u1ec7c quan tr\u1ecdng h\u01a1n, n\u00e2ng cao hi\u1ec7u qu\u1ea3 l\u00e0m vi\u1ec7c.<\/p>\n<h3>In t\u00e0i li\u1ec7u nhanh ch\u00f3ng<\/h3>\n<p>V\u1edbi kh\u1ea3 n\u0103ng in \u0111en tr\u1eafng l\u00ean \u0111\u1ebfn<span>\u00a0<\/span><strong>22 trang\/ph\u00fat<\/strong><span>\u00a0<\/span>v\u00e0 m\u00e0u<strong><span>\u00a0<\/span>16 trang\/ph\u00fat<\/strong>, m\u00e1y in phun m\u00e0u HP n\u00e0y \u0111\u1ea3m b\u1ea3o c\u00f4ng vi\u1ec7c c\u1ee7a b\u1ea1n lu\u00f4n \u0111\u01b0\u1ee3c ho\u00e0n th\u00e0nh nhanh ch\u00f3ng. M\u00e1y in \u0111\u01b0\u1ee3c thi\u1ebft k\u1ebf \u0111\u1ec3 \u0111\u00e1p \u1ee9ng nhu c\u1ea7u in \u1ea5n l\u1edbn v\u1edbi c\u00f4ng su\u1ea5t khuy\u1ebfn ngh\u1ecb t\u1eeb 400 &#8211; 800 trang\/th\u00e1ng, th\u1eadm ch\u00ed c\u00f3 th\u1ec3 l\u00ean \u0111\u1ebfn<span>\u00a0<\/span><strong>3.000 trang\/th\u00e1ng<\/strong>. \u0110i\u1ec1u n\u00e0y khi\u1ebfn m\u00e1y in tr\u1edf th\u00e0nh l\u1ef1a ch\u1ecdn l\u00fd t\u01b0\u1edfng cho c\u1ea3 kh\u00f4ng gian l\u00e0m vi\u1ec7c c\u00e1 nh\u00e2n, ph\u00f2ng h\u1ecdc ho\u1eb7c v\u0103n ph\u00f2ng nh\u1ecf.<\/p>\n<p>\u0110\u1ec3<span>\u00a0<\/span><a href=\"https:\/\/www.thegioididong.com\/may-in\" target=\"_blank\" title=\"Tham kh\u1ea3o c\u00e1c m\u1eabu m\u00e3y in kh\u00e1c t\u1ea1i Th\u1ebf Gi\u1edbi Di \u0110\u1ed9ng\" rel=\"noopener\">m\u00e1y in<\/a><span>\u00a0<\/span>lu\u00f4n ho\u1ea1t \u0111\u1ed9ng \u1ed5n \u0111\u1ecbnh v\u00e0 b\u1ec1n b\u1ec9, vi\u1ec7c s\u1eed d\u1ee5ng \u0111\u1ec1u \u0111\u1eb7n l\u00e0 r\u1ea5t quan tr\u1ecdng. N\u1ebfu kh\u00f4ng s\u1eed d\u1ee5ng th\u01b0\u1eddng xuy\u00ean, b\u1ea1n n\u00ean in \u00edt nh\u1ea5t m\u1ed9t l\u1ea7n m\u1ed7i tu\u1ea7n \u0111\u1ec3 \u0111\u1ea3m b\u1ea3o c\u00e1c b\u1ed9 ph\u1eadn b\u00ean trong m\u00e1y \u0111\u01b0\u1ee3c ho\u1ea1t \u0111\u1ed9ng. B\u1ea1n c\u0169ng c\u00f3 th\u1ec3 gi\u1eef m\u00e1y \u1edf ch\u1ebf \u0111\u1ed9 ch\u1edd \u0111\u1ec3 c\u00e1c ch\u1ee9c n\u0103ng b\u1ea3o qu\u1ea3n t\u1ef1 \u0111\u1ed9ng gi\u00fap b\u1ea3o v\u1ec7 \u0111\u1ea7u phun kh\u1ecfi b\u1ecb kh\u00f4 c\u1ea1n. H\u00e3y y\u00ean t\u00e2m r\u1eb1ng ch\u1ebf \u0111\u1ed9 ch\u1edd c\u1ee7a m\u00e1y in r\u1ea5t ti\u1ebft ki\u1ec7m \u0111i\u1ec7n, b\u1ea1n kh\u00f4ng ph\u1ea3i lo l\u1eafng v\u1ec1 h\u00f3a \u0111\u01a1n ti\u1ec1n \u0111i\u1ec7n m\u1ed7i th\u00e1ng.<\/p>\n<h3>B\u1ea3n in ch\u1ea5t l\u01b0\u1ee3ng v\u1edbi \u0111\u1ed9 r\u00f5 n\u00e9t cao<\/h3>\n<p>D\u00f9 b\u1ea1n c\u1ea7n in m\u1ed9t b\u00e1o c\u00e1o quan tr\u1ecdng, m\u1ed9t b\u1ea3n v\u1ebd k\u1ef9 thu\u1eadt ph\u1ee9c t\u1ea1p hay m\u1ed9t b\u1ee9c \u1ea3nh nhi\u1ec1u m\u00e0u s\u1eafc th\u00ec chi\u1ebfc m\u00e1y in n\u00e0y \u0111\u1ec1u \u0111\u00e1p \u1ee9ng ho\u00e0n h\u1ea3o. V\u1edbi ch\u1ea5t l\u01b0\u1ee3ng in<strong><span>\u00a0<\/span>1200 x 1200 dpi<span>\u00a0<\/span><\/strong>cho b\u1ea3n in \u0111en tr\u1eafng \u0111\u1ea3m b\u1ea3o v\u0103n b\u1ea3n s\u1eafc n\u00e9t, r\u00f5 r\u00e0ng, c\u00f2n \u0111\u1ed9 ph\u00e2n gi\u1ea3i<span>\u00a0<\/span><strong>4800 x 1200 dpi<span>\u00a0<\/span><\/strong>cho b\u1ea3n in m\u00e0u mang \u0111\u1ebfn nh\u1eefng h\u00ecnh \u1ea3nh s\u1ed1ng \u0111\u1ed9ng, ch\u00e2n th\u1ef1c nh\u01b0 th\u1eadt.<\/p>\n<p>Khay n\u1ea1p gi\u1ea5y l\u1edbn<strong><span>\u00a0<\/span>100 t\u1edd<\/strong><span>\u00a0<\/span>gi\u00fap gi\u1ea3m thi\u1ec3u t\u1ea7n su\u1ea5t n\u1ea1p gi\u1ea5y, ti\u1ebft ki\u1ec7m th\u1eddi gian v\u00e0 n\u00e2ng cao hi\u1ec7u qu\u1ea3 l\u00e0m vi\u1ec7c. Khay gi\u1ea5y \u0111\u00e3 in<span>\u00a0<\/span><strong>30 t\u1edd<\/strong><span>\u00a0<\/span>\u0111\u1ee7 \u0111\u1ec3 ch\u1ee9a l\u01b0\u1ee3ng gi\u1ea5y in l\u1edbn, gi\u00fap b\u1ea1n s\u1eafp x\u1ebfp t\u00e0i li\u1ec7u g\u1ecdn g\u00e0ng. M\u00e1y in h\u1ed7 tr\u1ee3 \u0111a d\u1ea1ng c\u00e1c kh\u1ed5 gi\u1ea5y v\u00e0 lo\u1ea1i gi\u1ea5y, \u0111\u00e1p \u1ee9ng m\u1ecdi nhu c\u1ea7u in \u1ea5n v\u0103n b\u1ea3n, h\u00ecnh \u1ea3nh v\u00e0 t\u00e0i li\u1ec7u chuy\u00ean nghi\u1ec7p.<\/p>\n<h3>S\u1eed d\u1ee5ng m\u1ef1c in ch\u00ednh h\u00e3ng<\/h3>\n<p>M\u00e1y in s\u1eed d\u1ee5ng b\u1ed9<span>\u00a0<\/span><strong>m\u1ef1c in HP GT53 (\u0111en)<\/strong><span>\u00a0<\/span>v\u00e0<span>\u00a0<\/span><strong>GT52 (m\u00e0u)<span>\u00a0<\/span><\/strong>cho ph\u00e9p in l\u00ean \u0111\u1ebfn<strong><span>\u00a0<\/span>6000 trang \u0111en tr\u1eafng<\/strong><span>\u00a0<\/span>v\u00e0<span>\u00a0<\/span><strong>8000 trang m\u00e0u (\u0111\u1ed9 ph\u1ee7 5% tr\u00ean kh\u1ed5 A4)<\/strong>. Vi\u1ec7c s\u1eed d\u1ee5ng m\u1ef1c in ch\u00ednh h\u00e3ng gi\u00fap t\u1ed1i \u01b0u h\u00f3a hi\u1ec7u su\u1ea5t c\u1ee7a m\u00e1y in, \u0111\u1ea3m b\u1ea3o ch\u1ea5t l\u01b0\u1ee3ng b\u1ea3n in t\u1ed1t nh\u1ea5t v\u00e0 k\u00e9o d\u00e0i tu\u1ed5i th\u1ecd c\u1ee7a thi\u1ebft b\u1ecb.<\/p>\n<h3>T\u01b0\u01a1ng th\u00edch v\u1edbi nhi\u1ec1u h\u1ec7 \u0111i\u1ec1u h\u00e0nh hi\u1ec7n nay<\/h3>\n<p><a href=\"https:\/\/www.thegioididong.com\/may-in-hp?g=in-phun-mau\" target=\"_blank\" title=\"Tham kh\u1ea3o c\u00e1c m\u1eabu m\u00e1y in phun m\u00e0u t\u1ea1i thegioididong.com\" rel=\"noopener\">M\u00e1y in phun m\u00e0u HP<\/a>\u00a0n\u00e0y \u0111\u01b0\u1ee3c thi\u1ebft k\u1ebf \u0111\u1ec3 t\u01b0\u01a1ng th\u00edch ho\u00e0n h\u1ea3o v\u1edbi c\u00e1c h\u1ec7 \u0111i\u1ec1u h\u00e0nh ph\u1ed5 bi\u1ebfn hi\u1ec7n nay nh\u01b0<span>\u00a0<\/span><strong>Windows 11<\/strong><span>\u00a0<\/span>v\u00e0<span>\u00a0<\/span><strong>Windows 10<\/strong>. Nh\u1edd \u0111\u00f3, b\u1ea1n c\u00f3 th\u1ec3 d\u1ec5 d\u00e0ng k\u1ebft n\u1ed1i m\u00e1y in v\u1edbi PC hay laptop \u0111\u1ec3 th\u1ef1c hi\u1ec7n in \u1ea5n m\u1ed9t c\u00e1ch nhanh ch\u00f3ng v\u00e0 thu\u1eadn ti\u1ec7n.<\/p>\n<p>V\u1edbi thi\u1ebft k\u1ebf nh\u1ecf g\u1ecdn, hi\u1ec7n \u0111\u1ea1i, nhi\u1ec1u t\u00ednh n\u0103ng \u01b0u vi\u1ec7t v\u00e0 ch\u1ea5t l\u01b0\u1ee3ng b\u1ea3n in tuy\u1ec7t v\u1eddi, m\u00e1y in phun m\u00e0u \u0111a n\u0103ng HP Smart Tank 520 (1F3W2A) l\u00e0 ng\u01b0\u1eddi b\u1ea1n \u0111\u1ed3ng h\u00e0nh kh\u00f4ng th\u1ec3 thi\u1ebfu cho c\u1ea3 v\u0103n ph\u00f2ng v\u00e0 gia \u0111\u00ecnh. M\u00e1y gi\u00fap b\u1ea1n ti\u1ebft ki\u1ec7m th\u1eddi gian, chi ph\u00ed v\u00e0 mang \u0111\u1ebfn nh\u1eefng tr\u1ea3i nghi\u1ec7m in \u1ea5n chuy\u00ean nghi\u1ec7p.<\/p>\n","protected":false},"excerpt":{"rendered":"<p>B\u1ea3o h\u00e0nh: <strong>12 th\u00e1ng<\/strong><\/p>\n","protected":false},"featured_media":368,"comment_status":"open","ping_status":"closed","template":"","meta":[],"product_brand":[],"product_cat":[22],"product_tag":[],"class_list":{"0":"post-367","1":"product","2":"type-product","3":"status-publish","4":"has-post-thumbnail","6":"product_cat-may-in","8":"first","9":"instock","10":"taxable","11":"shipping-taxable","12":"purchasable","13":"product-type-simple"},"_links":{"self":[{"href":"https:\/\/vothaonhu.id.vn\/index.php\/wp-json\/wp\/v2\/product\/367","targetHints":{"allow":["GET"]}}],"collection":[{"href":"https:\/\/vothaonhu.id.vn\/index.php\/wp-json\/wp\/v2\/product"}],"about":[{"href":"https:\/\/vothaonhu.id.vn\/index.php\/wp-json\/wp\/v2\/types\/product"}],"replies":[{"embeddable":true,"href":"https:\/\/vothaonhu.id.vn\/index.php\/wp-json\/wp\/v2\/comments?post=367"}],"wp:featuredmedia":[{"embeddable":true,"href":"https:\/\/vothaonhu.id.vn\/index.php\/wp-json\/wp\/v2\/media\/368"}],"wp:attachment":[{"href":"https:\/\/vothaonhu.id.vn\/index.php\/wp-json\/wp\/v2\/media?parent=367"}],"wp:term":[{"taxonomy":"product_brand","embeddable":true,"href":"https:\/\/vothaonhu.id.vn\/index.php\/wp-json\/wp\/v2\/product_brand?post=367"},{"taxonomy":"product_cat","embeddable":true,"href":"https:\/\/vothaonhu.id.vn\/index.php\/wp-json\/wp\/v2\/product_cat?post=367"},{"taxonomy":"product_tag","embeddable":true,"href":"https:\/\/vothaonhu.id.vn\/index.php\/wp-json\/wp\/v2\/product_tag?post=367"}],"curies":[{"name":"wp","href":"https:\/\/api.w.org\/{rel}","templated":true}]}}