{"id":350,"date":"2025-05-28T01:32:59","date_gmt":"2025-05-28T01:32:59","guid":{"rendered":"https:\/\/vothaonhu.id.vn\/?post_type=product&#038;p=350"},"modified":"2025-06-06T08:38:05","modified_gmt":"2025-06-06T08:38:05","slug":"loa-bluetooth-rezo-play","status":"publish","type":"product","link":"https:\/\/vothaonhu.id.vn\/index.php\/product\/loa-bluetooth-rezo-play\/","title":{"rendered":"Loa Bluetooth Rezo Play C\u00f4ng su\u1ea5t cao, \u00e2m thanh l\u1edbn"},"content":{"rendered":"<h3><a href=\"https:\/\/www.thegioididong.com\/loa-laptop\/loa-bluetooth-rezo-play\" target=\"_blank\" title=\"Tham kh\u1ea3o s\u1ea3n ph\u1ea9m loa Bluetooth Rezo Play \u0110en \u0111ang kinh doanh t\u1ea1i Th\u1ebf Gi\u1edbi Di \u0110\u1ed9ng \" rel=\"noopener\">Loa Bluetooth Rezo Play \u0110en<\/a><span>\u00a0<\/span>v\u1edbi thi\u1ebft k\u1ebf tinh t\u1ebf, \u00e2m thanh m\u1ea1nh m\u1ebd v\u00e0 t\u00ednh linh ho\u1ea1t cao, chi\u1ebfc<span>\u00a0<\/span><a href=\"https:\/\/www.thegioididong.com\/loa-laptop-nho-gon\" target=\"_blank\" title=\"Tham kh\u1ea3o s\u1ea3n ph\u1ea9m loa mini \u0111ang kinh doanh t\u1ea1i Th\u1ebf Gi\u1edbi Di \u0110\u1ed9ng \" rel=\"noopener\">loa mini<\/a><span>\u00a0<\/span>n\u00e0y h\u1ee9a h\u1eb9n s\u1ebd mang l\u1ea1i tr\u1ea3i nghi\u1ec7m \u00e2m nh\u1ea1c tuy\u1ec7t v\u1eddi cho b\u1ea1n \u1edf m\u1ecdi n\u01a1i v\u00e0 m\u1ecdi l\u00fac.<\/h3>\n<p>\u2022 Loa Bluetooth Rezo Play v\u1edbi v\u1ebb ngo\u00e0i hi\u1ec7n \u0111\u1ea1i v\u00e0 sang tr\u1ecdng, m\u00e0u \u0111en b\u00f3ng k\u1ebft h\u1ee3p c\u00f9ng m\u1ed9t ch\u00fat cam \u1edf v\u00f2ng loa t\u1eeb \u0111\u00f3 t\u1ea1o n\u00ean \u0111i\u1ec3m nh\u1ea5n tinh t\u1ebf cho b\u1ea5t k\u1ef3 kh\u00f4ng gian n\u00e0o.<\/p>\n<p>\u2022 V\u1edbi t\u1ed5ng c\u00f4ng n\u0103ng m\u1ea1nh m\u1ebd l\u00ean \u0111\u1ebfn 15 W,<span>\u00a0<\/span><a href=\"https:\/\/www.thegioididong.com\/loa-laptop-bluetooth\" target=\"_blank\" title=\"Tham kh\u1ea3o s\u1ea3n ph\u1ea9m loa Bluetooth \u0111ang kinh doanh t\u1ea1i Th\u1ebf Gi\u1edbi Di \u0110\u1ed9ng\" rel=\"noopener\">loa Bluetooth<\/a><span>\u00a0<\/span>n\u00e0y h\u1ee9a h\u1eb9n mang \u0111\u1ebfn tr\u1ea3i nghi\u1ec7m \u00e2m thanh \u0111\u1ec9nh cao cho b\u1ea1n.<\/p>\n<p>\u2022<span>\u00a0<\/span><a href=\"https:\/\/www.thegioididong.com\/loa-laptop\" target=\"_blank\" title=\"Tham kh\u1ea3o s\u1ea3n ph\u1ea9m loa \u0111ang kinh doanh t\u1ea1i Th\u1ebf Gi\u1edbi Di \u0110\u1ed9ng \" rel=\"noopener\">Loa<\/a><span>\u00a0<\/span>n\u00e0y \u0111\u01b0\u1ee3c trang b\u1ecb c\u00f4ng ngh\u1ec7 Bluetooth 5.1 ti\u00ean ti\u1ebfn, mang l\u1ea1i s\u1ef1 \u1ed5n \u0111\u1ecbnh v\u00e0 hi\u1ec7u su\u1ea5t cao trong c\u00f4ng vi\u1ec7c k\u1ebft n\u1ed1i kh\u00f4ng d\u00e2y.<\/p>\n<p>\u2022 M\u1ed9t l\u1ea7n s\u1ea1c \u0111\u1ea7y tr\u00ean<span>\u00a0<\/span><a href=\"https:\/\/www.thegioididong.com\/loa-laptop-rezo-bluetooth\" target=\"_blank\" title=\"Tham kh\u1ea3o s\u1ea3n ph\u1ea9m loa Bluetooth Rezo \u0111ang kinh doanh t\u1ea1i Th\u1ebf Gi\u1edbi Di \u0110\u1ed9ng \" rel=\"noopener\">loa Bluetooth Rezo<\/a><span>\u00a0<\/span>c\u00f3 th\u1ec3 ho\u1ea1t \u0111\u1ed9ng trong kho\u1ea3ng t\u1eeb 3 \u0111\u1ebfn 5 ti\u1ebfng, t\u00f9y thu\u1ed9c v\u00e0o m\u1ee9c \u0111\u1ed9 \u00e2m l\u01b0\u1ee3ng s\u1eed d\u1ee5ng.<\/p>\n<p>\u2022 T\u00ednh n\u0103ng k\u1ebft n\u1ed1i 2 loa c\u00f9ng l\u00fac, b\u1ea1n c\u00f3 th\u1ec3 t\u1eadn h\u01b0\u1edfng m\u1ed9t tr\u1ea3i nghi\u1ec7m \u00e2m nh\u1ea1c \u0111a chi\u1ec1u, m\u1ea1nh m\u1ebd h\u01a1n bao gi\u1edd h\u1ebft.<\/p>\n","protected":false},"excerpt":{"rendered":"<p>B\u1ea3o h\u00e0nh: <strong>6 th\u00e1ng<\/strong><\/p>\n","protected":false},"featured_media":352,"comment_status":"open","ping_status":"closed","template":"","meta":[],"product_brand":[],"product_cat":[23],"product_tag":[],"class_list":{"0":"post-350","1":"product","2":"type-product","3":"status-publish","4":"has-post-thumbnail","6":"product_cat-phu-kien-laptop","8":"first","9":"instock","10":"taxable","11":"shipping-taxable","12":"purchasable","13":"product-type-simple"},"_links":{"self":[{"href":"https:\/\/vothaonhu.id.vn\/index.php\/wp-json\/wp\/v2\/product\/350","targetHints":{"allow":["GET"]}}],"collection":[{"href":"https:\/\/vothaonhu.id.vn\/index.php\/wp-json\/wp\/v2\/product"}],"about":[{"href":"https:\/\/vothaonhu.id.vn\/index.php\/wp-json\/wp\/v2\/types\/product"}],"replies":[{"embeddable":true,"href":"https:\/\/vothaonhu.id.vn\/index.php\/wp-json\/wp\/v2\/comments?post=350"}],"wp:featuredmedia":[{"embeddable":true,"href":"https:\/\/vothaonhu.id.vn\/index.php\/wp-json\/wp\/v2\/media\/352"}],"wp:attachment":[{"href":"https:\/\/vothaonhu.id.vn\/index.php\/wp-json\/wp\/v2\/media?parent=350"}],"wp:term":[{"taxonomy":"product_brand","embeddable":true,"href":"https:\/\/vothaonhu.id.vn\/index.php\/wp-json\/wp\/v2\/product_brand?post=350"},{"taxonomy":"product_cat","embeddable":true,"href":"https:\/\/vothaonhu.id.vn\/index.php\/wp-json\/wp\/v2\/product_cat?post=350"},{"taxonomy":"product_tag","embeddable":true,"href":"https:\/\/vothaonhu.id.vn\/index.php\/wp-json\/wp\/v2\/product_tag?post=350"}],"curies":[{"name":"wp","href":"https:\/\/api.w.org\/{rel}","templated":true}]}}