{"id":340,"date":"2025-05-28T01:13:11","date_gmt":"2025-05-28T01:13:11","guid":{"rendered":"https:\/\/vothaonhu.id.vn\/?post_type=product&#038;p=340"},"modified":"2025-06-06T08:24:46","modified_gmt":"2025-06-06T08:24:46","slug":"chuot-khong-day-dareu-lm106g","status":"publish","type":"product","link":"https:\/\/vothaonhu.id.vn\/index.php\/product\/chuot-khong-day-dareu-lm106g\/","title":{"rendered":"Chu\u1ed9t Kh\u00f4ng d\u00e2y DareU LM106G, M\u00e0u \u0111en"},"content":{"rendered":"<h3><a href=\"https:\/\/thegioididong.com\/sp-293996\" target=\"_blank\" title=\"Chu\u1ed9t Kh\u00f4ng d\u00e2y DareU LM106G \u0111ang b\u00e1n t\u1ea1i Th\u1ebf Gi\u1edbi Di \u0110\u1ed9ng\" rel=\"noopener\">Chu\u1ed9t Kh\u00f4ng d\u00e2y DareU LM106G<\/a><span>\u00a0<\/span>g\u1ecdn nh\u1eb9, d\u1ec5 s\u1eed d\u1ee5ng, k\u1ebft n\u1ed1i nhanh ch\u00f3ng, t\u01b0\u01a1ng th\u00edch nhi\u1ec1u thi\u1ebft b\u1ecb.<\/h3>\n<p>\u2022\u00a0\u0110\u01b0\u1eddng n\u00e9t m\u1ec1m m\u1ea1i, \u0111\u1ed9 ho\u00e0n thi\u1ec7n cao,<span>\u00a0<\/span><a href=\"https:\/\/www.thegioididong.com\/chuot-may-tinh\" target=\"_blank\" title=\"Tham kh\u1ea3o chu\u1ed9t \u0111ang b\u00e1n t\u1ea1i Th\u1ebf Gi\u1edbi Di \u0110\u1ed9ng\" rel=\"noopener\">chu\u1ed9t<\/a><span>\u00a0<\/span>v\u1eeba v\u1eb7n v\u00e0 \u00eam tay khi s\u1eed d\u1ee5ng.<\/p>\n<p>\u2022\u00a0M\u00e0u s\u1eafc th\u00f4ng d\u1ee5ng, ph\u00f9 h\u1ee3p v\u1edbi m\u1ecdi ng\u01b0\u1eddi d\u00f9ng.<\/p>\n<p>\u2022\u00a0<a href=\"https:\/\/www.thegioididong.com\/chuot-may-tinh-dareu\" target=\"_blank\" title=\"Tham kh\u1ea3o chu\u1ed9t DareU \u0111ang b\u00e1n t\u1ea1i Th\u1ebf Gi\u1edbi Di \u0110\u1ed9ng\" rel=\"noopener\">Chu\u1ed9t DareU<\/a><span>\u00a0<\/span>\u0111\u01b0\u1ee3c thi\u1ebft k\u1ebf \u0111\u1ed1i x\u1ee9ng 2 b\u00ean, tay tr\u00e1i hay tay ph\u1ea3i s\u1eed d\u1ee5ng \u0111\u1ec1u thu\u1eadn.<\/p>\n<p>\u2022\u00a0Ph\u00edm b\u1ea5m c\u00f3 \u0111\u1ed9 n\u1ea3y t\u1ed1t, con l\u0103n chu\u1ed9t m\u1ec1m m\u1ea1i, tho\u1ea3i m\u00e1i th\u1ef1c hi\u1ec7n c\u00e1c thao t\u00e1c di chu\u1ed9t tr\u00ean m\u1eb7t ph\u1eb3ng.<\/p>\n<p>\u2022\u00a0K\u1ebft n\u1ed1i chu\u1ed9t v\u00e0 thi\u1ebft b\u1ecb s\u1eed d\u1ee5ng h\u1ec7 \u0111i\u1ec1u h\u00e0nh Windows, macOS nhanh ch\u00f3ng b\u1eb1ng \u0111\u1ea7u thu\u00a0USB Receiver.<\/p>\n<p>\u2022\u00a0S\u1ea3n ph\u1ea9m t\u01b0\u01a1ng th\u00edch v\u1edbi c\u00e1c d\u00f2ng m\u00e1y s\u1eed d\u1ee5ng h\u1ec7 \u0111i\u1ec1u h\u00e0nh Windows, macOS.<\/p>\n<p>\u2022\u00a0\u0110\u1ec3 t\u0103ng hi\u1ec7u su\u1ea5t l\u00e0m vi\u1ec7c c\u00f9ng v\u1edbi chu\u1ed9t Kh\u00f4ng d\u00e2y DareU LM106G b\u1ea1n c\u00f3 th\u1ec3 l\u1ef1a ch\u1ecdn k\u1ebft h\u1ee3p s\u1eed d\u1ee5ng chung c\u00f9ng b\u00e0n ph\u00edm<span>\u00a0<\/span><a href=\"https:\/\/www.thegioididong.com\/ban-phim\/co-day-dareu-ek87\" target=\"_blank\" title=\"Tham kh\u1ea3o s\u1ea3n ph\u1ea9m DareU EK87 \u0111ang kinh doanh t\u1ea1i Th\u1ebf Gi\u1edbi Di \u0110\u1ed9ng \" rel=\"noopener\">DareU EK87<\/a>.<\/p>\n","protected":false},"excerpt":{"rendered":"<p>B\u1ea3o h\u00e0nh: <strong>3 Th\u00e1ng<\/strong><\/p>\n","protected":false},"featured_media":341,"comment_status":"open","ping_status":"closed","template":"","meta":[],"product_brand":[],"product_cat":[23],"product_tag":[],"class_list":{"0":"post-340","1":"product","2":"type-product","3":"status-publish","4":"has-post-thumbnail","6":"product_cat-phu-kien-laptop","8":"first","9":"instock","10":"taxable","11":"shipping-taxable","12":"purchasable","13":"product-type-simple"},"_links":{"self":[{"href":"https:\/\/vothaonhu.id.vn\/index.php\/wp-json\/wp\/v2\/product\/340","targetHints":{"allow":["GET"]}}],"collection":[{"href":"https:\/\/vothaonhu.id.vn\/index.php\/wp-json\/wp\/v2\/product"}],"about":[{"href":"https:\/\/vothaonhu.id.vn\/index.php\/wp-json\/wp\/v2\/types\/product"}],"replies":[{"embeddable":true,"href":"https:\/\/vothaonhu.id.vn\/index.php\/wp-json\/wp\/v2\/comments?post=340"}],"wp:featuredmedia":[{"embeddable":true,"href":"https:\/\/vothaonhu.id.vn\/index.php\/wp-json\/wp\/v2\/media\/341"}],"wp:attachment":[{"href":"https:\/\/vothaonhu.id.vn\/index.php\/wp-json\/wp\/v2\/media?parent=340"}],"wp:term":[{"taxonomy":"product_brand","embeddable":true,"href":"https:\/\/vothaonhu.id.vn\/index.php\/wp-json\/wp\/v2\/product_brand?post=340"},{"taxonomy":"product_cat","embeddable":true,"href":"https:\/\/vothaonhu.id.vn\/index.php\/wp-json\/wp\/v2\/product_cat?post=340"},{"taxonomy":"product_tag","embeddable":true,"href":"https:\/\/vothaonhu.id.vn\/index.php\/wp-json\/wp\/v2\/product_tag?post=340"}],"curies":[{"name":"wp","href":"https:\/\/api.w.org\/{rel}","templated":true}]}}