{"id":330,"date":"2025-05-27T09:38:35","date_gmt":"2025-05-27T09:38:35","guid":{"rendered":"https:\/\/vothaonhu.id.vn\/?post_type=product&#038;p=330"},"modified":"2025-06-10T13:13:02","modified_gmt":"2025-06-10T13:13:02","slug":"muc-in-phun-brother-btd60bk-den-danh-cho-brother-t310-t520w-t720dw-t220-t510w-t710w","status":"publish","type":"product","link":"https:\/\/vothaonhu.id.vn\/index.php\/product\/muc-in-phun-brother-btd60bk-den-danh-cho-brother-t310-t520w-t720dw-t220-t510w-t710w\/","title":{"rendered":"M\u1ef1c in phun Brother BTD60BK \u0110en"},"content":{"rendered":"<h3>C\u00e1ch t\u1ef1 n\u1ea1p m\u1ef1c cho m\u00e1y in phun Brother<\/h3>\n<p>B\u01b0\u1edbc 1: M\u1edf bao b\u00ec b\u00ecnh m\u1ef1c m\u1edbi v\u00e0 l\u1eafc nh\u1eb9 cho \u0111\u1ec1u m\u1ef1c \u1edf trong b\u00ecnh.<\/p>\n<p>B\u01b0\u1edbc 2: Ki\u1ec3m tra m\u00e1y in \u0111\u00e3 t\u1eaft ngu\u1ed3n hay ch\u01b0a, n\u1ebfu ch\u01b0a th\u00ec t\u1eaft ngu\u1ed3n tr\u01b0\u1edbc khi m\u1edf khay m\u1ef1c.<\/p>\n<p>B\u01b0\u1edbc 3: M\u1edf n\u00fat ch\u1eb7n t\u1ea1i \u00f4 m\u1ef1c c\u00f3 k\u00fd hi\u1ec7u ch\u1eef BK (m\u00e0u \u0111en) v\u00e0 \u0111\u1ed5 t\u1eeb t\u1eeb b\u00ecnh\u00a0<a href=\"https:\/\/www.thegioididong.com\/muc-in\/phun-brother-btd6000bk-den-danh-cho-brother-t310\" target=\"_blank\" title=\"M\u1ef1c in phun Brother BTD60BK \u0110en \u0111ang kinh doanh t\u1ea1i thegioididong.com\" rel=\"noopener\">m\u1ef1c in phun Brother BTD60BK \u0110en<\/a>\u00a0v\u00e0o.<\/p>\n<p>B\u01b0\u1edbc 4: Quan s\u00e1t l\u01b0\u1ee3ng m\u1ef1c in \u0111\u00e3 b\u01a1m v\u00e0o m\u00e1y t\u1eeb b\u00ean ngo\u00e0i v\u00e0 d\u1eebng khi \u0111\u00e3 v\u1eeba \u0111\u1ee7 l\u01b0\u1ee3ng m\u1ef1c in.<\/p>\n<p>B\u01b0\u1edbc 5: \u0110\u1eady n\u1eafp b\u00ecnh, \u0111\u00f3ng n\u1eafp khay m\u1ef1c v\u00e0 ti\u1ebfp t\u1ee5c in \u1ea5n.<\/p>\n<p><a class=\"preventdefault\" href=\"https:\/\/cdn.tgdd.vn\/Products\/Images\/1262\/241344\/phun-brother-btd6000bk-den-danh-cho-brother-t310-171021-032428.jpg\" onclick=\"return false;\" target=\"_blank\" rel=\"noopener\"><img decoding=\"async\" alt=\"M\u1ef1c in phun Brother BTD60BK \u0110en (DCP\/MFC-Txxxx) - Thay m\u1ef1c in\" data-src=\"https:\/\/cdn.tgdd.vn\/Products\/Images\/1262\/241344\/phun-brother-btd6000bk-den-danh-cho-brother-t310-171021-032428.jpg\" class=\" lazyloaded\" title=\"M\u1ef1c in phun Brother BTD60BK \u0110en (DCP\/MFC-Txxxx) - Thay m\u1ef1c in\" src=\"https:\/\/cdn.tgdd.vn\/Products\/Images\/1262\/241344\/phun-brother-btd6000bk-den-danh-cho-brother-t310-171021-032428.jpg\" \/><\/a><\/p>\n<h3><a href=\"https:\/\/www.thegioididong.com\/muc-in-brother\" target=\"_blank\" title=\"Xem th\u00eam c\u00e1c s\u1ea3n ph\u1ea9m m\u1ef1c in Brother ch\u00ednh h\u00e3ng \u0111ang kinh doanh t\u1ea1i thegioididong.com\" rel=\"noopener\">M\u1ef1c in Brother<\/a>\u00a0t\u01b0\u01a1ng th\u00edch t\u1ed1t v\u1edbi\u00a0c\u00e1c s\u1ea3n ph\u1ea9m m\u00e1y in phun nh\u01b0\u00a0<a href=\"https:\/\/www.thegioididong.com\/may-in\/phun-mau-da-nang-brother-dcp-t220\" target=\"_blank\" title=\"M\u00e1y in Brother DCP-T220 \u0111ang kinh doanh t\u1ea1i thegiodidong.com\" rel=\"noopener\">T220<\/a>,\u00a0<a href=\"https:\/\/www.thegioididong.com\/may-in\/may-in-phun-mau-da-nang-brother-dcp-t310\" target=\"_blank\" title=\"M\u00e1y in Brother DCP-T310 \u0111ang kinh doanh t\u1ea1i thegioididong.com\" rel=\"noopener\">T310<\/a>,\u00a0<a href=\"https:\/\/www.thegioididong.com\/may-in\/phun-mau-da-nang-brother-dcp-t520w\" target=\"_blank\" title=\"M\u00e1y in Brother DCP-T520W \u0111ang kinh doanh t\u1ea1i thegioididong.com\" rel=\"noopener\">T520W<\/a>,\u00a0<a href=\"https:\/\/www.thegioididong.com\/may-in\/may-in-phun-mau-da-nang-brother-dcp-t510w-wifi\" target=\"_blank\" title=\"M\u00e1y in Brother DCP-T510W \u0111ang kinh doanh t\u1ea1i thegioididong.com\" rel=\"noopener\">T510W<\/a>,\u00a0<a href=\"https:\/\/www.thegioididong.com\/may-in\/may-in-da-nang-phun-mau-brother-inkjet-dcp-t710w-w\" target=\"_blank\" title=\"M\u00e1y in Brother DCP-T710W \u0111ang kinh doanh t\u1ea1i thegioididong.com\" rel=\"noopener\">T710W<\/a>,\u00a0<a href=\"https:\/\/www.thegioididong.com\/may-in\/phun-mau-da-nang-brother-dcp-t720dw\" target=\"_blank\" title=\"M\u00e1y in Brother DCP-T720DW \u0111ang kinh doanh t\u1ea1i thegioididong.com\" rel=\"noopener\">T720DW<\/a>,&#8230;\u00a0t\u1eeb th\u01b0\u01a1ng hi\u1ec7u Brother<\/h3>\n<p><a class=\"preventdefault\" href=\"https:\/\/cdn.tgdd.vn\/Products\/Images\/1262\/241344\/phun-brother-btd6000bk-den-danh-cho-brother-t310-171021-122941.jpg\" onclick=\"return false;\" target=\"_blank\" rel=\"noopener\"><img decoding=\"async\" alt=\"M\u1ef1c in phun Brother BTD60BK \u0110en (DCP\/MFC-Txxxx) - T\u01b0\u01a1ng th\u00edch m\u00e1y in\" data-src=\"https:\/\/cdn.tgdd.vn\/Products\/Images\/1262\/241344\/phun-brother-btd6000bk-den-danh-cho-brother-t310-171021-122941.jpg\" class=\" lazyloaded\" title=\"M\u1ef1c in phun Brother BTD60BK \u0110en (DCP\/MFC-Txxxx) - T\u01b0\u01a1ng th\u00edch m\u00e1y in\" src=\"https:\/\/cdn.tgdd.vn\/Products\/Images\/1262\/241344\/phun-brother-btd6000bk-den-danh-cho-brother-t310-171021-122941.jpg\" \/><\/a><\/p>\n<h3>B\u00ecnh m\u1ef1c in BTD60BK c\u00f3 th\u1ec3 in phun m\u00e0u \u0111\u1ebfn 7500 trang\/b\u00ecnh v\u1edbi \u0111\u1ed9 ph\u1ee7 m\u00e0u 5%<\/h3>\n<p>M\u1ed9t b\u00ecnh m\u1ef1c in phun Brother BTD60BK c\u00f3 th\u1ec3 cung c\u1ea5p \u0111\u1ee7 l\u01b0\u1ee3ng m\u1ef1c \u0111\u1ec3 in l\u00ean \u0111\u1ebfn<span>\u00a0<\/span><strong>7500 trang A4<\/strong>\u00a0v\u1edbi \u0111\u1ed9 ph\u1ee7 m\u00e0u\u00a0<strong>5%<\/strong>.\u00a0C\u00e1ch n\u1ea1p m\u1ef1c v\u00f4 c\u00f9ng d\u1ec5 d\u00e0ng ai c\u0169ng c\u00f3 th\u1ec3 l\u00e0m \u0111\u01b0\u1ee3c.<\/p>\n<h3><a href=\"https:\/\/www.thegioididong.com\/muc-in\" target=\"_blank\" title=\"Xem th\u00eam c\u00e1c s\u1ea3n ph\u1ea9m m\u1ef1c in ch\u00ednh h\u00e3ng \u0111ang kinh doanh t\u1ea1i thegioididong.com\" rel=\"noopener\">M\u1ef1c in<\/a>\u00a0s\u00e1ng \u0111\u1eb9p, r\u00f5 r\u00e0ng, ph\u00f9 h\u1ee3p v\u1edbi nhi\u1ec1u lo\u1ea1i gi\u1ea5y<\/h3>\n<p>M\u1ef1c in phun Brother cho ra nh\u1eefng b\u1ea3n in m\u00e0u ch\u1ea5t l\u01b0\u1ee3ng s\u1ea1ch \u0111\u1eb9p, m\u00e0u nhanh kh\u00f4, kh\u00f4ng b\u1ecb lem m\u00e0u khi d\u00ednh n\u01b0\u1edbc, ph\u00f9 h\u1ee3p tr\u00ean nhi\u1ec1u lo\u1ea1i gi\u1ea5y kh\u00e1c nhau, kh\u00f4ng b\u1ecb t\u1eafc m\u1ef1c, \u0111\u1ea3m b\u1ea3o \u0111\u1ed9 b\u1ec1n cho m\u00e1y c\u00f3 th\u1ec3 ho\u1ea1t \u0111\u1ed9ng l\u00e2u d\u00e0i.<\/p>\n<p><a class=\"preventdefault\" href=\"https:\/\/cdn.tgdd.vn\/Products\/Images\/1262\/241344\/phun-brother-btd6000bk-den-danh-cho-brother-t310-171021-122939.jpg\" onclick=\"return false;\" target=\"_blank\" rel=\"noopener\"><img decoding=\"async\" alt=\"M\u1ef1c in phun Brother BTD60BK \u0110en (DCP\/MFC-Txxxx) - Ch\u1ea5t l\u01b0\u1ee3ng\" data-src=\"https:\/\/cdn.tgdd.vn\/Products\/Images\/1262\/241344\/phun-brother-btd6000bk-den-danh-cho-brother-t310-171021-122939.jpg\" class=\" lazyloaded\" title=\"M\u1ef1c in phun Brother BTD60BK \u0110en (DCP\/MFC-Txxxx) - Ch\u1ea5t l\u01b0\u1ee3ng\" src=\"https:\/\/cdn.tgdd.vn\/Products\/Images\/1262\/241344\/phun-brother-btd6000bk-den-danh-cho-brother-t310-171021-122939.jpg\" \/><\/a><\/p>\n<h3>Ti\u1ebft ki\u1ec7m th\u1eddi gian, chi ph\u00ed thay m\u1ef1c in<\/h3>\n<p>C\u00e1ch th\u1ee9c thay m\u1ef1c \u0111\u01a1n gi\u1ea3n v\u00e0 thi\u1ebft k\u1ebf c\u1ee7a m\u00e1y in gi\u00fap b\u1ea1n c\u00f3 th\u1ec3 d\u1ec5 d\u00e0ng n\u1eafm \u0111\u01b0\u1ee3c l\u01b0\u1ee3ng pin c\u00f2n l\u1ea1i v\u00e0 ch\u1ee7 \u0111\u1ed9ng h\u01a1n trong vi\u1ec7c chu\u1ea9n b\u1ecb s\u1eb5n m\u1ef1c in \u0111\u1ec3 thay khi c\u1ea7n thi\u1ebft. Nh\u1edd \u0111\u00f3 c\u00f3 th\u1ec3 ti\u1ebft ki\u1ec7m \u0111\u01b0\u1ee3c kha kh\u00e1 chi ph\u00ed thu\u00ea d\u1ecbch v\u1ee5 hay tr\u00e1nh t\u00ecnh tr\u1ea1ng \u0111ang c\u1ea7n in g\u1ea5p cho c\u00f4ng vi\u1ec7c nh\u01b0ng m\u00e1y l\u1ea1i h\u1ebft m\u1ef1c.<\/p>\n","protected":false},"excerpt":{"rendered":"<p>\u0110\u1ed5i tr\u1ea3:<strong> 7 ng\u00e0y<\/strong><\/p>\n","protected":false},"featured_media":331,"comment_status":"open","ping_status":"closed","template":"","meta":[],"product_brand":[],"product_cat":[27],"product_tag":[],"class_list":{"0":"post-330","1":"product","2":"type-product","3":"status-publish","4":"has-post-thumbnail","6":"product_cat-muc-in","8":"first","9":"instock","10":"taxable","11":"shipping-taxable","12":"purchasable","13":"product-type-simple"},"_links":{"self":[{"href":"https:\/\/vothaonhu.id.vn\/index.php\/wp-json\/wp\/v2\/product\/330","targetHints":{"allow":["GET"]}}],"collection":[{"href":"https:\/\/vothaonhu.id.vn\/index.php\/wp-json\/wp\/v2\/product"}],"about":[{"href":"https:\/\/vothaonhu.id.vn\/index.php\/wp-json\/wp\/v2\/types\/product"}],"replies":[{"embeddable":true,"href":"https:\/\/vothaonhu.id.vn\/index.php\/wp-json\/wp\/v2\/comments?post=330"}],"wp:featuredmedia":[{"embeddable":true,"href":"https:\/\/vothaonhu.id.vn\/index.php\/wp-json\/wp\/v2\/media\/331"}],"wp:attachment":[{"href":"https:\/\/vothaonhu.id.vn\/index.php\/wp-json\/wp\/v2\/media?parent=330"}],"wp:term":[{"taxonomy":"product_brand","embeddable":true,"href":"https:\/\/vothaonhu.id.vn\/index.php\/wp-json\/wp\/v2\/product_brand?post=330"},{"taxonomy":"product_cat","embeddable":true,"href":"https:\/\/vothaonhu.id.vn\/index.php\/wp-json\/wp\/v2\/product_cat?post=330"},{"taxonomy":"product_tag","embeddable":true,"href":"https:\/\/vothaonhu.id.vn\/index.php\/wp-json\/wp\/v2\/product_tag?post=330"}],"curies":[{"name":"wp","href":"https:\/\/api.w.org\/{rel}","templated":true}]}}