{"id":307,"date":"2025-05-27T07:22:30","date_gmt":"2025-05-27T07:22:30","guid":{"rendered":"https:\/\/vothaonhu.id.vn\/?post_type=product&#038;p=307"},"modified":"2025-06-06T07:47:34","modified_gmt":"2025-06-06T07:47:34","slug":"camera-ip-360-do-2mp-ezviz-c6n","status":"publish","type":"product","link":"https:\/\/vothaonhu.id.vn\/index.php\/product\/camera-ip-360-do-2mp-ezviz-c6n\/","title":{"rendered":"Camera IP 360 \u0110\u1ed9 2MP Ezviz C6N, Ph\u00e1t hi\u1ec7n chuy\u1ec3n \u0111\u1ed9ng"},"content":{"rendered":"<h3><a href=\"https:\/\/www.thegioididong.com\/camera-giam-sat\/camera-ip-360-do-1080p-ezviz-c6n-trang\" rel=\"noopener\" target=\"_blank\" title=\"Camera IP 360 \u0110\u1ed9 2MP Ezviz C6N t\u1ea1i Th\u1ebf Gi\u1edbi Di \u0110\u1ed9ng\">Camera IP 360 \u0110\u1ed9 2MP Ezviz C6N<\/a><span>\u00a0<\/span>n\u1ed5i b\u1eadt v\u1edbi kh\u1ea3 n\u0103ng quan s\u00e1t to\u00e0n c\u1ea3nh, g\u00f3c xoay ngang l\u00ean t\u1edbi 360 \u0111\u1ed9 c\u00f9ng c\u00e1c ti\u1ec7n \u00edch quan s\u00e1t v\u00e0 b\u00e1o \u0111\u1ed9ng hi\u1ec7n \u0111\u1ea1i, h\u1ee9a h\u1eb9n c\u00f9ng b\u1ea1n b\u1ea3o v\u1ec7 t\u1ed1i \u01b0u cho kh\u00f4ng gian s\u1ed1ng trong nh\u00e0.<\/h3>\n<h3>Thi\u1ebft k\u1ebf t\u1ed1i gi\u1ea3n, l\u1eafp \u0111\u1eb7t d\u1ec5 d\u00e0ng<\/h3>\n<p>S\u1edf h\u1eefu thi\u1ebft k\u1ebf t\u1ed1i gi\u1ea3n, c\u00f3 th\u1ec3 l\u1eafp tr\u1ea7n ho\u1eb7c \u0111\u1ec3 b\u00e0n, ti\u1ec7n l\u1ee3i gi\u00e1m s\u00e1t c\u00e1c g\u00f3c trong nh\u00e0. Ph\u1ea7n v\u1ecf ngo\u00e0i c\u1ee9ng c\u00e1p gi\u00fap b\u1ea3o v\u1ec7 linh ki\u1ec7n b\u00ean trong, gia t\u0103ng s\u1ef1 b\u1ec1n b\u1ec9 v\u00e0 cho th\u1eddi gian s\u1eed d\u1ee5ng l\u00e2u d\u00e0i.<\/p>\n<p>Camera trang b\u1ecb s\u1eb5n h\u00e0ng lo\u1ea1t c\u00e1c ph\u1ee5 ki\u1ec7n nh\u1ecf h\u1ed7 tr\u1ee3 l\u1eafp \u0111\u1eb7t nh\u01b0: \u0111inh v\u00edt, b\u1ed9 ngu\u1ed3n, \u0111\u1ebf g\u1eafn t\u01b0\u1eddng, m\u1eabu khoan, s\u00e1ch h\u01b0\u1edbng d\u1eabn s\u1eed d\u1ee5ng,&#8230;<\/p>\n<p><a class=\"preventdefault\" href=\"https:\/\/cdn.tgdd.vn\/Products\/Images\/4728\/285250\/camera-ip-360-do-1080p-ezviz-c6n-trang-bv-2.jpg\" onclick=\"return false;\" target=\"_blank\" rel=\"noopener\"><img decoding=\"async\" alt=\"Camera IP 360 \u0110\u1ed9 2MP Ezviz C6N- Thi\u1ebft k\u1ebf nh\u1ecf g\u1ecdn\" data-src=\"https:\/\/cdn.tgdd.vn\/Products\/Images\/4728\/285250\/camera-ip-360-do-1080p-ezviz-c6n-trang-bv-2.jpg\" class=\" lazyloaded\" title=\"Camera IP 360 \u0110\u1ed9 2MP Ezviz C6N- Thi\u1ebft k\u1ebf nh\u1ecf g\u1ecdn\" src=\"https:\/\/cdn.tgdd.vn\/Products\/Images\/4728\/285250\/camera-ip-360-do-1080p-ezviz-c6n-trang-bv-2.jpg\" \/><\/a><\/p>\n<h3>H\u1ed7 tr\u1ee3 g\u00f3c xoay r\u1ed9ng v\u00e0 ch\u1ea5t l\u01b0\u1ee3ng h\u00ecnh \u1ea3nh s\u1eafc n\u00e9t<\/h3>\n<p>Camera gi\u00e1m s\u00e1t mang \u0111\u1ebfn nh\u1eefng h\u00ecnh \u1ea3nh s\u1eafc n\u00e9t, s\u1ed1ng \u0111\u1ed9ng v\u1edbi ch\u1ea5t l\u01b0\u1ee3ng 2 MP (1080p) k\u1ebft h\u1ee3p h\u1ec7 th\u1ed1ng h\u1ed3ng ngo\u1ea1i, gi\u00fap b\u1ea1n d\u1ec5 d\u00e0ng quan s\u00e1t c\u00e1c chi ti\u1ebft chuy\u1ec3n \u0111\u1ed9ng nh\u1ecf trong g\u1ea7n nh\u01b0 m\u1ecdi \u0111i\u1ec1u ki\u1ec7n \u00e1nh s\u00e1ng, k\u1ec3 c\u1ea3 v\u00e0o ban \u0111\u00eam. Camera h\u1ed7 tr\u1ee3 quan s\u00e1t trong t\u1ed1i v\u1edbi b\u00e1n k\u00ednh t\u1ed1i \u0111a l\u00ean t\u1edbi 10m, t\u1ea7m nh\u00ecn th\u1ef1c t\u1ebf tu\u1ef3 v\u00e0o \u0111i\u1ec1u ki\u1ec7n \u00e1nh s\u00e1ng m\u00f4i tr\u01b0\u1eddng.<\/p>\n<p>B\u1ea1n c\u00f3 th\u1ec3 \u0111\u1eb7t<span>\u00a0<\/span><a href=\"https:\/\/www.thegioididong.com\/camera-giam-sat-ezviz\" rel=\"noopener\" target=\"_blank\" title=\"Tham kh\u1ea3o camera EZVIZ t\u1ea1i Th\u1ebf Gi\u1edbi Di \u0110\u1ed9ng\">camera EZVIZ<\/a><span>\u00a0<\/span>\u1edf b\u1ea5t c\u1ee9 n\u01a1i n\u00e0o b\u1ea1n mu\u1ed1n m\u00e0 v\u1eabn nh\u00ecn th\u1ea5y bao qu\u00e1t to\u00e0n c\u1ea3nh c\u0103n ph\u00f2ng, c\u1eeda hi\u1ec7u,\u2026 b\u1edfi s\u1ea3n ph\u1ea9m trang b\u1ecb kh\u1ea3 n\u0103ng xoay ngang 360 \u0111\u1ed9.<\/p>\n<p><a class=\"preventdefault\" href=\"https:\/\/cdn.tgdd.vn\/Products\/4728\/285250\/camera-ip-360-do-1080p-ezviz-c6n-trang-bv-(1)-1020x570.jpg\" onclick=\"return false;\" target=\"_blank\" rel=\"noopener\"><img loading=\"lazy\" decoding=\"async\" alt=\"Camera IP 360 \u0110\u1ed9 2MP Ezviz C6N - Kh\u1ea3 n\u0103ng xoay ngang 360 \u0111\u1ed9, quan s\u00e1t to\u00e0n c\u1ea3nh\" height=\"570\" class=\" lazyloaded\" data-src=\"https:\/\/cdn.tgdd.vn\/Products\/4728\/285250\/camera-ip-360-do-1080p-ezviz-c6n-trang-bv-(1)-1020x570.jpg\" title=\"Camera IP 360 \u0110\u1ed9 2MP Ezviz C6N - Kh\u1ea3 n\u0103ng xoay ngang 360 \u0111\u1ed9, quan s\u00e1t to\u00e0n c\u1ea3nh\" width=\"1020\" src=\"https:\/\/cdn.tgdd.vn\/Products\/4728\/285250\/camera-ip-360-do-1080p-ezviz-c6n-trang-bv-(1)-1020x570.jpg\" \/><\/a><\/p>\n<h3>Ti\u1ec7n \u00edch ghi h\u00ecnh v\u00e0 theo d\u00f5i ti\u1ec7n l\u1ee3i<\/h3>\n<p>H\u1ec7 th\u1ed1ng c\u1ea3m bi\u1ebfn th\u00f4ng minh gi\u00fap quan s\u00e1t \u0111\u1ea7y \u0111\u1ee7 v\u00e0 k\u1ecbp th\u1eddi ph\u00e1t hi\u1ec7n ra c\u00e1c chuy\u1ec3n \u0111\u1ed9ng l\u1ecdt v\u00e0o khung h\u00ecnh. Khi \u0111\u00f3, tr\u1ee5c xoay s\u1ebd t\u1ef1 \u0111\u1ed9ng \u0111i\u1ec1u ch\u1ec9nh \u1ed1ng k\u00ednh camera theo h\u01b0\u1edbng v\u1eadt di chuy\u1ec3n, ghi l\u1ea1i to\u00e0n b\u1ed9 c\u00e1c ho\u1ea1t \u0111\u1ed9ng c\u1ee7a ch\u1ee7 th\u1ec3 trong khung h\u00ecnh \u0111\u1ec3 b\u1ea1n c\u00f3 th\u1ec3 truy xu\u1ea5t l\u1ea1i th\u00f4ng tin khi c\u1ea7n.<\/p>\n<p><a class=\"preventdefault\" href=\"https:\/\/cdn.tgdd.vn\/Products\/4728\/285250\/camera-ip-360-do-1080p-ezviz-c6n-trang-bv-(3)-1020x570.jpg\" onclick=\"return false;\" target=\"_blank\" rel=\"noopener\"><img loading=\"lazy\" decoding=\"async\" alt=\"Camera IP 360 \u0110\u1ed9 2MP Ezviz C6N - Theo d\u00f5i chuy\u1ec3n \u0111\u1ed9ng ti\u1ec7n l\u1ee3i\" height=\"570\" class=\" lazyloaded\" data-src=\"https:\/\/cdn.tgdd.vn\/Products\/4728\/285250\/camera-ip-360-do-1080p-ezviz-c6n-trang-bv-(3)-1020x570.jpg\" title=\"Camera IP 360 \u0110\u1ed9 2MP Ezviz C6N - Theo d\u00f5i chuy\u1ec3n \u0111\u1ed9ng ti\u1ec7n l\u1ee3i\" width=\"1020\" src=\"https:\/\/cdn.tgdd.vn\/Products\/4728\/285250\/camera-ip-360-do-1080p-ezviz-c6n-trang-bv-(3)-1020x570.jpg\" \/><\/a><\/p>\n<p>Ngo\u00e0i ra, camera c\u00f2n c\u00f3 th\u1ec3 ph\u00e2n t\u00edch ch\u00ednh x\u00e1c v\u00e0 g\u1eedi th\u00f4ng b\u00e1o t\u1edbi \u0111i\u1ec7n tho\u1ea1i khi ph\u00e1t hi\u1ec7n con ng\u01b0\u1eddi, cho ph\u00e9p b\u1ea1n y\u00ean t\u00e2m theo d\u00f5i t\u1eeb xa.<\/p>\n<p>B\u1ea1n c\u00f3 th\u1ec3 thi\u1ebft l\u1eadp c\u00e0i \u0111\u1eb7t th\u00f4ng s\u1ed1 theo d\u00f5i c\u1ee7a camera v\u00e0 xem c\u00e1c \u0111o\u1ea1n ghi h\u00ecnh tr\u00ean \u0111i\u1ec7n tho\u1ea1i d\u1ec5 d\u00e0ng th\u00f4ng qua \u1ee9ng d\u1ee5ng EZVIZ. T\u1ea3i \u1ee9ng d\u1ee5ng EZVIZ tr\u00ean thi\u1ebft b\u1ecb\u00a0<a href=\"https:\/\/play.google.com\/store\/apps\/details?id=com.ezviz&amp;hl=vi&amp;gl=US\" rel=\"noopener\" target=\"_blank\" title=\"T\u1ea3i \u1ee9ng d\u1ee5ng EZVIZ tr\u00ean thi\u1ebft b\u1ecb Android\">Android<\/a>\u00a0|\u00a0<a href=\"https:\/\/apps.apple.com\/vn\/app\/ezviz\/id886947564\" rel=\"noopener\" target=\"_blank\" title=\"T\u1ea3i \u1ee9ng d\u1ee5ng EZVIZ cho thi\u1ebft b\u1ecb iOS\">iOS<\/a>.<\/p>\n<p><a class=\"preventdefault\" href=\"https:\/\/cdn.tgdd.vn\/Products\/Images\/4728\/285250\/camera-ip-360-do-1080p-ezviz-c6n-trang-bv-1.jpg\" onclick=\"return false;\" target=\"_blank\" rel=\"noopener\"><img decoding=\"async\" alt=\"Camera IP 360 \u0110\u1ed9 2MP Ezviz C6N - Xem l\u1ea1i c\u00e1c video c\u0169 v\u00e0 thi\u1ebft l\u1eadp c\u00e0i \u0111\u1eb7t tr\u00ean \u1ee9ng d\u1ee5ng\" data-src=\"https:\/\/cdn.tgdd.vn\/Products\/Images\/4728\/285250\/camera-ip-360-do-1080p-ezviz-c6n-trang-bv-1.jpg\" class=\" lazyloaded\" title=\"Camera IP 360 \u0110\u1ed9 2MP Ezviz C6N - Xem l\u1ea1i c\u00e1c video c\u0169 v\u00e0 thi\u1ebft l\u1eadp c\u00e0i \u0111\u1eb7t tr\u00ean \u1ee9ng d\u1ee5ng\" src=\"https:\/\/cdn.tgdd.vn\/Products\/Images\/4728\/285250\/camera-ip-360-do-1080p-ezviz-c6n-trang-bv-1.jpg\" \/><\/a><\/p>\n<p><a href=\"https:\/\/www.thegioididong.com\/camera-giam-sat?g=camera-giam-sat\" rel=\"noopener\" target=\"_blank\" title=\"Tham kh\u1ea3o c\u00e1c m\u1eabu camera trong nh\u00e0 t\u1ea1i Th\u1ebf Gi\u1edbi Di \u0110\u1ed9ng\">Camera trong nh\u00e0<\/a><span>\u00a0<\/span>c\u00f3 th\u1ec3 ghi h\u00ecnh v\u1edbi \u0111\u1ea7y \u0111\u1ee7 \u00e2m thanh nh\u1edd \u0111\u01b0\u1ee3c trang b\u1ecb s\u1eb5n mic. \u00c2m thanh thu \u0111\u01b0\u1ee3c s\u1ebd kh\u00f4ng qu\u00e1 s\u1eafc n\u00e9t nh\u01b0 c\u00e1c thi\u1ebft b\u1ecb thu \u00e2m chuy\u00ean nghi\u1ec7p nh\u01b0ng v\u1eabn \u0111\u01b0\u1ee3c \u0111\u1ea3m b\u1ea3o \u0111\u1ee7 r\u00f5 r\u00e0ng \u0111\u1ec3 nghe, \u0111\u1ed3ng th\u1eddi c\u00e1c t\u1ea1p \u00e2m nh\u1ecf c\u0169ng \u0111\u01b0\u1ee3c h\u1ea1n ch\u1ebf, cho ng\u01b0\u1eddi d\u00f9ng tr\u1ea3i nghi\u1ec7m s\u1eed d\u1ee5ng t\u1ed1t nh\u1ea5t.<\/p>\n<p>Ngo\u00e0i ra, b\u1ea1n c\u00f3 c\u00f3 th\u1ec3 \u0111\u00e0m tho\u1ea1i 2 chi\u1ec1u v\u1edbi loa ngo\u00e0i t\u00edch h\u1ee3p, gi\u00fap truy\u1ec1n t\u1ea3i \u00e2m thanh t\u1eeb ng\u01b0\u1eddi \u0111i\u1ec1u khi\u1ec3n app t\u1edbi nh\u1eefng ng\u01b0\u1eddi \u1edf g\u1ea7n camera v\u00e0 ng\u01b0\u1ee3c l\u1ea1i.<\/p>\n<p><a class=\"preventdefault\" href=\"https:\/\/cdn.tgdd.vn\/Products\/Images\/4728\/285250\/camera-ip-360-do-1080p-ezviz-c6n-trang-bv-9.jpg\" onclick=\"return false;\" target=\"_blank\" rel=\"noopener\"><img decoding=\"async\" alt=\"Camera IP 360 \u0110\u1ed9 2MP Ezviz C6N - \u0110\u00e0m tho\u1ea1i 2 chi\u1ec1u qua loa v\u00e0 micro t\u00edch h\u1ee3p\" data-src=\"https:\/\/cdn.tgdd.vn\/Products\/Images\/4728\/285250\/camera-ip-360-do-1080p-ezviz-c6n-trang-bv-9.jpg\" class=\" lazyloaded\" title=\"Camera IP 360 \u0110\u1ed9 2MP Ezviz C6N - \u0110\u00e0m tho\u1ea1i 2 chi\u1ec1u qua loa v\u00e0 micro t\u00edch h\u1ee3p\" src=\"https:\/\/cdn.tgdd.vn\/Products\/Images\/4728\/285250\/camera-ip-360-do-1080p-ezviz-c6n-trang-bv-9.jpg\" \/><\/a><\/p>\n<p>Khi ph\u00e1t hi\u1ec7n c\u00e1c ti\u1ebfng \u1ed3n l\u1ea1 nh\u01b0 ti\u1ebfng \u0111\u1eadp k\u00ednh, ti\u1ebfng c\u1ea1y c\u1eeda,&#8230; \u1edf khu v\u1ef1c xung quanh camera, loa ngo\u00e0i s\u1ebd ph\u00e1t chu\u00f4ng c\u1ea3nh b\u00e1o nh\u1eb1m h\u00f9 d\u1ecda c\u00e1c \u0111\u1ed1i t\u01b0\u1ee3ng g\u00e2y ra ti\u1ebfng \u1ed3n. \u0110\u1ed3ng th\u1eddi, g\u1eedi c\u1ea3nh b\u00e1o ti\u1ebfng \u0111\u1ed9ng l\u1ea1 t\u1edbi \u0111i\u1ec7n tho\u1ea1i \u0111\u1ec3 b\u1ea1n k\u1ecbp th\u1eddi \u0111\u1ec1 ph\u00f2ng tr\u01b0\u1edbc nh\u1eefng t\u00ecnh hu\u1ed1ng t\u1ed5n th\u1ea5t t\u00e0i s\u1ea3n.<\/p>\n<h3>L\u01b0u tr\u1eef video qua th\u1ebb nh\u1edb ho\u1eb7c b\u1ed9 l\u01b0u tr\u1eef \u0111\u00e1m m\u00e2y<\/h3>\n<p>Khi ph\u00e1t hi\u1ec7n chuy\u1ec3n \u0111\u1ed9ng, con ng\u01b0\u1eddi ho\u1eb7c \u00e2m thanh b\u1ea5t th\u01b0\u1eddng,<span>\u00a0<\/span><a href=\"https:\/\/www.thegioididong.com\/camera-giam-sat\" rel=\"noopener\" target=\"_blank\" title=\"Tham kh\u1ea3o c\u00e1c m\u1eabu camera t\u1ea1i Th\u1ebf Gi\u1edbi Di \u0110\u1ed9ng\">camera<\/a><span>\u00a0<\/span>s\u1ebd t\u1ef1 \u0111\u1ed9ng ghi h\u00ecnh. C\u00e1c \u0111o\u1ea1n video s\u1ebd \u0111\u01b0\u1ee3c l\u01b0u tr\u1eef th\u00f4ng qua th\u1ebb nh\u1edb MicroSD ho\u1eb7c b\u1ed9 nh\u1edb \u0111\u00e1m m\u00e2y.<\/p>\n<p><a class=\"preventdefault\" href=\"https:\/\/cdn.tgdd.vn\/Products\/Images\/4728\/285250\/camera-ip-360-do-1080p-ezviz-c6n-trang-bv-7.jpg\" onclick=\"return false;\" target=\"_blank\" rel=\"noopener\"><img decoding=\"async\" alt=\"Camera IP 360 \u0110\u1ed9 2MP Ezviz C6N - L\u01b0u tr\u1eef video qua th\u1ebb nh\u1edb ho\u1eb7c cloud h\u00e3ng\" data-src=\"https:\/\/cdn.tgdd.vn\/Products\/Images\/4728\/285250\/camera-ip-360-do-1080p-ezviz-c6n-trang-bv-7.jpg\" class=\" ls-is-cached lazyloaded\" title=\"Camera IP 360 \u0110\u1ed9 2MP Ezviz C6N - L\u01b0u tr\u1eef video qua th\u1ebb nh\u1edb ho\u1eb7c cloud h\u00e3ng\" src=\"https:\/\/cdn.tgdd.vn\/Products\/Images\/4728\/285250\/camera-ip-360-do-1080p-ezviz-c6n-trang-bv-7.jpg\" \/><\/a><\/p>\n<p>Khi l\u01b0u tr\u1eef qua th\u1ebb nh\u1edb MicroSD, th\u1eddi gian l\u01b0u video s\u1ebd \u01b0\u1edbc t\u00ednh v\u00e0o kho\u1ea3ng 21 &#8211; 30 ng\u00e0y. Th\u1eddi gian th\u1ef1c t\u1ebf tu\u1ef3 thu\u1ed9c v\u00e0o t\u1ea7n su\u1ea5t ghi h\u00ecnh v\u00e0 \u0111i\u1ec1u ki\u1ec7n \u00e1nh s\u00e1ng n\u01a1i l\u1eafp \u0111\u1eb7t camera. Ngo\u00e0i ra, b\u1ea1n c\u00f3 th\u1ec3 mua c\u00e1c g\u00f3i l\u01b0u tr\u1eef c\u1ee7a h\u00e3ng v\u1edbi \u0111a d\u1ea1ng c\u00e1c tu\u1ef3 ch\u1ecdn sao cho ph\u00f9 h\u1ee3p v\u1edbi nhu c\u1ea7u c\u00e1 nh\u00e2n.<\/p>\n<p>L\u01b0u \u00fd: Camera ch\u1ec9 trang b\u1ecb khe c\u1eafm th\u1ebb, ng\u01b0\u1eddi d\u00f9ng c\u1ea7n t\u1ef1 chu\u1ea9n b\u1ecb th\u1ebb nh\u1edb<\/p>\n<h3>K\u1ebft n\u1ed1i qua c\u1ed5ng LAN ho\u1eb7c wifi<\/h3>\n<p>Ng\u01b0\u1eddi d\u00f9ng c\u00f3 2 t\u00f9y ch\u1ecdn k\u1ebft n\u1ed1i v\u1edbi h\u1ec7 th\u1ed1ng m\u1ea1ng trong nh\u00e0: K\u1ebft n\u1ed1i c\u00f3 d\u00e2y qua c\u1ed5ng LAN ho\u1eb7c k\u1ebft n\u1ed1i kh\u00f4ng d\u00e2y qua wifi. \u0110\u1ed1i v\u1edbi k\u1ebft n\u1ed1i wifi, camera ch\u1ec9 h\u1ed7 tr\u1ee3 b\u0103ng t\u1ea7n 2.4 GHz.<\/p>\n<p><a class=\"preventdefault\" href=\"https:\/\/cdn.tgdd.vn\/Products\/Images\/4728\/285250\/camera-ip-360-do-1080p-ezviz-c6n-trang-bv-8.jpg\" onclick=\"return false;\" target=\"_blank\" rel=\"noopener\"><img decoding=\"async\" alt=\"Camera IP 360 \u0110\u1ed9 2MP Ezviz C6N - T\u00edch h\u1ee3p c\u1ed5ng LAN \u1edf m\u1eb7t sau camera\" data-src=\"https:\/\/cdn.tgdd.vn\/Products\/Images\/4728\/285250\/camera-ip-360-do-1080p-ezviz-c6n-trang-bv-8.jpg\" class=\" lazyloaded\" title=\"Camera IP 360 \u0110\u1ed9 2MP Ezviz C6N - T\u00edch h\u1ee3p c\u1ed5ng LAN \u1edf m\u1eb7t sau camera\" src=\"https:\/\/cdn.tgdd.vn\/Products\/Images\/4728\/285250\/camera-ip-360-do-1080p-ezviz-c6n-trang-bv-8.jpg\" \/><\/a><\/p>\n<p>T\u00f3m l\u1ea1i, camera IP 360 \u0110\u1ed9 2MP Ezviz C6N \u0111\u01b0\u1ee3c trang b\u1ecb \u0111\u1ea7y \u0111\u1ee7 c\u00e1c ti\u1ec7n \u00edch theo d\u00f5i v\u00e0 b\u00e1o \u0111\u1ed9ng h\u1ee9a h\u1eb9n s\u1ebd h\u1ed7 tr\u1ee3 b\u1ea1n gi\u00e1m s\u00e1t ng\u00f4i nh\u00e0 th\u00e2n y\u00eau m\u1ecdi l\u00fac v\u1edbi g\u00f3c nh\u00ecn to\u00e0n c\u1ea3nh 360 \u0111\u1ed9.<\/p>\n<p>B\u1ea1n c\u00f3 th\u1ec3 tham kh\u1ea3o th\u00eam<span>\u00a0<\/span><a href=\"https:\/\/www.thegioididong.com\/camera-giam-sat\/camera-ip-ngoai-troi-360-do-4mp-ezviz-h8c\" target=\"_blank\" title=\"Xem th\u00eam camera EZVIZ H8C t\u1ea1i Th\u1ebf Gi\u1edbi Di \u0110\u1ed9ng\" rel=\"noopener\">EZVIZ H8C<\/a><span>\u00a0<\/span>l\u00e0 camera ngo\u00e0i tr\u1eddi th\u00f4ng minh, t\u00edch h\u1ee3p \u0111\u00e0m tho\u1ea1i hai chi\u1ec1u, theo d\u00f5i chuy\u1ec3n \u0111\u1ed9ng v\u00e0 t\u01b0\u01a1ng th\u00edch v\u1edbi tr\u1ee3 l\u00fd \u1ea3o Google Assistant, Amazon Alexa. Ng\u01b0\u1eddi d\u00f9ng d\u1ec5 d\u00e0ng ki\u1ec3m so\u00e1t v\u00e0 nh\u1eadn c\u1ea3nh b\u00e1o qua \u1ee9ng d\u1ee5ng EZVIZ tr\u00ean \u0111i\u1ec7n tho\u1ea1i v\u1edbi ch\u1ea5t l\u01b0\u1ee3ng h\u00ecnh \u1ea3nh 4MP r\u00f5 n\u00e9t.<\/p>\n","protected":false},"excerpt":{"rendered":"<p>B\u1ea3o h\u00e0nh:<strong>12 th\u00e1ng<\/strong><\/p>\n","protected":false},"featured_media":310,"comment_status":"open","ping_status":"closed","template":"","meta":[],"product_brand":[],"product_cat":[20],"product_tag":[],"class_list":{"0":"post-307","1":"product","2":"type-product","3":"status-publish","4":"has-post-thumbnail","6":"product_cat-camera-quan-sat","8":"first","9":"instock","10":"taxable","11":"shipping-taxable","12":"purchasable","13":"product-type-simple"},"_links":{"self":[{"href":"https:\/\/vothaonhu.id.vn\/index.php\/wp-json\/wp\/v2\/product\/307","targetHints":{"allow":["GET"]}}],"collection":[{"href":"https:\/\/vothaonhu.id.vn\/index.php\/wp-json\/wp\/v2\/product"}],"about":[{"href":"https:\/\/vothaonhu.id.vn\/index.php\/wp-json\/wp\/v2\/types\/product"}],"replies":[{"embeddable":true,"href":"https:\/\/vothaonhu.id.vn\/index.php\/wp-json\/wp\/v2\/comments?post=307"}],"wp:featuredmedia":[{"embeddable":true,"href":"https:\/\/vothaonhu.id.vn\/index.php\/wp-json\/wp\/v2\/media\/310"}],"wp:attachment":[{"href":"https:\/\/vothaonhu.id.vn\/index.php\/wp-json\/wp\/v2\/media?parent=307"}],"wp:term":[{"taxonomy":"product_brand","embeddable":true,"href":"https:\/\/vothaonhu.id.vn\/index.php\/wp-json\/wp\/v2\/product_brand?post=307"},{"taxonomy":"product_cat","embeddable":true,"href":"https:\/\/vothaonhu.id.vn\/index.php\/wp-json\/wp\/v2\/product_cat?post=307"},{"taxonomy":"product_tag","embeddable":true,"href":"https:\/\/vothaonhu.id.vn\/index.php\/wp-json\/wp\/v2\/product_tag?post=307"}],"curies":[{"name":"wp","href":"https:\/\/api.w.org\/{rel}","templated":true}]}}