{"id":193,"date":"2025-05-19T13:14:38","date_gmt":"2025-05-19T13:14:38","guid":{"rendered":"https:\/\/vothaonhu.id.vn\/?post_type=product&#038;p=193"},"modified":"2025-06-10T06:48:44","modified_gmt":"2025-06-10T06:48:44","slug":"pc-hp-all-in-one-proone-240-g10-9h0a8pt-i3-n300-8gb-ram-512gb-ssd-23-8-inch-fhd-wlbt-km-win11","status":"publish","type":"product","link":"https:\/\/vothaonhu.id.vn\/index.php\/product\/pc-hp-all-in-one-proone-240-g10-9h0a8pt-i3-n300-8gb-ram-512gb-ssd-23-8-inch-fhd-wlbt-km-win11\/","title":{"rendered":"PC HP All in One ProOne 240 G10 (9H0A8PT)"},"content":{"rendered":"<p><a href=\"https:\/\/hacom.vn\/pc-hp-all-in-one-proone-240-g10-8w8k0pa-i5-1335u-8gb-ram-256gb-ssd-23.8-inch-fhd-wl-bt-k-m-win11\" target=\"_blank\" rel=\"noopener\">PC<\/a><strong><a href=\"https:\/\/hacom.vn\/pc-hp-all-in-one-proone-240-g10-8w8k0pa-i5-1335u-8gb-ram-256gb-ssd-23.8-inch-fhd-wl-bt-k-m-win11\" target=\"_blank\" rel=\"noopener\"> HP All in One ProOne 240 G10 (9H0A8PT)<\/a><\/strong>\u00a0cung c\u1ea5p c\u00e1c t\u00ednh n\u0103ng m\u1ea1nh m\u1ebd v\u00e0 n\u0103ng su\u1ea5t v\u1edbi hi\u1ec7u su\u1ea5t \u1edf c\u1ea5p doanh nghi\u1ec7p. M\u00e1y c\u00f3 ch\u1ea5t l\u01b0\u1ee3ng\/gi\u00e1 c\u1ea3 tuy\u1ec7t v\u1eddi, v\u1edbi b\u1ed9 x\u1eed l\u00fd Intel\u00ae m\u1edbi nh\u1ea5t, m\u00e0n h\u00ecnh Full HD 23,8 inch v\u00e0 c\u00e1c t\u00ednh n\u0103ng t\u1ed1i \u01b0u h\u00f3a video. D\u00f2ng m\u00e1y c\u00f3 thi\u1ebft k\u1ebf thanh l\u1ecbch v\u00e0 m\u1ecfng \u0111\u01b0\u1ee3c trang b\u1ecb camera t\u00edch h\u1ee3p micro c\u00f3 th\u1ec3 \u0111i\u1ec1u ch\u1ec9nh ph\u00f9 h\u1ee3p v\u1edbi nhu c\u1ea7u h\u1ed9i h\u1ecdp, call video&#8230;<\/p>\n<p><img decoding=\"async\" class=\"loading\" src=\"https:\/\/hanoicomputercdn.com\/media\/lib\/29-04-2024\/pc-hp-all-in-one-proone-240-g10-9h0a8pt-2.jpg\" data-was-processed=\"true\" \/><\/p>\n<h3><strong>K\u00edch th\u01b0\u1edbc t\u1ed1i gi\u1ea3n<\/strong><\/h3>\n<p>Thi\u1ebft k\u1ebf kh\u00e1 \u0111\u1eb9p m\u1eaft v\u1edbi 2 m\u00e0u \u0111en, gi\u00fap cho kh\u00f4ng gian l\u00e0m vi\u1ec7c c\u1ee7a b\u1ea1n tr\u1edf n\u00ean sang tr\u1ecdng, thanh l\u1ecbch.\u00a0<a href=\"https:\/\/hacom.vn\/man-hinh-may-tinh\" target=\"_blank\" rel=\"noopener\">M\u00e0n h\u00ecnh<\/a>\u00a0c\u00f3 \u0111\u1ed9 d\u00e0i<strong>\u00a054<\/strong>\u00a0<strong>cm<\/strong>\u00a0v\u00e0 tr\u1ecdng l\u01b0\u1ee3ng ch\u1ec9 kho\u1ea3ng\u00a0<strong>5<\/strong><strong>.37kg.<\/strong><\/p>\n<p><img decoding=\"async\" class=\"loading\" src=\"https:\/\/hanoicomputercdn.com\/media\/lib\/29-04-2024\/pc-hp-all-in-one-proone-240-g10-8w8k0pa-i5-2.jpg\" data-was-processed=\"true\" \/><\/p>\n<p>Kh\u00f4ng nh\u1eefng th\u1ebf c\u00f2n t\u0103ng t\u00ednh th\u1ea9m m\u1ef9 cho g\u00f3c m\u00e1y c\u1ee7a ng\u01b0\u1eddi d\u00f9ng tr\u1edf n\u00ean hi\u1ec7n \u0111\u1ea1i, sang tr\u1ecdng h\u01a1n. HP \u0111\u00e3 trang b\u1ecb cho AIO ProOne 240 G10 c\u1ee5m vi\u1ec1n m\u00e0n h\u00ecnh si\u00eau m\u1ecfng. C\u1ea1nh d\u01b0\u1edbi c\u00f9ng \u0111\u01b0\u1ee3c t\u00edch h\u1ee3p d\u1ea3i loa, v\u00f4 c\u00f9ng g\u1ecdn g\u00e0ng \u0111\u1eb9p m\u1eaft v\u1edbi c\u00f4ng su\u1ea5t \u1edf m\u1ee9c \u0111\u1ee7 d\u00f9ng. Trang b\u1ecb s\u1eb5n camera\u00a0<strong>5MP<\/strong>\u00a0v\u00e0\u00a0<strong>Micro<\/strong>\u00a0gi\u00fap b\u1ea1n\u00a0li\u00ean l\u1ea1c, g\u1ecdi video, tham gia h\u1ecdp tr\u1ef1c tuy\u1ebfn v\u1edbi b\u1ea1n b\u00e8, ng\u01b0\u1eddi th\u00e2n, \u0111\u1ed3ng nghi\u1ec7p m\u1ed9t c\u00e1ch d\u1ec5 d\u00e0ng qua c\u00e1c \u1ee9ng d\u1ee5ng Zalo, Google Meet, Zoom,..<\/p>\n<p><img decoding=\"async\" class=\"loading\" src=\"https:\/\/hanoicomputercdn.com\/media\/lib\/29-04-2024\/pc-hp-all-in-one-proone-240-g10-8w8k0pa-i5-3.jpg\" data-was-processed=\"true\" \/><\/p>\n<h3><strong>Hi\u1ec7u n\u0103ng \u1ed5n \u0111\u1ecbnh, t\u1ed1c \u0111\u1ed9 x\u1eed l\u00fd nhanh ch\u00f3ng<\/strong><\/h3>\n<p>S\u1edf h\u1eefu 8 nh\u00e2n 8 lu\u1ed3ng, CPU Intel Core i3 N300 cho kh\u1ea3 n\u0103ng x\u1eed l\u00fd \u0111a nhi\u1ec7m t\u1ed1i \u01b0u h\u01a1n. Kh\u00e1c v\u1edbi c\u00e1c phi\u00ean b\u1ea3n \u0111\u1eddi tr\u01b0\u1edbc, phi\u00ean b\u1ea3n \u0111\u1eddi 13th \u0111\u00e3 mang \u0111\u1ebfn m\u1edbi l\u1ea1 trong c\u1ea5u tr\u00fac. Chip c\u00f3 th\u1ec3 gi\u1ea3i ph\u00f3ng xung l\u00ean t\u1edbi 3.8 Ghz, \u0111\u00e1p \u1ee9ng \u0111\u01b0\u1ee3c c\u00e1c ph\u1ea7n m\u1ec1m v\u0103n ph\u00f2ng ho\u1eb7c t\u00e1c v\u1ee5 \u0111\u1ed3 h\u1ecda c\u01a1 b\u1ea3n.<\/p>\n<p><img decoding=\"async\" class=\"loading\" src=\"https:\/\/hanoicomputercdn.com\/media\/lib\/29-04-2024\/pc-hp-all-in-one-proone-240-g10-9h0a8pt-1.jpg\" data-was-processed=\"true\" \/><\/p>\n<p>M\u00e1y t\u00edch h\u1ee3p s\u1eb5n 1\u00a0<a href=\"https:\/\/hacom.vn\/o-cung-ssd\" target=\"_blank\" rel=\"noopener\">\u1ed5 c\u1ee9ng\u00a0SSD<\/a>\u00a0gi\u00fap t\u0103ng t\u1ed1c \u0111\u1ed9 kh\u1edfi \u0111\u1ed9ng m\u00e1y (C\u00f3 th\u1ec3 s\u1eed d\u1ee5ng \u0111\u1ed3ng th\u1eddi\u00a0<strong>t\u1ed1i \u0111a 2 \u1ed5: M.2 v\u00e0 SATA3 2.5&#8243;<\/strong>), ti\u1ebft ki\u1ec7m t\u1ed1i \u0111a th\u1eddi gian ng\u01b0\u1eddi d\u00f9ng khi s\u1eed d\u1ee5ng. Card \u0111\u1ed3 h\u1ecda t\u00edch h\u1ee3p Intel\u00ae Iris\u00ae Xe Graphics h\u1ed7 tr\u1ee3 cho c\u00e1c ph\u1ea7n m\u1ec1m s\u00e1ng t\u1ea1o n\u1ed9i dung nh\u01b0 Adobe,\u00a0 Cad,&#8230; Th\u1eadm ch\u00ed c\u00f2n c\u00f3 th\u1ec3 \u0111\u1ea3m nhi\u1ec7m t\u1ed1t trong c\u00e1c t\u1ef1a game c\u01a1 b\u1ea3n, kh\u00f4ng \u0111\u1eb7t n\u1eb7ng ph\u1ea7n c\u1ee9ng cao. Ng\u01b0\u1eddi d\u00f9ng c\u00f3 th\u1ec3 n\u00e2ng c\u1ea5p\u00a0<strong>t\u1ed1i \u0111a 32GB v\u1edbi 2 khe ram<\/strong>, \u0111\u00e1p \u1ee9ng h\u1ea7u h\u1ebft c\u00e1c ph\u1ea7n m\u1ec1m m\u00e0 kh\u00f4ng lo gi\u1eadt lag, gi\u00e1n \u0111o\u1ea1n<\/p>\n<h3><strong>H\u00ecnh \u1ea3nh ch\u00e2n th\u1ef1c<\/strong><\/h3>\n<p>M\u00e0n h\u00ecnh s\u1eed d\u1ee5ng t\u1ea5m n\u1ec1n IPS, cho t\u1ea7m nh\u00ecn tr\u1ea3i r\u1ed9ng l\u00ean \u0111\u1ebfn 178 \u0111\u1ed9. \u0110\u1ed9 ph\u00e2n gi\u1ea3i\u00a0<strong>FHD<\/strong>\u00a01920&#215;1080 (t\u01b0\u01a1ng \u0111\u01b0\u01a1ng 102 ppi) cung c\u1ea5p h\u00ecnh \u1ea3nh s\u1eafc n\u00e9t, m\u00e0u s\u1eafc trung th\u1ef1c. \u0110\u1ed9 t\u01b0\u01a1ng ph\u1ea3n cao, c\u00f9ng \u0111\u1ed9 s\u00e1ng ti\u00eau chu\u1ea9n lu\u00f4n l\u00e0m h\u00e0i l\u00f2ng th\u1ecb hi\u1ebfu ng\u01b0\u1eddi d\u00f9ng. Th\u00eam v\u00e0o \u0111\u00f3 l\u00e0 t\u00ednh n\u0103ng c\u1ea3m \u1ee9ng thu\u1eadn ti\u1ec7n, v\u00e0 t\u0103ng hi\u1ec7u qu\u1ea3 c\u00f4ng vi\u1ec7c. M\u00e0n h\u00ecnh \u0111\u01b0\u1ee3c ph\u1ee7 l\u1edbp ch\u1ed1ng ch\u00f3i, h\u1ea1n ch\u1ebf b\u1edbt \u00e1nh s\u00e1ng chi\u1ebfu th\u1eb3ng v\u00e0o m\u00e0n.<\/p>\n<p><img decoding=\"async\" class=\"loading\" src=\"https:\/\/hanoicomputercdn.com\/media\/lib\/29-04-2024\/pc-hp-all-in-one-proone-240-g10-8w8k0pa-i5-5.jpg\" data-was-processed=\"true\" \/><\/p>\n<h3><strong>K\u1ebft n\u1ed1i \u0111a d\u1ee5ng<\/strong><\/h3>\n<p>HP All in One ProOne 240 G10 \u0111\u01b0\u1ee3c h\u1ed7 tr\u1ee3 b\u1edfi nhi\u1ec1u c\u1ed5ng k\u1ebft n\u1ed1i c\u00e1c thi\u1ebft b\u1ecb ngo\u1ea1i vi nh\u01b0 ph\u00edm chu\u1ed9t, usb,.. Hay sao l\u01b0u d\u1eef li\u1ec7u m\u1ed9t c\u00e1ch d\u1ec5 d\u00e0ng ngay ph\u00eda sau m\u00e0n h\u00ecnh. Ho\u1eb7c ch\u00fang ta c\u00f3 th\u1ec3 m\u1edf r\u1ed9ng ph\u1ea1m vi hi\u1ec3n th\u1ecb b\u1eb1ng c\u00e1ch k\u1ebft n\u1ed1i v\u1edbi m\u00e0n h\u00ecnh ph\u1ee5 th\u00f4ng qua c\u1ed5ng HDMI. Vi\u1ec7c k\u1ebft n\u1ed1i tr\u1ef1c ti\u1ebfp t\u1eeb c\u1ed5ng LAN lo\u1ea1i b\u1ecf nh\u1eefng h\u1ea1n ch\u1ebf t\u1eeb k\u1ebft n\u1ed1i Wifi t\u1ea1o ra. X\u1eed l\u00fd c\u00f4ng vi\u1ec7c lu\u00f4n lu\u00f4n \u1ed5n \u0111\u1ecbnh nh\u1ea5t.<\/p>\n<p><strong><img decoding=\"async\" class=\"loading\" src=\"https:\/\/hanoicomputercdn.com\/media\/lib\/29-04-2024\/pc-hp-all-in-one-proone-240-g10-8w8k0pa-i5-6.jpg\" data-was-processed=\"true\" \/><\/strong><\/p>\n","protected":false},"excerpt":{"rendered":"<p>B\u1ea3o h\u00e0nh:<strong> 12 th\u00e1ng<\/strong><\/p>\n","protected":false},"featured_media":195,"comment_status":"open","ping_status":"closed","template":"","meta":[],"product_brand":[],"product_cat":[25],"product_tag":[],"class_list":{"0":"post-193","1":"product","2":"type-product","3":"status-publish","4":"has-post-thumbnail","6":"product_cat-may-tinh-de-ban","8":"first","9":"instock","10":"taxable","11":"shipping-taxable","12":"purchasable","13":"product-type-simple"},"_links":{"self":[{"href":"https:\/\/vothaonhu.id.vn\/index.php\/wp-json\/wp\/v2\/product\/193","targetHints":{"allow":["GET"]}}],"collection":[{"href":"https:\/\/vothaonhu.id.vn\/index.php\/wp-json\/wp\/v2\/product"}],"about":[{"href":"https:\/\/vothaonhu.id.vn\/index.php\/wp-json\/wp\/v2\/types\/product"}],"replies":[{"embeddable":true,"href":"https:\/\/vothaonhu.id.vn\/index.php\/wp-json\/wp\/v2\/comments?post=193"}],"wp:featuredmedia":[{"embeddable":true,"href":"https:\/\/vothaonhu.id.vn\/index.php\/wp-json\/wp\/v2\/media\/195"}],"wp:attachment":[{"href":"https:\/\/vothaonhu.id.vn\/index.php\/wp-json\/wp\/v2\/media?parent=193"}],"wp:term":[{"taxonomy":"product_brand","embeddable":true,"href":"https:\/\/vothaonhu.id.vn\/index.php\/wp-json\/wp\/v2\/product_brand?post=193"},{"taxonomy":"product_cat","embeddable":true,"href":"https:\/\/vothaonhu.id.vn\/index.php\/wp-json\/wp\/v2\/product_cat?post=193"},{"taxonomy":"product_tag","embeddable":true,"href":"https:\/\/vothaonhu.id.vn\/index.php\/wp-json\/wp\/v2\/product_tag?post=193"}],"curies":[{"name":"wp","href":"https:\/\/api.w.org\/{rel}","templated":true}]}}