{"id":187,"date":"2025-05-19T13:11:01","date_gmt":"2025-05-19T13:11:01","guid":{"rendered":"https:\/\/vothaonhu.id.vn\/?post_type=product&#038;p=187"},"modified":"2025-06-07T16:39:57","modified_gmt":"2025-06-07T16:39:57","slug":"hinh-anh-chup-san-pham-thong-so-ky-thuat-pc-dell-inspiron-3030sff-i5-14400-16gb-ram-512gb-ssd-wlbt-km-win11-sffi53013w1-16g-512g","status":"publish","type":"product","link":"https:\/\/vothaonhu.id.vn\/index.php\/product\/hinh-anh-chup-san-pham-thong-so-ky-thuat-pc-dell-inspiron-3030sff-i5-14400-16gb-ram-512gb-ssd-wlbt-km-win11-sffi53013w1-16g-512g\/","title":{"rendered":"PC Dell Inspiron 3030SFF i5 14400 16GB RAM\/512GB"},"content":{"rendered":"<p><a href=\"https:\/\/hacom.vn\/pc-dell-inspiron-3030sff-i5-14400-16gb-ram-512gb-ssd-wl-bt-k-m-win11-sffi53013w1-16g-512g\" target=\"_blank\" rel=\"noopener\">Dell Inspiron 3030 S (SFFI53013W1-16G-512G)<\/a>\u00a0l\u00e0 m\u1ed9t m\u00e1y t\u00ednh \u0111\u1ec3 b\u00e0n nh\u1ecf g\u1ecdn \u0111\u01b0\u1ee3c thi\u1ebft k\u1ebf cho c\u00e1c nhi\u1ec7m v\u1ee5 h\u00e0ng ng\u00e0y. V\u1edbi thi\u1ebft k\u1ebf m\u1ecfng nh\u1eb9, n\u00f3 d\u1ec5 d\u00e0ng ph\u00f9 h\u1ee3p v\u1edbi b\u1ea5t k\u1ef3 kh\u00f4ng gian l\u00e0m vi\u1ec7c n\u00e0o. M\u00e1y t\u00ednh n\u00e0y \u0111\u01b0\u1ee3c trang b\u1ecb b\u1ed9 x\u1eed l\u00fd Intel Core \u0111\u1ec3 \u0111\u1ea3m b\u1ea3o hi\u1ec7u su\u1ea5t \u0111\u00e1ng tin c\u1eady.<\/p>\n<p>M\u00e1y \u0111\u01b0\u1ee3c s\u1ea3n xu\u1ea5t v\u1edbi ch\u1ea5t l\u01b0\u1ee3ng ch\u1ebf t\u00e1c xu\u1ea5t s\u1eafc cho th\u1eddi gian s\u1eed d\u1ee5ng b\u1ec1n b\u1ec9, kh\u1ea3 n\u0103ng \u0111i\u1ec7n to\u00e1n \u0111\u00e1ng tin c\u1eady v\u1edbi thi\u1ebft k\u1ebf h\u00ecnh h\u1ecdc \u0111\u1ec1 cao th\u1ea9m m\u1ef9, mang \u0111\u1ebfn v\u1ebb ngo\u00e0i th\u1eddi th\u01b0\u1ee3ng, l\u00e0 \u0111i\u1ec3m nh\u1ea5n ho\u00e0n h\u1ea3o cho m\u1ecdi c\u0103n nh\u00e0 hi\u1ec7n \u0111\u1ea1i.<\/p>\n<p><img decoding=\"async\" class=\"loading\" src=\"https:\/\/hanoicomputercdn.com\/media\/lib\/29-05-2024\/pc-dell-inspiron-3030sff-sffi53013w1-16g-512g-mota-1a.jpg\" data-was-processed=\"true\" \/><\/p>\n<h3>L\u00fd t\u01b0\u1edfng v\u1edbi m\u1ecdi kh\u00f4ng gian<\/h3>\n<p>PC Dell Inspiron 3030S ph\u1ea3i tr\u1ea3i qua h\u00e0ng lo\u1ea1t c\u00e1c b\u00e0i th\u1eed nghi\u1ec7m nghi\u00eam ng\u1eb7t v\u1ec1 \u0111\u1ed9 \u1ed3n, \u0111\u1ed9 rung, th\u1ea3 r\u01a1i v\u00e0 s\u1ed1c nhi\u1ec7t \u0111\u1ec3 c\u00f3 th\u1ec3 \u0111\u00e1p \u1ee9ng nh\u1eefng ti\u00eau chu\u1ea9n kh\u1eaft khe v\u00e0 v\u01b0\u1ee3t xa nh\u1eefng ti\u00eau chu\u1ea9n c\u1ee7a c\u00e1c nh\u00e0 s\u1ea3n xu\u1ea5t kh\u00e1c. \u0110\u1ed9 d\u00e0y ch\u1ec9 9.5 cm v\u00e0 c\u00e2n n\u1eb7ng khi\u00eam t\u1ed1n 4.72 Kg d\u1ec5 d\u00e0ng cho ng\u01b0\u1eddi d\u00f9ng hay ph\u1ea3i x\u00ea d\u1ecbch, di chuy\u1ec3n ch\u1ed7 l\u00e0m.<\/p>\n<p><img decoding=\"async\" class=\"loading\" src=\"https:\/\/hanoicomputercdn.com\/media\/lib\/29-05-2024\/pc-dell-inspiron-3030s-42in3030s14100-mota-2.jpg\" data-was-processed=\"true\" \/><\/p>\n<p>PC Dell Inspiron 3030 S lu\u00f4n s\u1eb5n s\u00e0ng cho c\u00f4ng vi\u1ec7c v\u0103n ph\u00f2ng v\u1edbi M\u00f4-\u0111un n\u1ec1n t\u1ea3ng \u0111\u00e1ng tin c\u1eady t\u00edch h\u1ee3p, d\u1ec5 s\u1eed d\u1ee5ng \u0111\u1ec3 b\u1ea3o v\u1ec7 d\u1eef li\u1ec7u c\u1ee7a b\u1ea1n v\u00e0 nhi\u1ec1u c\u1ed5ng v\u00e0 khe c\u1eafm kh\u00e1c nhau \u0111\u1ec3 k\u1ebft n\u1ed1i t\u1ea5t c\u1ea3 c\u00e1c thi\u1ebft b\u1ecb c\u00e1 nh\u00e2n v\u00e0 doanh nghi\u1ec7p c\u1ee7a b\u1ea1n.<\/p>\n<h3>C\u1ea5u h\u00ecnh x\u1eed l\u00fd \u0111a nhi\u1ec7m c\u01a1 b\u1ea3n<\/h3>\n<p>\u0110\u01b0\u1ee3c trang b\u1ecb b\u1ed9\u00a0<a href=\"https:\/\/hacom.vn\/cpu-intel\" target=\"_blank\" rel=\"noopener\">vi x\u1eed l\u00fd Intel<sup class=\"sign-cr\">\u00ae<\/sup>\u00a0Core<sup class=\"sign-tm\">\u2122<\/sup><\/a>\u00a0i5-14400, ng\u01b0\u1eddi d\u00f9ng d\u1ec5 d\u00e0ng gi\u1ea3i quy\u1ebft m\u1ecdi t\u00e1c v\u1ee5, cho ph\u00e9p x\u1eed l\u00fd m\u1ecdi t\u00e1c v\u1ee5 m\u01b0\u1ee3t m\u00e0. Ngo\u00e0i ra, gi\u1ea3i ph\u00e1p l\u01b0u tr\u1eef k\u00e9p mang \u0111\u1ebfn t\u1ed1c \u0111\u1ed9 \u0111\u1ecdc v\u00e0 ghi d\u1eef li\u1ec7u si\u00eau nhanh, cho ph\u00e9p l\u00e0m vi\u1ec7c hi\u1ec7u su\u1ea5t v\u00e0 s\u00e1ng t\u1ea1o m\u1ed9t c\u00e1ch tr\u01a1n tru, \u0111\u1ed3ng th\u1eddi c\u00f3 nhi\u1ec1u kh\u00f4ng gian l\u01b0u tr\u1eef \u1ea3nh v\u00e0 video. Hi\u1ec7u n\u0103ng mang l\u1ea1i \u0111\u00e1p \u1ee9ng thao t\u00e1c \u0111a nhi\u1ec7m c\u01a1 b\u1ea3n.<\/p>\n<p><img decoding=\"async\" class=\"loading\" src=\"https:\/\/hanoicomputercdn.com\/media\/lib\/29-05-2024\/pc-dell-inspiron-3030sff-sffi53013w1-16g-512g-mota-2.jpg\" data-was-processed=\"true\" \/><\/p>\n<p>H\u01a1n n\u1eefa, v\u00ec M\u00e1y t\u00ednh \u0111\u1ec3 b\u00e0n nh\u1ecf Inspiron c\u00f3 th\u1ec3 h\u1ed7 tr\u1ee3 b\u1ed9 nh\u1edb l\u00ean t\u1edbi 64GB DDR5 n\u00ean b\u1ea1n c\u00f3 kh\u1ea3 n\u0103ng m\u1edf r\u1ed9ng \u0111\u1ec3 b\u1ed5 sung th\u00eam b\u1ed9 nh\u1edb g\u1ed3m 1 khe ch\u1edd M.2 NVMe v\u00e0 1 khe ch\u1edd SATA 3 HDD\/SSD cho nhu c\u1ea7u t\u00ednh to\u00e1n trong t\u01b0\u01a1ng lai. \u0110\u1ec3 d\u1ec5 d\u00e0ng truy c\u1eadp v\u00e0 l\u01b0u tr\u1eef t\u1ea5t c\u1ea3 c\u00e1c t\u1ec7p, \u1ea3nh v\u00e0 video, Inspiron Small Desktop c\u00f3 t\u00f9y ch\u1ecdn n\u00e2ng c\u1ea5p l\u00ean t\u1edbi 1TB SSD, 2TB HDD 3.5&#8243;.<\/p>\n<h3>T\u00edch h\u1ee3p h\u1ec7 \u0111i\u1ec1u h\u00e0nh b\u1ea3n quy\u1ec1n<\/h3>\n<p>M\u00e1y \u0111\u01b0\u1ee3c t\u00edch h\u1ee3p s\u1eb5n\u00a0<a href=\"https:\/\/hacom.vn\/he-dieu-hanh\" target=\"_blank\" rel=\"noopener\">h\u1ec7 \u0111i\u1ec1u h\u00e0nh b\u1ea3n quy\u1ec1n Windows<\/a>\u00a011.Windows 11 c\u00f3 thi\u1ebft k\u1ebf hi\u1ec7n \u0111\u1ea1i v\u00e0 c\u00e1c c\u00f4ng c\u1ee5 \u0111a nhi\u1ec7m gi\u00fap b\u1ea1n ho\u00e0n th\u00e0nh c\u00f4ng vi\u1ec7c nhanh h\u01a1n, d\u1ec5 d\u00e0ng h\u01a1n v\u00e0 phong c\u00e1ch h\u01a1n.<\/p>\n<p>Tr\u1ee3 l\u00fd AI c\u00e1 nh\u00e2n \u0111\u01b0\u1ee3c t\u00edch h\u1ee3p s\u1eb5n \u0111\u1ec3 th\u1ef1c hi\u1ec7n nh\u1eefng c\u00f4ng vi\u1ec7c n\u1eb7ng nh\u1ecdc \u0111\u1ec3 b\u1ea1n c\u00f3 th\u1ec3 l\u00e0m \u0111\u01b0\u1ee3c nh\u1eefng \u0111i\u1ec1u phi th\u01b0\u1eddng. V\u1edbi Copilot trong Windows, b\u1ea1n s\u1ebd nh\u1eadn \u0111\u01b0\u1ee3c c\u00e2u tr\u1ea3 l\u1eddi, ngu\u1ed3n c\u1ea3m h\u1ee9ng v\u00e0 gi\u1ea3i ph\u00e1p th\u1ef1c s\u1ef1 cho c\u00e1c c\u00e2u h\u1ecfi, d\u1ef1 \u00e1n v\u00e0 danh s\u00e1ch vi\u1ec7c c\u1ea7n l\u00e0m c\u1ee7a m\u00ecnh . Lu\u00f4n k\u1ebft n\u1ed1i v\u00e0 l\u00e0m \u0111\u01b0\u1ee3c nhi\u1ec1u vi\u1ec7c h\u01a1n v\u1edbi Microsoft Teams v\u00e0 Windows Studio Effects. Gi\u1edd \u0111\u00e2y, b\u1ea1n c\u00f3 th\u1ec3 lo\u1ea1i b\u1ecf h\u00ecnh \u1ea3nh v\u00e0 \u00e2m thanh g\u00e2y m\u1ea5t t\u1eadp trung, \u0111\u1ed3ng th\u1eddi n\u00e2ng cao tr\u1ea3i nghi\u1ec7m cu\u1ed9c g\u1ecdi \u0111i\u1ec7n video c\u1ee7a m\u00ecnh .<\/p>\n<p><img decoding=\"async\" class=\"loading\" src=\"https:\/\/hanoicomputercdn.com\/media\/lib\/30-05-2024\/pc-dell-inspiron-3030s-windows-mota-1.jpg\" data-was-processed=\"true\" \/><\/p>\n<h2 class=\"pd-bottom-title\">K\u1ebft n\u1ed1i thu\u1eadn ti\u1ec7n<\/h2>\n<div class=\"pd-item-desc\">D\u1ec5 d\u00e0ng k\u1ebft n\u1ed1i v\u1edbi c\u00e1c m\u00e0n h\u00ecnh kh\u00e1c b\u1eb1ng HDMI\u00a0v\u00e0 DisplayPort h\u1ed7 tr\u1ee3 t\u1ed1i \u0111a ba m\u00e0n h\u00ecnh FHD ho\u1eb7c m\u1ed9t m\u00e0n h\u00ecnh 4K.\u00a0Trang b\u1ecb th\u00eam ph\u1ee5 ki\u1ec7n v\u1edbi t\u00e1m c\u1ed5ng USB b\u1ed5 sung n\u1eb1m \u1edf ph\u00eda tr\u01b0\u1edbc v\u00e0 ph\u00eda sau.\u00a0Khi th\u1eddi gian l\u00e0 \u0111i\u1ec1u quan tr\u1ecdng, WiFi 6\u00a0mang l\u1ea1i tr\u1ea3i nghi\u1ec7m duy\u1ec7t web t\u1ed1t h\u01a1n v\u00e0 \u1ed5n \u0111\u1ecbnh h\u01a1n c\u0169ng nh\u01b0 t\u1ed1c \u0111\u1ed9 truy\u1ec1n nhanh h\u01a1n.<\/div>\n<div class=\"pd-item-desc\"><\/div>\n<div class=\"pd-item-desc\"><img decoding=\"async\" class=\"loading\" src=\"https:\/\/hanoicomputercdn.com\/media\/lib\/30-05-2024\/o1cn01kq1xsp28k1.jpg\" data-was-processed=\"true\" \/><img decoding=\"async\" class=\"loading\" src=\"https:\/\/hanoicomputercdn.com\/media\/lib\/30-05-2024\/o1cn01wnjnmd28kd0nrr1cm_221233.jpg\" data-was-processed=\"true\" \/><\/div>\n","protected":false},"excerpt":{"rendered":"<p>B\u1ea3o h\u00e0nh: <strong>12 th\u00e1ng<\/strong><\/p>\n","protected":false},"featured_media":192,"comment_status":"open","ping_status":"closed","template":"","meta":[],"product_brand":[],"product_cat":[25],"product_tag":[],"class_list":{"0":"post-187","1":"product","2":"type-product","3":"status-publish","4":"has-post-thumbnail","6":"product_cat-may-tinh-de-ban","8":"first","9":"instock","10":"taxable","11":"shipping-taxable","12":"purchasable","13":"product-type-simple"},"_links":{"self":[{"href":"https:\/\/vothaonhu.id.vn\/index.php\/wp-json\/wp\/v2\/product\/187","targetHints":{"allow":["GET"]}}],"collection":[{"href":"https:\/\/vothaonhu.id.vn\/index.php\/wp-json\/wp\/v2\/product"}],"about":[{"href":"https:\/\/vothaonhu.id.vn\/index.php\/wp-json\/wp\/v2\/types\/product"}],"replies":[{"embeddable":true,"href":"https:\/\/vothaonhu.id.vn\/index.php\/wp-json\/wp\/v2\/comments?post=187"}],"wp:featuredmedia":[{"embeddable":true,"href":"https:\/\/vothaonhu.id.vn\/index.php\/wp-json\/wp\/v2\/media\/192"}],"wp:attachment":[{"href":"https:\/\/vothaonhu.id.vn\/index.php\/wp-json\/wp\/v2\/media?parent=187"}],"wp:term":[{"taxonomy":"product_brand","embeddable":true,"href":"https:\/\/vothaonhu.id.vn\/index.php\/wp-json\/wp\/v2\/product_brand?post=187"},{"taxonomy":"product_cat","embeddable":true,"href":"https:\/\/vothaonhu.id.vn\/index.php\/wp-json\/wp\/v2\/product_cat?post=187"},{"taxonomy":"product_tag","embeddable":true,"href":"https:\/\/vothaonhu.id.vn\/index.php\/wp-json\/wp\/v2\/product_tag?post=187"}],"curies":[{"name":"wp","href":"https:\/\/api.w.org\/{rel}","templated":true}]}}