{"id":180,"date":"2025-05-19T12:39:01","date_gmt":"2025-05-19T12:39:01","guid":{"rendered":"https:\/\/vothaonhu.id.vn\/?post_type=product&#038;p=180"},"modified":"2025-06-07T16:29:51","modified_gmt":"2025-06-07T16:29:51","slug":"may-in-trang-den-don-nang-brother-hl-b2180dw","status":"publish","type":"product","link":"https:\/\/vothaonhu.id.vn\/index.php\/product\/may-in-trang-den-don-nang-brother-hl-b2180dw\/","title":{"rendered":"M\u00e1y in tr\u1eafng \u0111en \u0111\u01a1n n\u0103ng Brother HL-B2180DW"},"content":{"rendered":"<div class=\"css-ftpi71\">\n<div class=\"title css-1dlj6qw\">M\u00f4 t\u1ea3 s\u1ea3n ph\u1ea9m<\/div>\n<\/div>\n<div class=\"css-fk9b92\">\n<div class=\"css-9bznj9\">\n<div class=\"ck-content css-1gk7ovp\">\n<p><a href=\"https:\/\/phongvu.vn\/c\/may-in\" rel=\"noopener noreferrer\" target=\"_blank\"><i>M\u00e1y in<\/i><\/a><i>\u00a0tr\u1eafng \u0111en \u0111\u01a1n n\u0103ng Brother HL-B2180DW s\u1ebd l\u00e0 s\u1ea3n ph\u1ea9m ho\u00e0n h\u1ea3o cho nhu c\u1ea7u v\u0103n ph\u00f2ng. Kh\u00f4ng ch\u1ec9 n\u1ed5i b\u1eadt v\u1edbi t\u1ed1c \u0111\u1ed9 in nhanh ch\u00f3ng v\u00e0 ch\u1ea5t l\u01b0\u1ee3ng s\u1eafc n\u00e9t, thi\u1ebft b\u1ecb c\u00f2n h\u1ed7 tr\u1ee3 in \u1ea5n kh\u00f4ng d\u00e2y ti\u1ec7n l\u1ee3i c\u00f9ng kh\u1ea3 n\u0103ng ti\u1ebft ki\u1ec7m m\u1ef1c v\u01b0\u1ee3t tr\u1ed9i. H\u00e3y c\u00f9ng t\u00ecm hi\u1ec3u v\u1ec1 m\u1eabu\u00a0<\/i><a href=\"https:\/\/phongvu.vn\/c\/may-in-brother\" rel=\"noopener noreferrer\" target=\"_blank\"><i>m\u00e1y in Brother<\/i><\/a><i>\u00a0th\u00f4ng minh n\u00e0y qua c\u00e1c \u01b0u \u0111i\u1ec3m b\u00ean d\u01b0\u1edbi nh\u00e9!<\/i><\/p>\n<h2><strong>M\u00e1y in tr\u1eafng \u0111en \u0111\u01a1n n\u0103ng Brother HL-B2180DW k\u00edch th\u01b0\u1edbc 356 mm \u00d7 360 mm \u00d7 183 mm t\u1ed1i \u01b0u di\u1ec7n t\u00edch<\/strong><\/h2>\n<p>Brother HL-B2180DW<strong>\u00a0<\/strong>l\u00e0 d\u00f2ng\u00a0<a href=\"https:\/\/phongvu.vn\/c\/may-in-laser\" rel=\"noopener noreferrer\" target=\"_blank\">m\u00e1y in laser<\/a>\u00a0tr\u1eafng \u0111en<strong>\u00a0<\/strong>v\u1edbi k\u00edch th\u01b0\u1edbc\u00a0<strong>356 mm \u00d7 360 mm \u00d7 183 mm<\/strong>, tr\u1ecdng l\u01b0\u1ee3ng ch\u1ec9\u00a0<strong>7.5kg\u00a0<\/strong>r\u1ea5t l\u00fd t\u01b0\u1edfng cho nhi\u1ec1u kh\u00f4ng gian v\u0103n ph\u00f2ng. Tuy s\u1edf h\u1eefu thi\u1ebft k\u1ebf t\u1ed1i gi\u1ea3n nh\u01b0ng s\u1ea3n ph\u1ea9m mang \u0111\u1ebfn hi\u1ec7u su\u1ea5t m\u1ea1nh m\u1ebd v\u1edbi t\u1ed1c \u0111\u1ed9 in nhanh, ch\u1ea5t l\u01b0\u1ee3ng s\u1eafc n\u00e9t. M\u00e1y \u0111\u01b0\u1ee3c ch\u1ebf t\u00e1c t\u1eeb ch\u1ea5t li\u1ec7u nh\u1ef1a cao c\u1ea5p, \u0111\u1ea3m b\u1ea3o \u0111\u1ed9 b\u1ec1n, d\u1ec5 d\u00e0ng v\u1ec7 sinh v\u00e0 b\u1ea3o qu\u1ea3n. L\u1edbp v\u1ecf c\u1ee9ng c\u00e1p gi\u00fap gi\u00fap thi\u1ebft b\u1ecb ho\u1ea1t \u0111\u1ed9ng \u1ed5n \u0111\u1ecbnh, gi\u1ea3m thi\u1ec3u t\u1ed1i \u0111a ti\u1ebfng \u1ed3n trong qu\u00e1 tr\u00ecnh in, mang l\u1ea1i tr\u1ea3i nghi\u1ec7m s\u1eed d\u1ee5ng tho\u1ea3i m\u00e1i v\u00e0 ch\u1ea5t l\u01b0\u1ee3ng.<\/p>\n<figure class=\"image\"><img decoding=\"async\" src=\"https:\/\/storage.googleapis.com\/teko-gae.appspot.com\/media\/image\/2024\/10\/30\/09f87964-4d06-4de5-95ec-b83cd5f7a100\/image.png\" alt=\"M\u00e1y in tr\u1eafng \u0111en \u0111\u01a1n n\u0103ng Brother HL-B2180DW thi\u1ebft k\u1ebf nh\u1ecf g\u1ecdn, t\u1ed1i gi\u1ea3n\" \/><figcaption><i>M\u00e1y in tr\u1eafng \u0111en \u0111\u01a1n n\u0103ng Brother HL-B2180DW thi\u1ebft k\u1ebf nh\u1ecf g\u1ecdn, t\u1ed1i gi\u1ea3n<\/i><\/figcaption><\/figure>\n<h2><strong>M\u00e1y in tr\u1eafng \u0111en \u0111\u01a1n n\u0103ng Brother HL-B2180DW t\u1ed1c \u0111\u1ed9 in l\u00ean \u0111\u1ebfn 34\/36 trang m\u1ed7i ph\u00fat<\/strong><\/h2>\n<p>S\u1ea3n ph\u1ea9m gi\u00fap ng\u01b0\u1eddi d\u00f9ng t\u1ed1i \u01b0u h\u00f3a th\u1eddi gian cho c\u00e1c t\u00e1c v\u1ee5 in s\u1ed1 l\u01b0\u1ee3ng l\u1edbn, l\u00ean \u0111\u1ebfn\u00a0<strong>34 trang\/ ph\u00fat A4 v\u00e0 36 trang\/ph\u00fat (Letter)<\/strong>. V\u1edbi t\u1ed1c \u0111\u1ed9 n\u00e0y, m\u00e1y in \u0111\u00e1p \u1ee9ng nhanh ch\u00f3ng nhu c\u1ea7u in \u1ea5n trong m\u00f4i tr\u01b0\u1eddng l\u00e0m vi\u1ec7c b\u1eadn r\u1ed9n, t\u1eeb t\u00e0i li\u1ec7u \u0111\u1ebfn b\u00e1o c\u00e1o d\u00e0i trang. Brother HL-B2180DW v\u1edbi kh\u1ea3 n\u0103ng v\u1eadn h\u00e0nh m\u01b0\u1ee3t m\u00e0 s\u1ebd gi\u00fap b\u1ea1n x\u1eed l\u00fd c\u00f4ng vi\u1ec7c hi\u1ec7u qu\u1ea3 h\u01a1n, mang l\u1ea1i l\u1ee3i \u00edch l\u1edbn cho v\u0103n ph\u00f2ng y\u00eau c\u1ea7u hi\u1ec7u su\u1ea5t cao.<\/p>\n<figure class=\"image\"><img decoding=\"async\" src=\"https:\/\/storage.googleapis.com\/teko-gae.appspot.com\/media\/image\/2024\/10\/30\/f4f704b9-8c2d-4176-b853-96d187c49d85\/image.png\" alt=\"M\u00e1y in tr\u1eafng \u0111en \u0111\u01a1n n\u0103ng Brother HL-B2180DW t\u1ed1c \u0111\u1ed9 in nhanh ch\u00f3ng\" \/><figcaption><i>M\u00e1y in tr\u1eafng \u0111en \u0111\u01a1n n\u0103ng Brother HL-B2180DW t\u1ed1c \u0111\u1ed9 in nhanh ch\u00f3ng<\/i><\/figcaption><\/figure>\n<h3><strong>\u0110\u1ed9 ph\u00e2n gi\u1ea3i 1200 x 1200 dpi t\u1ea1o n\u00ean b\u1ea3n in s\u1eafc n\u00e9t<\/strong><\/h3>\n<p>M\u00e1y s\u1edf h\u1eefu \u0111\u1ed9 ph\u00e2n gi\u1ea3i l\u00ean t\u1edbi\u00a0<strong>1200 x 1200 dpi<\/strong>, cho ra c\u00e1c b\u1ea3n in \u0111en tr\u1eafng r\u00f5 r\u00e0ng, s\u1eafc n\u00e9t v\u00e0 d\u1ec5 \u0111\u1ecdc. T\u1eebng chi ti\u1ebft ch\u1eef v\u00e0 h\u00ecnh \u1ea3nh \u0111\u01b0\u1ee3c t\u00e1i hi\u1ec7n ho\u00e0n h\u1ea3o, ph\u00f9 h\u1ee3p cho c\u00e1c t\u00e0i li\u1ec7u v\u0103n ph\u00f2ng hay b\u00e1o c\u00e1o c\u1ea7n s\u1ef1 ch\u1ec9n chu. D\u00f9 l\u00e0 v\u0103n b\u1ea3n hay bi\u1ec3u \u0111\u1ed3, Brother HL-B2180DW \u0111\u1ec1u mang \u0111\u1ebfn ch\u1ea5t l\u01b0\u1ee3ng in \u1ea5n \u1ed5n \u0111\u1ecbnh, l\u00fd t\u01b0\u1edfng cho nhu c\u1ea7u t\u00e0i li\u1ec7u quan tr\u1ecdng trong m\u00f4i tr\u01b0\u1eddng v\u0103n ph\u00f2ng ho\u1eb7c c\u00e1 nh\u00e2n.<\/p>\n<figure class=\"image\"><img decoding=\"async\" src=\"https:\/\/storage.googleapis.com\/teko-gae.appspot.com\/media\/image\/2024\/10\/30\/4551dc72-4fda-459b-b7d2-b99b07b5c5c2\/image.png\" alt=\"M\u00e1y in tr\u1eafng \u0111en \u0111\u01a1n n\u0103ng Brother HL-B2180DW \u0111\u1ed9 ph\u00e2n gi\u1ea3i 1200 x 1200 dpi\" \/><figcaption><i>M\u00e1y in tr\u1eafng \u0111en \u0111\u01a1n n\u0103ng Brother HL-B2180DW \u0111\u1ed9 ph\u00e2n gi\u1ea3i 1200 x 1200 dpi<\/i><\/figcaption><\/figure>\n<h3><strong>In 2 m\u1eb7t t\u1ef1 \u0111\u1ed9ng (Duplex), m\u00e0n h\u00ecnh LCD 1 d\u00f2ng<\/strong><\/h3>\n<p>M\u00e1y in Brother HL-B2180DW \u0111\u01b0\u1ee3c trang b\u1ecb t\u00ednh n\u0103ng\u00a0<strong>in hai m\u1eb7t t\u1ef1 \u0111\u1ed9ng (Duplex)<\/strong>, gi\u00fap ti\u1ebft ki\u1ec7m gi\u1ea5y v\u00e0 th\u1eddi gian. Ch\u1ee9c n\u0103ng n\u00e0y r\u1ea5t l\u00fd t\u01b0\u1edfng cho c\u00e1c t\u00e0i li\u1ec7u d\u00e0i v\u00e0 g\u00f3p ph\u1ea7n b\u1ea3o v\u1ec7 m\u00f4i tr\u01b0\u1eddng, gi\u1ea3m chi ph\u00ed in \u1ea5n. B\u00ean c\u1ea1nh \u0111\u00f3, m\u00e1y c\u00f3 m\u00e0n h\u00ecnh LCD 1 d\u00f2ng \u0111\u01a1n gi\u1ea3n, d\u1ec5 s\u1eed d\u1ee5ng, gi\u00fap ng\u01b0\u1eddi d\u00f9ng theo d\u00f5i v\u00e0 \u0111i\u1ec1u ch\u1ec9nh c\u00e1c thao t\u00e1c in nhanh ch\u00f3ng. Thi\u1ebft k\u1ebf n\u00e0y mang \u0111\u1ebfn s\u1ef1 ti\u1ec7n l\u1ee3i v\u00e0 hi\u1ec7u qu\u1ea3 cho m\u1ecdi nhu c\u1ea7u in \u1ea5n v\u0103n ph\u00f2ng.<\/p>\n<figure class=\"image\"><img decoding=\"async\" src=\"https:\/\/storage.googleapis.com\/teko-gae.appspot.com\/media\/image\/2024\/10\/30\/3964c051-c0d7-452f-8402-1ab4084b5e7c\/image.png\" alt=\"M\u00e1y in tr\u1eafng \u0111en \u0111\u01a1n n\u0103ng Brother HL-B2180DW c\u00f3 th\u1ec3 in 2 m\u1eb7t t\u1ef1 \u0111\u1ed9ng\" \/><figcaption><i>M\u00e1y in tr\u1eafng \u0111en \u0111\u01a1n n\u0103ng Brother HL-B2180DW c\u00f3 th\u1ec3 in 2 m\u1eb7t t\u1ef1 \u0111\u1ed9ng<\/i><\/figcaption><\/figure>\n<h2><strong>M\u00e1y in tr\u1eafng \u0111en \u0111\u01a1n n\u0103ng Brother HL-B2180DW k\u1ebft n\u1ed1i c\u1ed5ng USB 2.0, LAN v\u00e0 Wi-Fi<\/strong><\/h2>\n<p>M\u00e1y in Brother HL-B2180DW trang b\u1ecb nhi\u1ec1u t\u00f9y ch\u1ecdn k\u1ebft n\u1ed1i hi\u1ec7n \u0111\u1ea1i, bao g\u1ed3m\u00a0<strong>c\u1ed5ng USB 2.0<\/strong>\u00a0k\u1ebft n\u1ed1i tr\u1ef1c ti\u1ebfp v\u1edbi m\u00e1y t\u00ednh, c\u00f9ng v\u1edbi kh\u1ea3 n\u0103ng k\u1ebft n\u1ed1i m\u1ea1ng qua\u00a0<strong>LAN v\u00e0 Wi-Fi<\/strong>. V\u1edbi WiFi Direct, ng\u01b0\u1eddi d\u00f9ng c\u00f3 th\u1ec3 k\u1ebft n\u1ed1i tr\u1ef1c ti\u1ebfp m\u00e0 kh\u00f4ng c\u1ea7n m\u1ea1ng trung gian, thu\u1eadn ti\u1ec7n cho in \u1ea5n di \u0111\u1ed9ng. \u0110\u1eb7c bi\u1ec7t, s\u1ea3n ph\u1ea9m c\u00f2n t\u00edch h\u1ee3p\u00a0<strong>AirPrint v\u00e0 Mopria<\/strong>\u00a0h\u1ed7 tr\u1ee3 in kh\u00f4ng d\u00e2y t\u1eeb c\u00e1c thi\u1ebft b\u1ecb iOS v\u00e0 Android, \u0111\u00e1p \u1ee9ng \u0111a d\u1ea1ng nhu c\u1ea7u in t\u1eeb c\u00e1c thi\u1ebft b\u1ecb th\u00f4ng minh. T\u1eeb c\u00e1c kh\u1ea3 n\u0103ng k\u1ebft n\u1ed1i, Brother HL-B2180DW gi\u00fap vi\u1ec7c in \u1ea5n tr\u1edf n\u00ean ti\u1ec7n l\u1ee3i, \u0111\u00e1p \u1ee9ng ho\u00e0n h\u1ea3o nhu c\u1ea7u c\u1ee7a b\u1ea1n.<\/p>\n<figure class=\"image\"><img decoding=\"async\" src=\"https:\/\/storage.googleapis.com\/teko-gae.appspot.com\/media\/image\/2024\/10\/30\/8a81134c-767d-4063-bc0d-ffe1111c9d07\/image.png\" alt=\"M\u00e1y in tr\u1eafng \u0111en \u0111\u01a1n n\u0103ng Brother HL-B2180DW k\u1ebft n\u1ed1i linh ho\u1ea1t\" \/><figcaption><i>M\u00e1y in tr\u1eafng \u0111en \u0111\u01a1n n\u0103ng Brother HL-B2180DW k\u1ebft n\u1ed1i linh ho\u1ea1t<\/i><\/figcaption><\/figure>\n<h2><strong>M\u00e1y in tr\u1eafng \u0111en \u0111\u01a1n n\u0103ng Brother HL-B2180DW h\u1ed7 tr\u1ee3 nhi\u1ec1u \u0111\u1ecbnh d\u1ea1ng gi\u1ea5y<\/strong><\/h2>\n<p>Ng\u01b0\u1eddi d\u00f9ng c\u00f3 th\u1ec3 s\u1eed d\u1ee5ng m\u00e1y cho nhu c\u1ea7u in \u1ea5n t\u1eeb t\u00e0i li\u1ec7u v\u0103n ph\u00f2ng cho \u0111\u1ebfn th\u01b0 t\u1eeb v\u1edbi c\u00e1c kh\u1ed5 gi\u1ea5y in bao g\u1ed3m<strong>\u00a0A4, Letter, B5 (JIS v\u00e0 ISO), A5, B6 (JIS), A6, Executive, Legal, Mexico Legal, India Legal, Folio, 16K (195&#215;270 mm), A4 Short (270mm Paper), COM-10, DL, C5, v\u00e0 Monarch<\/strong>. V\u1edbi s\u1ee9c ch\u1ee9a gi\u1ea5y t\u1ed1i \u0111a l\u00ean \u0111\u1ebfn 250 t\u1edd (80 gsm), Brother HL-B2180DW gi\u00fap gi\u1ea3m thi\u1ec3u th\u1eddi gian ti\u1ebfp li\u1ec7u gi\u1ea5y, in \u1ea5n li\u00ean t\u1ee5c m\u00e0 kh\u00f4ng ph\u1ea3i lo l\u1eafng v\u1ec1 vi\u1ec7c b\u1ed5 sung gi\u1ea5y th\u01b0\u1eddng xuy\u00ean. Ngo\u00e0i ra, m\u00e1y c\u00f3 th\u1ec3 x\u1eed l\u00fd nhi\u1ec1u lo\u1ea1i gi\u1ea5y kh\u00e1c nhau, nh\u01b0 gi\u1ea5y th\u01b0\u1eddng, gi\u1ea5y m\u1ecfng, gi\u1ea5y d\u00e0y, gi\u1ea5y t\u00e1i ch\u1ebf, gi\u1ea5y bond,\u2026 mang l\u1ea1i s\u1ef1 ti\u1ec7n l\u1ee3i t\u1ed1i \u0111a cho m\u1ecdi nhu c\u1ea7u in \u1ea5n.<\/p>\n<h2><strong>M\u00e1y in tr\u1eafng \u0111en \u0111\u01a1n n\u0103ng Brother HL-B2180DW s\u1eed d\u1ee5ng m\u1ef1c in Brother TN-B027 ch\u1ea5t l\u01b0\u1ee3ng cao<\/strong><\/h2>\n<p>N\u1ed5i b\u1eadt v\u1edbi kh\u1ea3 n\u0103ng in \u1ea5n s\u1eafc n\u00e9t v\u00e0 \u0111\u1ed9 b\u1ec1n cao,\u00a0<strong>Brother TN-B027<\/strong>\u00a0kh\u00f4ng ch\u1ec9 \u0111\u1ea3m b\u1ea3o ch\u1ea5t l\u01b0\u1ee3ng b\u1ea3n in t\u1ed1i \u01b0u v\u1edbi \u0111\u1ed9 ph\u00e2n gi\u1ea3i\u00a0<strong>1200 x 1200 dpi\u00a0<\/strong>m\u00e0 c\u00f2n gi\u00fap ti\u1ebft ki\u1ec7m chi ph\u00ed, in nhi\u1ec1u trang v\u1edbi m\u1ed9t h\u1ed9p m\u1ef1c. V\u1edbi dung l\u01b0\u1ee3ng l\u1edbn, m\u1ef1c TN-B027 gi\u00fap b\u1ea1n in l\u00ean t\u1edbi<strong>\u00a02600 trang\u00a0<\/strong>ph\u00f9 h\u1ee3p cho nh\u1eefng ai c\u00f3 nhu c\u1ea7u in \u1ea5n l\u1edbn. S\u1ef1 k\u1ebft h\u1ee3p gi\u1eefa Brother HL-B2180DW v\u00e0 m\u1ef1c TN-B027 s\u1ebd \u0111\u1ea3m b\u1ea3o mang l\u1ea1i b\u1ea3n in s\u1eafc n\u00e9t, \u0111\u00e1p \u1ee9ng nhu c\u1ea7u v\u0103n ph\u00f2ng c\u1ee7a b\u1ea1n.<\/p>\n<figure class=\"image\"><img decoding=\"async\" src=\"https:\/\/storage.googleapis.com\/teko-gae.appspot.com\/media\/image\/2024\/10\/30\/3e39cbe1-9d5a-4cf0-bf6a-82d04dbc3c70\/image.png\" alt=\"M\u00e1y in tr\u1eafng \u0111en \u0111\u01a1n n\u0103ng Brother HL-B2180DW s\u1eed d\u1ee5ng m\u1ef1c Brother TN-B027\" \/><figcaption><i>M\u00e1y in tr\u1eafng \u0111en \u0111\u01a1n n\u0103ng Brother HL-B2180DW s\u1eed d\u1ee5ng m\u1ef1c Brother TN-B027<\/i><\/figcaption><\/figure>\n<\/div>\n<\/div>\n<\/div>\n","protected":false},"excerpt":{"rendered":"<p>B\u1ea3o h\u00e0nh: <strong>12 th\u00e1ng<\/strong><\/p>\n","protected":false},"featured_media":181,"comment_status":"open","ping_status":"closed","template":"","meta":[],"product_brand":[],"product_cat":[22],"product_tag":[],"class_list":{"0":"post-180","1":"product","2":"type-product","3":"status-publish","4":"has-post-thumbnail","6":"product_cat-may-in","8":"first","9":"instock","10":"taxable","11":"shipping-taxable","12":"purchasable","13":"product-type-simple"},"_links":{"self":[{"href":"https:\/\/vothaonhu.id.vn\/index.php\/wp-json\/wp\/v2\/product\/180","targetHints":{"allow":["GET"]}}],"collection":[{"href":"https:\/\/vothaonhu.id.vn\/index.php\/wp-json\/wp\/v2\/product"}],"about":[{"href":"https:\/\/vothaonhu.id.vn\/index.php\/wp-json\/wp\/v2\/types\/product"}],"replies":[{"embeddable":true,"href":"https:\/\/vothaonhu.id.vn\/index.php\/wp-json\/wp\/v2\/comments?post=180"}],"wp:featuredmedia":[{"embeddable":true,"href":"https:\/\/vothaonhu.id.vn\/index.php\/wp-json\/wp\/v2\/media\/181"}],"wp:attachment":[{"href":"https:\/\/vothaonhu.id.vn\/index.php\/wp-json\/wp\/v2\/media?parent=180"}],"wp:term":[{"taxonomy":"product_brand","embeddable":true,"href":"https:\/\/vothaonhu.id.vn\/index.php\/wp-json\/wp\/v2\/product_brand?post=180"},{"taxonomy":"product_cat","embeddable":true,"href":"https:\/\/vothaonhu.id.vn\/index.php\/wp-json\/wp\/v2\/product_cat?post=180"},{"taxonomy":"product_tag","embeddable":true,"href":"https:\/\/vothaonhu.id.vn\/index.php\/wp-json\/wp\/v2\/product_tag?post=180"}],"curies":[{"name":"wp","href":"https:\/\/api.w.org\/{rel}","templated":true}]}}