{"id":176,"date":"2025-05-19T12:33:40","date_gmt":"2025-05-19T12:33:40","guid":{"rendered":"https:\/\/vothaonhu.id.vn\/?post_type=product&#038;p=176"},"modified":"2025-06-07T16:27:28","modified_gmt":"2025-06-07T16:27:28","slug":"may-in-epson-l3250","status":"publish","type":"product","link":"https:\/\/vothaonhu.id.vn\/index.php\/product\/may-in-epson-l3250\/","title":{"rendered":"M\u00e1y in m\u00e0u Epson L3250 g\u1ecdn nh\u1eb9 d\u1ec3 s\u1eed d\u1ee5ng"},"content":{"rendered":"<div class=\"css-ftpi71\">\n<div class=\"title css-1dlj6qw\">M\u00f4 t\u1ea3 s\u1ea3n ph\u1ea9m<\/div>\n<\/div>\n<div class=\"css-fk9b92\">\n<div class=\"css-9bznj9\">\n<div class=\"ck-content css-1gk7ovp\">\n<p><a href=\"https:\/\/phongvu.vn\/c\/may-in\" rel=\"noopener noreferrer\" target=\"_blank\"><strong>M\u00e1y in<\/strong><\/a>\u00a0Epson L3250 \u0111\u01b0\u1ee3c thi\u1ebft k\u1ebf \u0111\u1ec3 c\u1ea3i thi\u1ec7n \u0111\u01b0\u1ee3c vi\u1ec7c ti\u1ebft ki\u1ec7m chi ph\u00ed kinh doanh v\u00e0 n\u0103ng su\u1ea5t in.\u00a0<a href=\"https:\/\/phongvu.vn\/c\/may-in-da-nang\" rel=\"noopener noreferrer\" target=\"_blank\">M\u00e1y in \u0111a n\u0103ng<\/a>\u00a0EcoTank L3250 c\u00f2n mang \u0111\u1ebfn cho ng\u01b0\u1eddi d\u00f9ng kh\u1ea3 n\u0103ng k\u1ebft n\u1ed1i kh\u00f4ng d\u00e2y ti\u1ec7n l\u1ee3i, cho ph\u00e9p in tr\u1ef1c ti\u1ebfp t\u1eeb c\u00e1c thi\u1ebft b\u1ecb th\u00f4ng minh.<\/p>\n<h2><strong>Thi\u1ebft k\u1ebf M\u00e1y in Epson L3250 nh\u1ecf g\u1ecdn, b\u00ecnh m\u1ef1c n\u0103ng su\u1ea5t cao<\/strong><\/h2>\n<p><a href=\"https:\/\/phongvu.vn\/c\/may-in-epson\" target=\"_blank\" rel=\"noopener\"><strong>M\u00e1y in Epson<\/strong><\/a>\u00a0L3250 \u0111\u01b0\u1ee3c thi\u1ebft k\u1ebf nh\u1ecf g\u1ecdn v\u00e0 c\u00f3 ki\u1ec3u d\u00e1ng \u0111\u1eb9p, m\u00e1y c\u00f3 m\u00e0u \u0111en truy\u1ec1n th\u1ed1ng to\u00e1t l\u00ean v\u1ebb chuy\u00ean nghi\u1ec7p v\u00e0 sang tr\u1ecdng nh\u01b0ng v\u1eabn kh\u00f4ng k\u00e9m ph\u1ea7n n\u1ed5i b\u1eadt. M\u00e1y s\u1ebd gi\u00fap b\u1ea1n ti\u1ebft ki\u1ec7m \u0111\u01b0\u1ee3c kh\u00f4ng gian \u0111\u1ec3 c\u00f3 th\u1ec3 tr\u01b0ng b\u00e0y c\u00e1c v\u1eadt d\u1ee5ng kh\u00e1c, m\u00e1y d\u1ec5 v\u1ec7 sinh v\u00e0 b\u1ea3o qu\u1ea3n.<\/p>\n<figure class=\"image\"><img decoding=\"async\" src=\"https:\/\/storage.googleapis.com\/teko-gae.appspot.com\/media\/image\/2022\/4\/6\/20220406_dba4a7cd-0df7-439a-9fdf-14654a03eed4.jpg\" alt=\"M\u00e1y in Epson L3250 | Thi\u1ebft k\u1ebf nh\u1ecf g\u1ecdn hi\u1ec7n \u0111\u1ea1i\" \/><figcaption><i>Thi\u1ebft k\u1ebf M\u00e1y in Epson L3250 nh\u1ecf g\u1ecdn, b\u00ecnh m\u1ef1c n\u0103ng su\u1ea5t cao<\/i><\/figcaption><\/figure>\n<p>B\u00ean c\u1ea1nh \u0111\u00f3, thi\u1ebft k\u1ebf b\u00ecnh m\u1ef1c \u0111\u01b0\u1ee3c t\u00edch h\u1ee3p v\u00e0o m\u00e1y in Epson cho ph\u00e9p m\u00e1y in c\u00f3 k\u00edch th\u01b0\u1edbc nh\u1ecf. Ngo\u00e0i ra, l\u1ecd m\u1ef1c ho\u1ea1t \u0111\u1ed9ng v\u1edbi n\u0103ng su\u1ea5t cao, v\u00f2i chai thi\u1ebft k\u1ebf \u0111\u1ed9c \u0111\u00e1o cho ph\u00e9p n\u1ea1p \u0111\u1ea7y b\u00ecnh m\u00e0 kh\u00f4ng x\u1ea3y ra hi\u1ec7n t\u01b0\u1ee3ng tr\u00e0n b\u00ecnh v\u00e0 kh\u00f4ng b\u1ecb l\u1ed7i.<\/p>\n<p>Khi mua m\u00e1y in\u00a0<strong>Epson L3250<\/strong>, h\u1ed9p m\u1ef1c \u0111i k\u00e8m l\u00e0\u00a0<strong>C13T00V100 (\u0111en)<\/strong>, cung c\u1ea5p kh\u1ea3 n\u0103ng in \u1ea5n ch\u1ea5t l\u01b0\u1ee3ng cao ngay t\u1eeb l\u1ea7n s\u1eed d\u1ee5ng \u0111\u1ea7u ti\u00ean. H\u1ed9p m\u1ef1c n\u00e0y gi\u00fap b\u1ea1n ti\u1ebft ki\u1ec7m chi ph\u00ed in \u1ea5n m\u00e0 v\u1eabn \u0111\u1ea3m b\u1ea3o \u0111\u1ed9 s\u1eafc n\u00e9t v\u00e0 \u0111\u1ed9 b\u1ec1n cho c\u00e1c b\u1ea3n in.<\/p>\n<h2><strong>M\u00e1y in Epson L3250\u00a0t\u00edch h\u1ee3p nhi\u1ec1u t\u00ednh n\u0103ng ti\u1ec7n d\u1ee5ng, \u0111a k\u1ebft n\u1ed1i<\/strong><\/h2>\n<p><a href=\"https:\/\/phongvu.vn\/c\/may-in-phun\" rel=\"noopener noreferrer\" target=\"_blank\">M\u00e1y in phun<\/a>\u00a0m\u00e0u \u0111a ch\u1ee9c n\u0103ng L3250 \u0111\u01b0\u1ee3c t\u00edch h\u1ee3p nhi\u1ec1u t\u00ednh n\u0103ng nh\u01b0 l\u00e0 in, scan, copy gi\u00fap m\u00e1y h\u1ed7 tr\u1ee3 t\u1ed1i \u0111a cho c\u00f4ng vi\u1ec7c c\u1ee7a b\u1ea1n khi c\u1ea7n th\u1ef1c hi\u1ec7n c\u00e1c t\u00e1c v\u1ee5 \u0111a nhi\u1ec7m, v\u1eeba mang l\u1ea1i hi\u1ec7u qu\u1ea3 cao trong c\u00f4ng vi\u1ec7c, ti\u1ebft ki\u1ec7m \u0111\u01b0\u1ee3c chi ph\u00ed khi th\u1ef1c hi\u1ec7n \u0111\u01b0\u1ee3c m\u1ecdi nhu c\u1ea7u in \u1ea5n ch\u1ec9 t\u1eeb m\u1ed9t m\u00e1y.<\/p>\n<figure class=\"image\"><img decoding=\"async\" src=\"https:\/\/storage.googleapis.com\/teko-gae.appspot.com\/media\/image\/2022\/4\/6\/20220406_2b3e1e2d-d4f5-43e4-b4d1-7c6d414b9562.jpg\" alt=\"M\u00e1y in Epson L3250 | \u0110a d\u1ea1ng ch\u1ee9c n\u0103ng\" \/><figcaption><i>M\u00e1y in Epson L3250\u00a0t\u00edch h\u1ee3p nhi\u1ec1u t\u00ednh n\u0103ng ti\u1ec7n d\u1ee5ng<\/i><\/figcaption><\/figure>\n<p><a href=\"https:\/\/phongvu.vn\/c\/may-in-da-nang\" rel=\"noopener noreferrer\" target=\"_blank\">M\u00e1y in \u0111a ch\u1ee9c n\u0103ng<\/a>\u00a0EPSON c\u00f3 th\u1ec3 k\u1ebft n\u1ed1i \u0111\u1ebfn nhi\u1ec1u lo\u1ea1i thi\u1ebft b\u1ecb kh\u00e1c nhau nh\u01b0 \u0111i\u1ec7n tho\u1ea1i, tablet, m\u00e1y t\u00ednh \u0111\u1ec3 b\u00e0n, laptop,\u2026 th\u00f4ng qua k\u1ebft n\u1ed1i c\u00f3 d\u00e2y USB 2.0 ho\u1eb7c k\u1ebft n\u1ed1i kh\u00f4ng d\u00e2y WiFi, Wi-Fi Direct t\u1ed1c \u0111\u1ed9 cao, t\u1eeb \u0111\u00f3 g\u00f3p ph\u1ea7n \u0111\u1ea9y nhanh qu\u00e1 tr\u00ecnh l\u00e0m vi\u1ec7c v\u00e0 \u0111em l\u1ea1i hi\u1ec7u qu\u1ea3 c\u00f4ng vi\u1ec7c cao h\u01a1n, n\u0103ng su\u1ea5t c\u00f4ng vi\u1ec7c \u0111\u01b0\u1ee3c t\u1ed1t h\u01a1n.<\/p>\n<figure class=\"image\"><img decoding=\"async\" src=\"https:\/\/storage.googleapis.com\/teko-gae.appspot.com\/media\/image\/2022\/4\/6\/20220406_425fd9b1-9317-4a5b-bc24-6c64c061617d.jpg\" alt=\"M\u00e1y in Epson L3250 | \u0110a d\u1ea1ng c\u1ed5ng k\u1ebft n\u1ed1i\" \/><figcaption><i>M\u00e1y in Epson L3250 \u0111a k\u1ebft n\u1ed1i<\/i><\/figcaption><\/figure>\n<h2><strong>\u0110\u1ed9 ph\u00e2n gi\u1ea3i 5760 x 1440 dpi, \u0111i\u1ec1u khi\u1ec3n t\u1eeb xa v\u1edbi Epson Smart Panel<\/strong><\/h2>\n<p>S\u1edf h\u1eefu t\u1ed1c \u0111\u1ed9 in 10 ipm (tr\u1eafng \u0111en), 5.0 ipm (m\u00e0u) v\u00e0 \u0111\u1ed9 ph\u00e2n gi\u1ea3i b\u1ea3n in l\u00ean \u0111\u1ebfn 5760 x 1440 dpi gi\u00fap c\u00f4ng vi\u1ec7c c\u1ee7a ng\u01b0\u1eddi d\u00f9ng \u0111\u01b0\u1ee3c ho\u00e0n th\u00e0nh m\u1ed9t c\u00e1ch nhanh ch\u00f3ng h\u01a1n nh\u01b0ng v\u1eabn \u0111\u1ea3m b\u1ea3o \u0111\u01b0\u1ee3c ch\u1ea5t l\u01b0\u1ee3ng b\u1ea3n in. T\u1eeb \u0111\u00f3 gi\u00fap b\u1ea1n c\u00f3 th\u1ec3 t\u1ef1 tin h\u01a1n khi l\u00e0m vi\u1ec7c c\u00f9ng \u0111\u1ed3ng nghi\u1ec7p, \u0111\u1ed1i t\u00e1c,\u2026<\/p>\n<figure class=\"image\"><img decoding=\"async\" src=\"https:\/\/storage.googleapis.com\/teko-gae.appspot.com\/media\/image\/2022\/4\/6\/20220406_3773f54b-61c7-4ce4-8e7b-80dd34a37aea.jpg\" alt=\"M\u00e1y in Epson L3250 | \u0110\u1ed9 ph\u00e2n gi\u1ea3i \u1ed5n \u0111\u1ecbnh\" \/><figcaption><i>M\u00e1y in Epson L3250 c\u00f3 \u0111\u1ed9 ph\u00e2n gi\u1ea3i 5760 x 1440 dpi<\/i><\/figcaption><\/figure>\n<p>Ngo\u00e0i ra, b\u1ea1n c\u00f3 th\u1ec3 bi\u1ebfn thi\u1ebft b\u1ecb di \u0111\u1ed9ng c\u1ee7a b\u1ea1n th\u00e0nh m\u1ed9t trung t\u00e2m ch\u1ec9 huy hi\u1ec7u su\u1ea5t cao. Epson Smart Panel cho ph\u00e9p \u0111i\u1ec1u khi\u1ec3n m\u00e1y in c\u1ee7a b\u1ea1n t\u1eeb \u0111i\u1ec7n tho\u1ea1i th\u00f4ng minh hay m\u00e1y t\u00ednh b\u1ea3ng \u0111\u1ec3 b\u1ea1n c\u00f3 th\u1ec3 in, sao ch\u00e9p, qu\u00e9t, k\u1ebft n\u1ed1i v\u1edbi Wi-Fi v\u00e0 kh\u1eafc ph\u1ee5c \u0111\u01b0\u1ee3c s\u1ef1 c\u1ed1 tr\u1ef1c ti\u1ebfp th\u00f4ng qua \u1ee9ng d\u1ee5ng n\u00e0y.<\/p>\n<figure class=\"image\"><img decoding=\"async\" src=\"https:\/\/storage.googleapis.com\/teko-gae.appspot.com\/media\/image\/2022\/4\/6\/20220406_cc26a508-e542-48ef-82a9-c1c795cab3b3.jpg\" alt=\"M\u00e1y in Epson L3250 | \u0110i\u1ec1u khi\u1ec3n v\u1edbi \u0111i\u1ec7n tho\u1ea1i th\u00f4ng minh\" \/><figcaption><i>M\u00e1y in Epson L3250 \u0111i\u1ec1u khi\u1ec3n t\u1eeb xa v\u1edbi Epson Smart Panel<\/i><\/figcaption><\/figure>\n<h2><strong>Ch\u1ee9c n\u0103ng in kh\u00f4ng vi\u1ec1n l\u00ean \u0111\u1ebfn 4R, h\u1ed7 tr\u1ee3 \u0111a h\u1ec7 \u0111i\u1ec1u h\u00e0nh<\/strong><\/h2>\n<p>M\u00e1y in Epson L3250 \u0111\u01b0\u1ee3c t\u00edch h\u1ee3p ch\u1ee9c n\u0103ng in kh\u00f4ng vi\u1ec1n l\u00ean \u0111\u1ebfn 4R cho ph\u00e9p ng\u01b0\u1eddi d\u00f9ng in d\u1eef li\u1ec7u m\u00e0 kh\u00f4ng c\u00f3 b\u1ea5t k\u1ef3 l\u1ec1 n\u00e0o b\u1eb1ng c\u00e1ch ph\u00f3ng to d\u1eef li\u1ec7u sao cho n\u00f3 h\u01a1i m\u1edf r\u1ed9ng ra ngo\u00e0i gi\u1ea5y, thao t\u00e1c d\u1ec5 s\u1eed d\u1ee5ng m\u00e0 l\u1ea1i r\u1ea5t ti\u1ec7n l\u1ee3i cho nhu c\u1ea7u c\u1ee7a nhi\u1ec1u ng\u01b0\u1eddi.<\/p>\n<figure class=\"image\"><img decoding=\"async\" src=\"https:\/\/storage.googleapis.com\/teko-gae.appspot.com\/media\/image\/2022\/4\/6\/20220406_e0719040-c98a-4a57-aeec-fc0ac1575e4e.jpg\" alt=\"M\u00e1y in Epson L3250 | Ch\u1ee9c n\u0103ng in kh\u00f4ng vi\u1ec1n\" \/><figcaption><i>Ch\u1ee9c n\u0103ng in kh\u00f4ng vi\u1ec1n l\u00ean \u0111\u1ebfn 4R, h\u1ed7 tr\u1ee3 \u0111a h\u1ec7 \u0111i\u1ec1u h\u00e0nh<\/i><\/figcaption><\/figure>\n<p>C\u00e1c h\u1ec7 \u0111i\u1ec1u h\u00e0nh h\u1ed7 tr\u1ee3 \u0111\u01b0\u1ee3c h\u1ed7 tr\u1ee3 l\u00e0: Windows XP \/ XP Professional \/ Vista \/ 7\/8 \/ 8.1 \/ 10, Windows Server 2003\/2008\/2012\/2016\/2019 v\u00e0 ch\u1ec9 h\u1ed7 tr\u1ee3 ch\u1ee9c n\u0103ng in cho h\u1ec7 \u0111i\u1ec1u h\u00e0nh Windows Server OS Mac OS X 10.6.8 tr\u1edf l\u00ean<\/p>\n<\/div>\n<\/div>\n<\/div>\n","protected":false},"excerpt":{"rendered":"<p>B\u1ea3o h\u00e0nh: <strong>12 th\u00e1ng<\/strong><\/p>\n","protected":false},"featured_media":177,"comment_status":"open","ping_status":"closed","template":"","meta":[],"product_brand":[],"product_cat":[22],"product_tag":[],"class_list":{"0":"post-176","1":"product","2":"type-product","3":"status-publish","4":"has-post-thumbnail","6":"product_cat-may-in","8":"first","9":"instock","10":"taxable","11":"shipping-taxable","12":"purchasable","13":"product-type-simple"},"_links":{"self":[{"href":"https:\/\/vothaonhu.id.vn\/index.php\/wp-json\/wp\/v2\/product\/176","targetHints":{"allow":["GET"]}}],"collection":[{"href":"https:\/\/vothaonhu.id.vn\/index.php\/wp-json\/wp\/v2\/product"}],"about":[{"href":"https:\/\/vothaonhu.id.vn\/index.php\/wp-json\/wp\/v2\/types\/product"}],"replies":[{"embeddable":true,"href":"https:\/\/vothaonhu.id.vn\/index.php\/wp-json\/wp\/v2\/comments?post=176"}],"wp:featuredmedia":[{"embeddable":true,"href":"https:\/\/vothaonhu.id.vn\/index.php\/wp-json\/wp\/v2\/media\/177"}],"wp:attachment":[{"href":"https:\/\/vothaonhu.id.vn\/index.php\/wp-json\/wp\/v2\/media?parent=176"}],"wp:term":[{"taxonomy":"product_brand","embeddable":true,"href":"https:\/\/vothaonhu.id.vn\/index.php\/wp-json\/wp\/v2\/product_brand?post=176"},{"taxonomy":"product_cat","embeddable":true,"href":"https:\/\/vothaonhu.id.vn\/index.php\/wp-json\/wp\/v2\/product_cat?post=176"},{"taxonomy":"product_tag","embeddable":true,"href":"https:\/\/vothaonhu.id.vn\/index.php\/wp-json\/wp\/v2\/product_tag?post=176"}],"curies":[{"name":"wp","href":"https:\/\/api.w.org\/{rel}","templated":true}]}}