{"id":133,"date":"2025-05-18T13:33:57","date_gmt":"2025-05-18T13:33:57","guid":{"rendered":"https:\/\/vothaonhu.id.vn\/?post_type=product&#038;p=133"},"modified":"2025-06-06T08:27:27","modified_gmt":"2025-06-06T08:27:27","slug":"hinh-anh-chup-san-pham-thong-so-ky-thuat-cap-chuyen-doi-tu-usb-type-c-to-lan-10-100-1000mbps-ugreen-50307","status":"publish","type":"product","link":"https:\/\/vothaonhu.id.vn\/index.php\/product\/hinh-anh-chup-san-pham-thong-so-ky-thuat-cap-chuyen-doi-tu-usb-type-c-to-lan-10-100-1000mbps-ugreen-50307\/","title":{"rendered":"USB Type C to Lan 10\/100\/1000Mbps Ugreen 50307"},"content":{"rendered":"<p><strong>C\u00e1p chuy\u1ec3n \u0111\u1ed5i t\u1eeb USB Type C to Lan 10\/100\/1000Mbps Ugreen 50307<\/strong><\/p>\n<p>1. B\u1ed9 chuy\u1ec3n \u0111\u1ed5i Type-C Ugreen 50307 l\u00e0 ph\u1ee5 ki\u1ec7n ch\u00ednh h\u00e3ng cao c\u1ea5p gi\u00fap b\u1ea1n k\u1ebft n\u1ed1i Macbook, Lenovo Yoga 900, Notebook, Google Chromebook v\u00e0 nhi\u1ec1u d\u00f2ng m\u00e1y Laptop, PC \u0111\u1eddi m\u1edbi kh\u00e1c c\u00f3 t\u00edch h\u1ee3p c\u1ed5ng USB-C v\u1edbi m\u1ea1ng internet qua c\u1ed5ng lan RJ45 t\u1ed1c \u0111\u1ed9 \u1ed5n \u0111\u1ecbnh l\u00ean \u0111\u1ebfn 1000Mbps, ph\u1ee5c v\u1ee5 nhu c\u1ea7u internet t\u1ed1c \u0111\u1ed9 cao nh\u01b0 l\u01b0\u1edbt web, ch\u01a1i game, xem phim&#8230;<\/p>\n<p>2. B\u1ed9 chuy\u1ec3n \u0111\u1ed5i Type-C Ugreen 50307 v\u1edbi thi\u1ebft k\u1ebf nh\u1ecf g\u1ecdn, m\u00e0u s\u1eafc \u0111en sang tr\u1ecdng, c\u1ea5u t\u1ea1o v\u1ecf b\u1eb1ng nh\u1ef1a ABS cao c\u1ea5p, Ugreen 50307 l\u00e0 s\u1ef1 l\u1ef1a ch\u1ecdn tuy\u1ec7t v\u1eddi cho b\u1ed9 s\u01b0u t\u1eadp ph\u1ee5 ki\u1ec7n ch\u00ednh h\u00e3ng cao c\u1ea5p c\u1ee7a b\u1ea1n.<\/p>\n","protected":false},"excerpt":{"rendered":"<p>B\u1ea3o h\u00e0nh:<strong> 6 th\u00e1ng<\/strong><\/p>\n","protected":false},"featured_media":137,"comment_status":"open","ping_status":"closed","template":"","meta":[],"product_brand":[],"product_cat":[23],"product_tag":[],"class_list":{"0":"post-133","1":"product","2":"type-product","3":"status-publish","4":"has-post-thumbnail","6":"product_cat-phu-kien-laptop","8":"first","9":"instock","10":"taxable","11":"shipping-taxable","12":"purchasable","13":"product-type-simple"},"_links":{"self":[{"href":"https:\/\/vothaonhu.id.vn\/index.php\/wp-json\/wp\/v2\/product\/133","targetHints":{"allow":["GET"]}}],"collection":[{"href":"https:\/\/vothaonhu.id.vn\/index.php\/wp-json\/wp\/v2\/product"}],"about":[{"href":"https:\/\/vothaonhu.id.vn\/index.php\/wp-json\/wp\/v2\/types\/product"}],"replies":[{"embeddable":true,"href":"https:\/\/vothaonhu.id.vn\/index.php\/wp-json\/wp\/v2\/comments?post=133"}],"wp:featuredmedia":[{"embeddable":true,"href":"https:\/\/vothaonhu.id.vn\/index.php\/wp-json\/wp\/v2\/media\/137"}],"wp:attachment":[{"href":"https:\/\/vothaonhu.id.vn\/index.php\/wp-json\/wp\/v2\/media?parent=133"}],"wp:term":[{"taxonomy":"product_brand","embeddable":true,"href":"https:\/\/vothaonhu.id.vn\/index.php\/wp-json\/wp\/v2\/product_brand?post=133"},{"taxonomy":"product_cat","embeddable":true,"href":"https:\/\/vothaonhu.id.vn\/index.php\/wp-json\/wp\/v2\/product_cat?post=133"},{"taxonomy":"product_tag","embeddable":true,"href":"https:\/\/vothaonhu.id.vn\/index.php\/wp-json\/wp\/v2\/product_tag?post=133"}],"curies":[{"name":"wp","href":"https:\/\/api.w.org\/{rel}","templated":true}]}}