{"id":100,"date":"2025-05-18T13:05:19","date_gmt":"2025-05-18T13:05:19","guid":{"rendered":"https:\/\/vothaonhu.id.vn\/?post_type=product&#038;p=100"},"modified":"2025-06-06T07:44:07","modified_gmt":"2025-06-06T07:44:07","slug":"camera-imou-f32fep-ban-dem-co-mau","status":"publish","type":"product","link":"https:\/\/vothaonhu.id.vn\/index.php\/product\/camera-imou-f32fep-ban-dem-co-mau\/","title":{"rendered":"Camera IMOU F32FEP ban \u0111\u00eam c\u00f3 m\u00e0u, Ph\u00e1t hi\u1ec7n chuy\u1ec3n \u0111\u1ed9ng"},"content":{"rendered":"<p>Camera IP Wifi IMOU F32FEP<\/p>\n<p><img loading=\"lazy\" decoding=\"async\" class=\"alignnone size-large wp-image-3796\" src=\"https:\/\/phuongnganphat.com\/wp-content\/uploads\/2019\/12\/IMOU-F32-800x800.webp\" sizes=\"auto, (max-width: 800px) 100vw, 800px\" srcset=\"https:\/\/phuongnganphat.com\/wp-content\/uploads\/2019\/12\/IMOU-F32-800x800.webp 800w, https:\/\/phuongnganphat.com\/wp-content\/uploads\/2019\/12\/IMOU-F32-400x400.webp 400w, https:\/\/phuongnganphat.com\/wp-content\/uploads\/2019\/12\/IMOU-F32-280x280.webp 280w, https:\/\/phuongnganphat.com\/wp-content\/uploads\/2019\/12\/IMOU-F32-768x768.webp 768w, https:\/\/phuongnganphat.com\/wp-content\/uploads\/2019\/12\/IMOU-F32-1536x1536.webp 1536w, https:\/\/phuongnganphat.com\/wp-content\/uploads\/2019\/12\/IMOU-F32-24x24.webp 24w, https:\/\/phuongnganphat.com\/wp-content\/uploads\/2019\/12\/IMOU-F32-36x36.webp 36w, https:\/\/phuongnganphat.com\/wp-content\/uploads\/2019\/12\/IMOU-F32-48x48.webp 48w, https:\/\/phuongnganphat.com\/wp-content\/uploads\/2019\/12\/IMOU-F32-300x300.webp 300w, https:\/\/phuongnganphat.com\/wp-content\/uploads\/2019\/12\/IMOU-F32-600x600.webp 600w, https:\/\/phuongnganphat.com\/wp-content\/uploads\/2019\/12\/IMOU-F32-100x100.webp 100w, https:\/\/phuongnganphat.com\/wp-content\/uploads\/2019\/12\/IMOU-F32.webp 2048w\" alt=\"\" width=\"800\" height=\"800\" \/><\/p>\n<p><strong>Camera wifi IMOU F32FEP 3MP<\/strong>\u00a0v\u1edbi \u1ed1ng k\u00ednh g\u00f3c r\u1ed9ng cung c\u1ea5p video 2K r\u00f5 n\u00e9t, ghi \u00e2m, quan s\u00e1t ban \u0111\u00eam l\u00ean \u0111\u1ebfn 20 m\u00e9t.<\/p>\n<p>S\u1ea3n ph\u1ea9m Camera IMOU F32FEP r\u1ea5t th\u00edch h\u1ee3p \u0111\u1ec3 l\u1eafp \u0111\u1eb7t t\u1ea1i nh\u00e0 ri\u00eang, v\u0103n ph\u00f2ng, c\u1ee7a h\u00e0ng, \u2026.<\/p>\n","protected":false},"excerpt":{"rendered":"<div class=\"single_bao-hanh\">B\u1ea3o h\u00e0nh:\u00a0<strong>12 Th\u00e1ng<\/strong><\/div>\n","protected":false},"featured_media":101,"comment_status":"open","ping_status":"closed","template":"","meta":[],"product_brand":[],"product_cat":[20],"product_tag":[],"class_list":{"0":"post-100","1":"product","2":"type-product","3":"status-publish","4":"has-post-thumbnail","6":"product_cat-camera-quan-sat","8":"first","9":"instock","10":"taxable","11":"shipping-taxable","12":"purchasable","13":"product-type-simple"},"_links":{"self":[{"href":"https:\/\/vothaonhu.id.vn\/index.php\/wp-json\/wp\/v2\/product\/100","targetHints":{"allow":["GET"]}}],"collection":[{"href":"https:\/\/vothaonhu.id.vn\/index.php\/wp-json\/wp\/v2\/product"}],"about":[{"href":"https:\/\/vothaonhu.id.vn\/index.php\/wp-json\/wp\/v2\/types\/product"}],"replies":[{"embeddable":true,"href":"https:\/\/vothaonhu.id.vn\/index.php\/wp-json\/wp\/v2\/comments?post=100"}],"wp:featuredmedia":[{"embeddable":true,"href":"https:\/\/vothaonhu.id.vn\/index.php\/wp-json\/wp\/v2\/media\/101"}],"wp:attachment":[{"href":"https:\/\/vothaonhu.id.vn\/index.php\/wp-json\/wp\/v2\/media?parent=100"}],"wp:term":[{"taxonomy":"product_brand","embeddable":true,"href":"https:\/\/vothaonhu.id.vn\/index.php\/wp-json\/wp\/v2\/product_brand?post=100"},{"taxonomy":"product_cat","embeddable":true,"href":"https:\/\/vothaonhu.id.vn\/index.php\/wp-json\/wp\/v2\/product_cat?post=100"},{"taxonomy":"product_tag","embeddable":true,"href":"https:\/\/vothaonhu.id.vn\/index.php\/wp-json\/wp\/v2\/product_tag?post=100"}],"curies":[{"name":"wp","href":"https:\/\/api.w.org\/{rel}","templated":true}]}}